{"id":742,"date":"2024-01-10T21:37:51","date_gmt":"2024-01-10T21:37:51","guid":{"rendered":"https:\/\/centrumdyrehandel.dk\/vare\/daylight-white-led-lights\/"},"modified":"2025-09-01T00:06:35","modified_gmt":"2025-08-31T22:06:35","slug":"daylight-white-led-lights","status":"publish","type":"product","link":"https:\/\/centrumdyrehandel.dk\/?product=daylight-white-led-lights","title":{"rendered":"DAYLIGHT WHITE LED LIGHTS"},"content":{"rendered":"<p>WhitePython\u2122 Daylight White LED-lysene tilbyder en moderne tilgang til belysning af dit krybdyrs terrarium. Ved at udnytte minimal energi giver disse innovative og modul\u00e6re lys en skarp dagslyseffekt, som er velegnet til alle krybdyr.<\/p>\n<p>I mods\u00e6tning til andre belysningssystemer kan Daylight White LED-lysene installeres p\u00e5 f\u00e5 sekunder. Med sin enkle magnetb\u00e5ndsmontering kan du placere lysene i det \u00f8nskede omr\u00e5de uden behov for skruer eller fastg\u00f8relser. Hvad mere er, med dets innovative hj\u00e6lpefittings er der ikke behov for at afkoble stik til at stikke ledningerne gennem bagsiden af terrariet. For at se, hvor enkelt dette system virkelig er, kan du se installationsvideoen ved at klikke her.<\/p>\n<p>Hver led-strimmel kan forl\u00e6nges og udskiftes med andre farver til forskellige lyseffekter. For en mere levende dagfarve kan du kombinere Daylight White med Moonlight Blue. Alternativt kan du kombinere med Nightlight Red for en varmere dagslyseffekt eller Jungle Green for det ultimative regnskovsmilj\u00f8.<\/p>\n<p>Vigtigt: Udsender ikke UVA eller UVB.<\/p>\n<p>Vigtigste fordele ved dagslys hvide LED-lys<br \/>\nEnergieffektiv, kun 3,6 watt pr. strimmel.<br \/>\nHurtig og enkel installation<br \/>\nUltra lang levetid \u2013 50.000 timers lys<br \/>\n10 gange l\u00e6ngere levetid end fluorescerende lys<br \/>\n3 \u00e5rs garanti<br \/>\nDagslys hvide LED-lysspektrum:<br \/>\nFarvetemperatur: 6000-6500K<br \/>\nLumenoutput: 20,5 lm\/W pr. 27 cm Strip Light<br \/>\nMaksimal b\u00f8lgel\u00e6ngde: 447nm<\/p>\n<p><img decoding=\"async\" class=\"alignnone size-medium wp-image-2233\" src=\"https:\/\/centrumdyrehandel.dk\/wp-content\/uploads\/2023\/09\/WhiteLED_Spectrum-300x113.jpg\" alt=\" width=\" height=\"113\" title=\"\"><\/p>\n<div>\n<p>Modeller:<\/p>\n<p>1ft (30 cm) s\u00e6t \u2013 Vejl. pris: \u00a324,99 (MPN: WPY061 \/ Stregkode: 5060309450499)<br \/>\n2 fod (60 cm) s\u00e6t \u2013 Vejl. pris: \u00a331,99 (MPN: WPY016 \/ Stregkode: 5060309450178)<br \/>\n3ft (90 cm) s\u00e6t \u2013 Vejl. pris: \u00a339,99 (MPN: WPY017 \/ Stregkode: 5060309450185)<br \/>\n4ft (120 cm) s\u00e6t \u2013 Vejl. pris: \u2013 \u00a347,99 (MPN: WPY018 \/ Stregkode: 5060309450192)<br \/>\nF\u00e5s ogs\u00e5 i Moonlight Blue, Nightlight Red og Jungle Green.<br \/>\nHvert s\u00e6t indeholder en 18W transformer med stik, ledninger og stik, montering af magnetb\u00e5nd og tilstr\u00e6kkeligt antal LED-lysstrimler.<\/p>\n<p>Dette s\u00e6t kan til enhver tid udvides ved at k\u00f8be separate LED-strips.<\/p>\n<p>LED Metal ClipsLED Metal Clips<br \/>\nF\u00e5s ogs\u00e5, LED Metal Clips for ekstra stivhed. S\u00e6rligt nyttigt, hvis du bruger disse lys med tr\u00e6levende slanger eller st\u00f8rre firben, s\u00e5som sk\u00e6rme eller leguaner. Anbefales ogs\u00e5, hvis den bruges i milj\u00f8er med h\u00f8j luftfugtighed, st\u00f8vede milj\u00f8er eller hvor overflader m\u00e5ske ikke er 100 % flade, s\u00e5som nogle melamintr\u00e6overflader.<br \/>\nF\u00e5s hos alle gode WhitePython-forhandlere.<img decoding=\"async\" class=\"alignnone size-full wp-image-2235\" src=\"https:\/\/centrumdyrehandel.dk\/wp-content\/uploads\/2023\/09\/Metal-Clips1-150x150-1.jpg\" alt=\" width=\" height=\"150\" title=\"\"><\/p>\n<\/div>\n","protected":false},"excerpt":{"rendered":"<p>WhitePython\u2122 Daylight White LED-lysene tilbyder en moderne tilgang til belysning af dit krybdyrs terrarium. Ved at udnytte minimal energi giver disse innovative og modul\u00e6re lys en skarp dagslyseffekt, som er velegnet til alle krybdyr. I mods\u00e6tning til andre belysningssystemer kan Daylight White LED-lysene installeres p\u00e5 f\u00e5 sekunder. Med sin enkle magnetb\u00e5ndsmontering kan du placere lysene [&hellip;]<\/p>\n","protected":false},"featured_media":743,"comment_status":"closed","ping_status":"closed","template":"","meta":{"ocean_post_layout":"","ocean_both_sidebars_style":"","ocean_both_sidebars_content_width":0,"ocean_both_sidebars_sidebars_width":0,"ocean_sidebar":"0","ocean_second_sidebar":"0","ocean_disable_margins":"enable","ocean_add_body_class":"","ocean_shortcode_before_top_bar":"","ocean_shortcode_after_top_bar":"","ocean_shortcode_before_header":"","ocean_shortcode_after_header":"","ocean_has_shortcode":"","ocean_shortcode_after_title":"","ocean_shortcode_before_footer_widgets":"","ocean_shortcode_after_footer_widgets":"","ocean_shortcode_before_footer_bottom":"","ocean_shortcode_after_footer_bottom":"","ocean_display_top_bar":"default","ocean_display_header":"default","ocean_header_style":"","ocean_center_header_left_menu":"0","ocean_custom_header_template":"0","ocean_custom_logo":0,"ocean_custom_retina_logo":0,"ocean_custom_logo_max_width":0,"ocean_custom_logo_tablet_max_width":0,"ocean_custom_logo_mobile_max_width":0,"ocean_custom_logo_max_height":0,"ocean_custom_logo_tablet_max_height":0,"ocean_custom_logo_mobile_max_height":0,"ocean_header_custom_menu":"0","ocean_menu_typo_font_family":"0","ocean_menu_typo_font_subset":"","ocean_menu_typo_font_size":0,"ocean_menu_typo_font_size_tablet":0,"ocean_menu_typo_font_size_mobile":0,"ocean_menu_typo_font_size_unit":"px","ocean_menu_typo_font_weight":"","ocean_menu_typo_font_weight_tablet":"","ocean_menu_typo_font_weight_mobile":"","ocean_menu_typo_transform":"","ocean_menu_typo_transform_tablet":"","ocean_menu_typo_transform_mobile":"","ocean_menu_typo_line_height":0,"ocean_menu_typo_line_height_tablet":0,"ocean_menu_typo_line_height_mobile":0,"ocean_menu_typo_line_height_unit":"","ocean_menu_typo_spacing":0,"ocean_menu_typo_spacing_tablet":0,"ocean_menu_typo_spacing_mobile":0,"ocean_menu_typo_spacing_unit":"","ocean_menu_link_color":"","ocean_menu_link_color_hover":"","ocean_menu_link_color_active":"","ocean_menu_link_background":"","ocean_menu_link_hover_background":"","ocean_menu_link_active_background":"","ocean_menu_social_links_bg":"","ocean_menu_social_hover_links_bg":"","ocean_menu_social_links_color":"","ocean_menu_social_hover_links_color":"","ocean_disable_title":"default","ocean_disable_heading":"default","ocean_post_title":"","ocean_post_subheading":"","ocean_post_title_style":"","ocean_post_title_background_color":"","ocean_post_title_background":0,"ocean_post_title_bg_image_position":"","ocean_post_title_bg_image_attachment":"","ocean_post_title_bg_image_repeat":"","ocean_post_title_bg_image_size":"","ocean_post_title_height":0,"ocean_post_title_bg_overlay":0.5,"ocean_post_title_bg_overlay_color":"","ocean_disable_breadcrumbs":"default","ocean_breadcrumbs_color":"","ocean_breadcrumbs_separator_color":"","ocean_breadcrumbs_links_color":"","ocean_breadcrumbs_links_hover_color":"","ocean_display_footer_widgets":"default","ocean_display_footer_bottom":"default","ocean_custom_footer_template":"0"},"product_brand":[],"product_cat":[217,91,329,92],"product_tag":[330,107],"class_list":{"0":"post-742","1":"product","2":"type-product","3":"status-publish","4":"has-post-thumbnail","6":"product_cat-belysning","7":"product_cat-krybdyr","8":"product_cat-led","9":"product_cat-terrarieteknik","10":"product_tag-belysning","11":"product_tag-led-belysning","13":"entry","14":"has-media","16":"first","17":"instock","18":"featured","19":"taxable","20":"shipping-taxable","21":"purchasable","22":"product-type-simple","23":"has-product-nav","24":"col","25":"span_1_of_3","26":"owp-content-center","27":"owp-thumbs-layout-horizontal","28":"owp-btn-normal","29":"owp-tabs-layout-horizontal","31":"circle-sale"},"supplier_id":null,"supplier_sku":"RT45018","barcode":null,"atum_controlled":true,"out_stock_date":null,"out_stock_threshold":null,"inheritable":false,"inbound_stock":0,"stock_on_hold":0,"sold_today":0,"sales_last_days":0,"reserved_stock":0,"customer_returns":0,"warehouse_damage":0,"lost_in_post":0,"other_logs":0,"out_stock_days":0,"lost_sales":0,"has_location":true,"update_date":"2026-05-14T05:39:24","atum_locations":[{"id":758,"name":"Reptil 1","slug":"reptil-1-aegbakker"}],"atum_stock_status":"instock","restock_status":false,"low_stock_amount":"","sales_update_date":"2026-05-14T05:39:24","calc_backorders":0,"_links":{"self":[{"href":"https:\/\/centrumdyrehandel.dk\/index.php?rest_route=\/wp\/v2\/product\/742","targetHints":{"allow":["GET"]}}],"collection":[{"href":"https:\/\/centrumdyrehandel.dk\/index.php?rest_route=\/wp\/v2\/product"}],"about":[{"href":"https:\/\/centrumdyrehandel.dk\/index.php?rest_route=\/wp\/v2\/types\/product"}],"replies":[{"embeddable":true,"href":"https:\/\/centrumdyrehandel.dk\/index.php?rest_route=%2Fwp%2Fv2%2Fcomments&post=742"}],"wp:featuredmedia":[{"embeddable":true,"href":"https:\/\/centrumdyrehandel.dk\/index.php?rest_route=\/wp\/v2\/media\/743"}],"wp:attachment":[{"href":"https:\/\/centrumdyrehandel.dk\/index.php?rest_route=%2Fwp%2Fv2%2Fmedia&parent=742"}],"wp:term":[{"taxonomy":"product_brand","embeddable":true,"href":"https:\/\/centrumdyrehandel.dk\/index.php?rest_route=%2Fwp%2Fv2%2Fproduct_brand&post=742"},{"taxonomy":"product_cat","embeddable":true,"href":"https:\/\/centrumdyrehandel.dk\/index.php?rest_route=%2Fwp%2Fv2%2Fproduct_cat&post=742"},{"taxonomy":"product_tag","embeddable":true,"href":"https:\/\/centrumdyrehandel.dk\/index.php?rest_route=%2Fwp%2Fv2%2Fproduct_tag&post=742"}],"curies":[{"name":"wp","href":"https:\/\/api.w.org\/{rel}","templated":true}]}}