{"id":666,"date":"2024-01-10T21:37:26","date_gmt":"2024-01-10T21:37:26","guid":{"rendered":"https:\/\/centrumdyrehandel.dk\/vare\/woolf-soft-cubes-beef-100g\/"},"modified":"2024-07-10T04:37:19","modified_gmt":"2024-07-10T04:37:19","slug":"woolf-soft-cubes-beef-100g","status":"publish","type":"product","link":"https:\/\/centrumdyrehandel.dk\/?product=woolf-soft-cubes-beef-100g","title":{"rendered":"WOOLF SOFT CUBES BEEF, 100G"},"content":{"rendered":"<p>Woolf Soft Cubes er en bl\u00f8d og smagfuld godbid velegnet til tr\u00e6ning, bel\u00f8nning, til store til sm\u00e5 og til hvalpe.<\/p>\n<ul>\n<li>Kornfrie<\/li>\n<li>Glutenfrie<\/li>\n<li>Friske lokale r\u00e5varer<\/li>\n<li>Slow-cooked (behandlet ved lave temperaturer)<\/li>\n<li>Koldpresset<\/li>\n<li>Produceret i Spanien<\/li>\n<li>Mange sp\u00e6ndende varianter<\/li>\n<\/ul>\n<p>Woolf Soft Cubes Beef er sammensat af:<\/p>\n<p>Frisk oksek\u00f8d (85%), hydrolyseret stivelse, vegetabilsk glycerin, naturlige antioxidanter<\/p>\n<p>Analyse: r\u00e5protein 28%, r\u00e5fedt 10%, r\u00e5fibre 1%, r\u00e5aske 7%, vand 28%<\/p>\n","protected":false},"excerpt":{"rendered":"<p>Woolf Soft Cubes er en bl\u00f8d og smagfuld godbid velegnet til tr\u00e6ning, bel\u00f8nning, til store til sm\u00e5 og til hvalpe. Kornfrie Glutenfrie Friske lokale r\u00e5varer Slow-cooked (behandlet ved lave temperaturer) Koldpresset Produceret i Spanien Mange sp\u00e6ndende varianter Woolf Soft Cubes Beef er sammensat af: Frisk oksek\u00f8d (85%), hydrolyseret stivelse, vegetabilsk glycerin, naturlige antioxidanter Analyse: r\u00e5protein [&hellip;]<\/p>\n","protected":false},"featured_media":667,"comment_status":"closed","ping_status":"closed","template":"","meta":{"ocean_post_layout":"","ocean_both_sidebars_style":"","ocean_both_sidebars_content_width":0,"ocean_both_sidebars_sidebars_width":0,"ocean_sidebar":"0","ocean_second_sidebar":"0","ocean_disable_margins":"enable","ocean_add_body_class":"","ocean_shortcode_before_top_bar":"","ocean_shortcode_after_top_bar":"","ocean_shortcode_before_header":"","ocean_shortcode_after_header":"","ocean_has_shortcode":"","ocean_shortcode_after_title":"","ocean_shortcode_before_footer_widgets":"","ocean_shortcode_after_footer_widgets":"","ocean_shortcode_before_footer_bottom":"","ocean_shortcode_after_footer_bottom":"","ocean_display_top_bar":"default","ocean_display_header":"default","ocean_header_style":"","ocean_center_header_left_menu":"0","ocean_custom_header_template":"0","ocean_custom_logo":0,"ocean_custom_retina_logo":0,"ocean_custom_logo_max_width":0,"ocean_custom_logo_tablet_max_width":0,"ocean_custom_logo_mobile_max_width":0,"ocean_custom_logo_max_height":0,"ocean_custom_logo_tablet_max_height":0,"ocean_custom_logo_mobile_max_height":0,"ocean_header_custom_menu":"0","ocean_menu_typo_font_family":"0","ocean_menu_typo_font_subset":"","ocean_menu_typo_font_size":0,"ocean_menu_typo_font_size_tablet":0,"ocean_menu_typo_font_size_mobile":0,"ocean_menu_typo_font_size_unit":"px","ocean_menu_typo_font_weight":"","ocean_menu_typo_font_weight_tablet":"","ocean_menu_typo_font_weight_mobile":"","ocean_menu_typo_transform":"","ocean_menu_typo_transform_tablet":"","ocean_menu_typo_transform_mobile":"","ocean_menu_typo_line_height":0,"ocean_menu_typo_line_height_tablet":0,"ocean_menu_typo_line_height_mobile":0,"ocean_menu_typo_line_height_unit":"","ocean_menu_typo_spacing":0,"ocean_menu_typo_spacing_tablet":0,"ocean_menu_typo_spacing_mobile":0,"ocean_menu_typo_spacing_unit":"","ocean_menu_link_color":"","ocean_menu_link_color_hover":"","ocean_menu_link_color_active":"","ocean_menu_link_background":"","ocean_menu_link_hover_background":"","ocean_menu_link_active_background":"","ocean_menu_social_links_bg":"","ocean_menu_social_hover_links_bg":"","ocean_menu_social_links_color":"","ocean_menu_social_hover_links_color":"","ocean_disable_title":"default","ocean_disable_heading":"default","ocean_post_title":"","ocean_post_subheading":"","ocean_post_title_style":"","ocean_post_title_background_color":"","ocean_post_title_background":0,"ocean_post_title_bg_image_position":"","ocean_post_title_bg_image_attachment":"","ocean_post_title_bg_image_repeat":"","ocean_post_title_bg_image_size":"","ocean_post_title_height":0,"ocean_post_title_bg_overlay":0.5,"ocean_post_title_bg_overlay_color":"","ocean_disable_breadcrumbs":"default","ocean_breadcrumbs_color":"","ocean_breadcrumbs_separator_color":"","ocean_breadcrumbs_links_color":"","ocean_breadcrumbs_links_hover_color":"","ocean_display_footer_widgets":"default","ocean_display_footer_bottom":"default","ocean_custom_footer_template":"0"},"product_brand":[],"product_cat":[36,17,16],"product_tag":[233,237,260,38],"class_list":{"0":"post-666","1":"product","2":"type-product","3":"status-publish","4":"has-post-thumbnail","6":"product_cat-andre","7":"product_cat-godbidder","8":"product_cat-hund","9":"product_tag-bloede","10":"product_tag-godbidder","11":"product_tag-soft-cubes","12":"product_tag-woolf","14":"entry","15":"has-media","17":"first","18":"onbackorder","19":"featured","20":"taxable","21":"shipping-taxable","22":"purchasable","23":"product-type-simple","24":"has-product-nav","25":"col","26":"span_1_of_3","27":"owp-content-center","28":"owp-thumbs-layout-horizontal","29":"owp-btn-normal","30":"owp-tabs-layout-horizontal","31":"has-no-thumbnails","33":"circle-sale"},"supplier_id":1623,"supplier_sku":"5004","barcode":null,"atum_controlled":true,"out_stock_date":"2024-07-10 04:36:14","out_stock_threshold":null,"inheritable":false,"inbound_stock":0,"stock_on_hold":0,"sold_today":0,"sales_last_days":0,"reserved_stock":0,"customer_returns":0,"warehouse_damage":0,"lost_in_post":0,"other_logs":0,"out_stock_days":674,"lost_sales":0,"has_location":false,"update_date":"2026-05-15T05:41:18","atum_locations":[],"atum_stock_status":"onbackorder","restock_status":false,"low_stock_amount":"","sales_update_date":"2026-05-15T05:41:18","calc_backorders":0,"_links":{"self":[{"href":"https:\/\/centrumdyrehandel.dk\/index.php?rest_route=\/wp\/v2\/product\/666","targetHints":{"allow":["GET"]}}],"collection":[{"href":"https:\/\/centrumdyrehandel.dk\/index.php?rest_route=\/wp\/v2\/product"}],"about":[{"href":"https:\/\/centrumdyrehandel.dk\/index.php?rest_route=\/wp\/v2\/types\/product"}],"replies":[{"embeddable":true,"href":"https:\/\/centrumdyrehandel.dk\/index.php?rest_route=%2Fwp%2Fv2%2Fcomments&post=666"}],"wp:featuredmedia":[{"embeddable":true,"href":"https:\/\/centrumdyrehandel.dk\/index.php?rest_route=\/wp\/v2\/media\/667"}],"wp:attachment":[{"href":"https:\/\/centrumdyrehandel.dk\/index.php?rest_route=%2Fwp%2Fv2%2Fmedia&parent=666"}],"wp:term":[{"taxonomy":"product_brand","embeddable":true,"href":"https:\/\/centrumdyrehandel.dk\/index.php?rest_route=%2Fwp%2Fv2%2Fproduct_brand&post=666"},{"taxonomy":"product_cat","embeddable":true,"href":"https:\/\/centrumdyrehandel.dk\/index.php?rest_route=%2Fwp%2Fv2%2Fproduct_cat&post=666"},{"taxonomy":"product_tag","embeddable":true,"href":"https:\/\/centrumdyrehandel.dk\/index.php?rest_route=%2Fwp%2Fv2%2Fproduct_tag&post=666"}],"curies":[{"name":"wp","href":"https:\/\/api.w.org\/{rel}","templated":true}]}}