{"id":537,"date":"2024-01-10T21:36:53","date_gmt":"2024-01-10T21:36:53","guid":{"rendered":"https:\/\/centrumdyrehandel.dk\/vare\/gecko-nutrition-banan-figen-50-g\/"},"modified":"2024-11-25T11:50:41","modified_gmt":"2024-11-25T10:50:41","slug":"gecko-nutrition-banan-figen-50-g","status":"publish","type":"product","link":"https:\/\/centrumdyrehandel.dk\/?product=gecko-nutrition-banan-figen-50-g","title":{"rendered":"Gecko Nutrition Banan\/Figen 50 g."},"content":{"rendered":"","protected":false},"excerpt":{"rendered":"<p>Super kvalitetsfoder fra Gecko Nutrition (Tysk produceret)<br \/>\nFrugtmos pulver med insekter i (Soldaterflue larver, f\u00e5rekyllinger, buffaloorme)<br \/>\nEr spcielt velegnet til kronegekkoer, men alle frugtspisende gekkoer vil den v\u00e6re god til.<br \/>\nHar et h\u00f8jt protein indhold, grundet det store indhold af insekter.<\/p>\n<p>1 del pulver blandes med 2 dele vand, og er der efter klar til servering.<br \/>\nOpr\u00f8rt foder kan holde sig flere dage i k\u00f8leskabet<\/p>\n<p><strong>Indeholder:<\/strong><br \/>\nBanan, figen, insekter (sort soldat flue larver, f\u00e5rekyllinger, buffalo orme), valle proteinisolat, micellar kasein, dato, \u00e6rteprotein, fuldkornsris, monocalciumphosphat, kokos, calciumcarbonat, pollen, bi honning, gulerod, r\u00f8dbeder, magnesiumoxid, calcium citrat, hibiscus blomster, gurkemeje rod, brune alger, for\u00e5rsstivelse, spirulina, smag<\/p>\n<div>\n<p>Ern\u00e6ringsm\u00e6ssige tils\u00e6tningsstoffer<\/p>\n<p>pr. kg: mangan som glycinmanganlat, hydrat (3b506) 20 mg, vitamin A (3a672a) 12.000 IE D3-vitamin (3a671) 1.600 I.E., vitamin B1 (3a821) 490 mg, vitamin B2 (3a826) 160 mg, vitamin B6 som pyridoxinhydrochlorid (3a831) 42 mg, vitamin B12 som cyanocobalamin 2.600 mcg, niacinamid (3a315) 5 mg, calcium D-pantothenat (3a841) 1,25 mg, folinsyre (3a316) 0,3 mg, jern, som jern (II)<br \/>\nglycin chelat, hydrat (3b10 8) 50 mg, selen som natriumselenit (3b801) 0,16 mg Teknologiske tils\u00e6tningsstoffer pr. kg: kaliumsorbat (E 202) 15.000 mg xanthangummi (E 415) 10.000 mg<\/p>\n<\/div>\n<div class=\"content--title\">Analytiske bestanddele<\/div>\n<div class=\"content--title\"><\/div>\n<div class=\"content--title\">\n<div class=\"content--title\"><\/div>\n<div>R\u00e5protein 25%, r\u00e5 aske 9%, r\u00e5fedt 5%, r\u00e5fibre 3%, calcium 2,2%, fosfor 1,1%<\/div>\n<\/div>\n","protected":false},"featured_media":538,"comment_status":"closed","ping_status":"closed","template":"","meta":{"ocean_post_layout":"","ocean_both_sidebars_style":"","ocean_both_sidebars_content_width":0,"ocean_both_sidebars_sidebars_width":0,"ocean_sidebar":"0","ocean_second_sidebar":"0","ocean_disable_margins":"enable","ocean_add_body_class":"","ocean_shortcode_before_top_bar":"","ocean_shortcode_after_top_bar":"","ocean_shortcode_before_header":"","ocean_shortcode_after_header":"","ocean_has_shortcode":"","ocean_shortcode_after_title":"","ocean_shortcode_before_footer_widgets":"","ocean_shortcode_after_footer_widgets":"","ocean_shortcode_before_footer_bottom":"","ocean_shortcode_after_footer_bottom":"","ocean_display_top_bar":"default","ocean_display_header":"default","ocean_header_style":"","ocean_center_header_left_menu":"0","ocean_custom_header_template":"0","ocean_custom_logo":0,"ocean_custom_retina_logo":0,"ocean_custom_logo_max_width":0,"ocean_custom_logo_tablet_max_width":0,"ocean_custom_logo_mobile_max_width":0,"ocean_custom_logo_max_height":0,"ocean_custom_logo_tablet_max_height":0,"ocean_custom_logo_mobile_max_height":0,"ocean_header_custom_menu":"0","ocean_menu_typo_font_family":"0","ocean_menu_typo_font_subset":"","ocean_menu_typo_font_size":0,"ocean_menu_typo_font_size_tablet":0,"ocean_menu_typo_font_size_mobile":0,"ocean_menu_typo_font_size_unit":"px","ocean_menu_typo_font_weight":"","ocean_menu_typo_font_weight_tablet":"","ocean_menu_typo_font_weight_mobile":"","ocean_menu_typo_transform":"","ocean_menu_typo_transform_tablet":"","ocean_menu_typo_transform_mobile":"","ocean_menu_typo_line_height":0,"ocean_menu_typo_line_height_tablet":0,"ocean_menu_typo_line_height_mobile":0,"ocean_menu_typo_line_height_unit":"","ocean_menu_typo_spacing":0,"ocean_menu_typo_spacing_tablet":0,"ocean_menu_typo_spacing_mobile":0,"ocean_menu_typo_spacing_unit":"","ocean_menu_link_color":"","ocean_menu_link_color_hover":"","ocean_menu_link_color_active":"","ocean_menu_link_background":"","ocean_menu_link_hover_background":"","ocean_menu_link_active_background":"","ocean_menu_social_links_bg":"","ocean_menu_social_hover_links_bg":"","ocean_menu_social_links_color":"","ocean_menu_social_hover_links_color":"","ocean_disable_title":"default","ocean_disable_heading":"default","ocean_post_title":"","ocean_post_subheading":"","ocean_post_title_style":"","ocean_post_title_background_color":"","ocean_post_title_background":0,"ocean_post_title_bg_image_position":"","ocean_post_title_bg_image_attachment":"","ocean_post_title_bg_image_repeat":"","ocean_post_title_bg_image_size":"","ocean_post_title_height":0,"ocean_post_title_bg_overlay":0.5,"ocean_post_title_bg_overlay_color":"","ocean_disable_breadcrumbs":"default","ocean_breadcrumbs_color":"","ocean_breadcrumbs_separator_color":"","ocean_breadcrumbs_links_color":"","ocean_breadcrumbs_links_hover_color":"","ocean_display_footer_widgets":"default","ocean_display_footer_bottom":"default","ocean_custom_footer_template":"0"},"product_brand":[],"product_cat":[91,203],"product_tag":[558,561],"class_list":{"0":"post-537","1":"product","2":"type-product","3":"status-publish","4":"has-post-thumbnail","6":"product_cat-krybdyr","7":"product_cat-krybdyrfoder-og-fodertiskud","8":"product_tag-gecko-nutrition","9":"product_tag-gecko-nutrition-banan-abrikos","10":"pa_vaegt-100-gram","11":"pa_vaegt-2-kg","12":"pa_vaegt-250-gram","13":"pa_vaegt-50-gram","14":"pa_vaegt-500-gram","16":"entry","17":"has-media","19":"first","20":"onbackorder","21":"featured","22":"taxable","23":"shipping-taxable","24":"purchasable","25":"product-type-variable","26":"has-default-attributes","27":"has-product-nav","28":"col","29":"span_1_of_3","30":"owp-content-center","31":"owp-thumbs-layout-horizontal","32":"owp-btn-normal","33":"owp-tabs-layout-horizontal","35":"circle-sale"},"supplier_id":null,"supplier_sku":"","barcode":null,"atum_controlled":true,"out_stock_date":null,"out_stock_threshold":null,"inheritable":true,"inbound_stock":0,"stock_on_hold":0,"sold_today":0,"sales_last_days":0,"reserved_stock":0,"customer_returns":0,"warehouse_damage":0,"lost_in_post":0,"other_logs":0,"out_stock_days":0,"lost_sales":0,"has_location":false,"update_date":"2026-05-14T05:39:23","atum_locations":[],"atum_stock_status":"onbackorder","restock_status":false,"low_stock_amount":"","sales_update_date":"2026-05-14T05:39:23","calc_backorders":0,"_links":{"self":[{"href":"https:\/\/centrumdyrehandel.dk\/index.php?rest_route=\/wp\/v2\/product\/537","targetHints":{"allow":["GET"]}}],"collection":[{"href":"https:\/\/centrumdyrehandel.dk\/index.php?rest_route=\/wp\/v2\/product"}],"about":[{"href":"https:\/\/centrumdyrehandel.dk\/index.php?rest_route=\/wp\/v2\/types\/product"}],"replies":[{"embeddable":true,"href":"https:\/\/centrumdyrehandel.dk\/index.php?rest_route=%2Fwp%2Fv2%2Fcomments&post=537"}],"wp:featuredmedia":[{"embeddable":true,"href":"https:\/\/centrumdyrehandel.dk\/index.php?rest_route=\/wp\/v2\/media\/538"}],"wp:attachment":[{"href":"https:\/\/centrumdyrehandel.dk\/index.php?rest_route=%2Fwp%2Fv2%2Fmedia&parent=537"}],"wp:term":[{"taxonomy":"product_brand","embeddable":true,"href":"https:\/\/centrumdyrehandel.dk\/index.php?rest_route=%2Fwp%2Fv2%2Fproduct_brand&post=537"},{"taxonomy":"product_cat","embeddable":true,"href":"https:\/\/centrumdyrehandel.dk\/index.php?rest_route=%2Fwp%2Fv2%2Fproduct_cat&post=537"},{"taxonomy":"product_tag","embeddable":true,"href":"https:\/\/centrumdyrehandel.dk\/index.php?rest_route=%2Fwp%2Fv2%2Fproduct_tag&post=537"}],"curies":[{"name":"wp","href":"https:\/\/api.w.org\/{rel}","templated":true}]}}