{"id":3711,"date":"2025-09-22T14:33:03","date_gmt":"2025-09-22T12:33:03","guid":{"rendered":"https:\/\/centrumdyrehandel.dk\/?post_type=product&#038;p=3711"},"modified":"2025-09-22T14:35:23","modified_gmt":"2025-09-22T12:35:23","slug":"bestillingsvare-cubanske-baenkebidere-orange","status":"publish","type":"product","link":"https:\/\/centrumdyrehandel.dk\/?product=bestillingsvare-cubanske-baenkebidere-orange","title":{"rendered":"Bestillingsvare \u2013 Cubanske b\u00e6nkebidere &#8220;Orange&#8221;"},"content":{"rendered":"<p>Cubanske b\u00e6nkebidere er gode b\u00e5de som foderdyr, og som skraldem\u00e6nd i det bioaktive terrarium.<br \/>\nDe spiser alt fra foderrester til aff\u00f8ring fra krybdyr, og holder p\u00e5 den m\u00e5de terrariet rent.<br \/>\nDe trives bedst i terrarier med middel til h\u00f8j luftfugtighed, og gerne 24-28 grader.<br \/>\nCubanske b\u00e6nkebidere bliver kun lidt over en cm i st\u00f8rrelse.<\/p>\n<p>De kommer i en b\u00f8tte, hvor antallet varierer, alt efter st\u00f8rrelsen p\u00e5 dem. Forvent 15-20 stykker hvis det alle er voksne, og flere, hvis det er blandet st\u00f8rrelse)<\/p>\n","protected":false},"excerpt":{"rendered":"<p><strong>Dansk Navn: <\/strong>Cubanske b\u00e6nkebidere &#8220;Orange&#8221;<br \/>\n<strong>Latinsk Navn:\u00a0 Porcellionides pruinosus<br \/>\nProduktionsland:<br \/>\nSt\u00f8rrelse:<br \/>\nIndhold:<br \/>\n<span style=\"color: #ff0000;\">Bestillingsvar:<\/span><\/strong>\u00a0<strong>Bestilling senest onsdag kl 21:00<br \/>\n<span style=\"color: #ff0000;\">Afsendelse:\u00a0\u00a0<\/span>\u00a0 \u00a0\u00a0Tirsdag eller Onsdag kommende uge.<br \/>\n<em>Ved helligdage, kan der v\u00e6re \u00e6ndringer.<\/em><\/strong><\/p>\n","protected":false},"featured_media":3712,"comment_status":"open","ping_status":"closed","template":"","meta":{"ocean_post_layout":"","ocean_both_sidebars_style":"","ocean_both_sidebars_content_width":0,"ocean_both_sidebars_sidebars_width":0,"ocean_sidebar":"0","ocean_second_sidebar":"0","ocean_disable_margins":"enable","ocean_add_body_class":"","ocean_shortcode_before_top_bar":"","ocean_shortcode_after_top_bar":"","ocean_shortcode_before_header":"","ocean_shortcode_after_header":"","ocean_has_shortcode":"","ocean_shortcode_after_title":"","ocean_shortcode_before_footer_widgets":"","ocean_shortcode_after_footer_widgets":"","ocean_shortcode_before_footer_bottom":"","ocean_shortcode_after_footer_bottom":"","ocean_display_top_bar":"default","ocean_display_header":"default","ocean_header_style":"","ocean_center_header_left_menu":"0","ocean_custom_header_template":"0","ocean_custom_logo":0,"ocean_custom_retina_logo":0,"ocean_custom_logo_max_width":0,"ocean_custom_logo_tablet_max_width":0,"ocean_custom_logo_mobile_max_width":0,"ocean_custom_logo_max_height":0,"ocean_custom_logo_tablet_max_height":0,"ocean_custom_logo_mobile_max_height":0,"ocean_header_custom_menu":"0","ocean_menu_typo_font_family":"0","ocean_menu_typo_font_subset":"","ocean_menu_typo_font_size":0,"ocean_menu_typo_font_size_tablet":0,"ocean_menu_typo_font_size_mobile":0,"ocean_menu_typo_font_size_unit":"px","ocean_menu_typo_font_weight":"","ocean_menu_typo_font_weight_tablet":"","ocean_menu_typo_font_weight_mobile":"","ocean_menu_typo_transform":"","ocean_menu_typo_transform_tablet":"","ocean_menu_typo_transform_mobile":"","ocean_menu_typo_line_height":0,"ocean_menu_typo_line_height_tablet":0,"ocean_menu_typo_line_height_mobile":0,"ocean_menu_typo_line_height_unit":"","ocean_menu_typo_spacing":0,"ocean_menu_typo_spacing_tablet":0,"ocean_menu_typo_spacing_mobile":0,"ocean_menu_typo_spacing_unit":"","ocean_menu_link_color":"","ocean_menu_link_color_hover":"","ocean_menu_link_color_active":"","ocean_menu_link_background":"","ocean_menu_link_hover_background":"","ocean_menu_link_active_background":"","ocean_menu_social_links_bg":"","ocean_menu_social_hover_links_bg":"","ocean_menu_social_links_color":"","ocean_menu_social_hover_links_color":"","ocean_disable_title":"default","ocean_disable_heading":"default","ocean_post_title":"","ocean_post_subheading":"","ocean_post_title_style":"","ocean_post_title_background_color":"","ocean_post_title_background":0,"ocean_post_title_bg_image_position":"","ocean_post_title_bg_image_attachment":"","ocean_post_title_bg_image_repeat":"","ocean_post_title_bg_image_size":"","ocean_post_title_height":0,"ocean_post_title_bg_overlay":0.5,"ocean_post_title_bg_overlay_color":"","ocean_disable_breadcrumbs":"default","ocean_breadcrumbs_color":"","ocean_breadcrumbs_separator_color":"","ocean_breadcrumbs_links_color":"","ocean_breadcrumbs_links_hover_color":"","ocean_display_footer_widgets":"default","ocean_display_footer_bottom":"default","ocean_custom_footer_template":"0"},"product_brand":[],"product_cat":[148,91,115],"product_tag":[673,95,674,290],"class_list":{"0":"post-3711","1":"product","2":"type-product","3":"status-publish","4":"has-post-thumbnail","6":"product_cat-baenkebider","7":"product_cat-krybdyr","8":"product_cat-levende-insekter","9":"product_tag-cubanske-baenkebidere","10":"product_tag-krybdyr","11":"product_tag-porcellionides-pruinosus","12":"product_tag-reptiles","14":"entry","15":"has-media","17":"first","18":"onbackorder","19":"taxable","20":"shipping-taxable","21":"purchasable","22":"product-type-simple","23":"has-product-nav","24":"col","25":"span_1_of_3","26":"owp-content-center","27":"owp-thumbs-layout-horizontal","28":"owp-btn-normal","29":"owp-tabs-layout-horizontal","30":"has-no-thumbnails","32":"circle-sale"},"supplier_id":1495,"supplier_sku":"","barcode":null,"atum_controlled":true,"out_stock_date":"2025-09-22 14:33:03","out_stock_threshold":null,"inheritable":false,"inbound_stock":null,"stock_on_hold":0,"sold_today":0,"sales_last_days":0,"reserved_stock":null,"customer_returns":null,"warehouse_damage":null,"lost_in_post":null,"other_logs":null,"out_stock_days":233,"lost_sales":0,"has_location":false,"update_date":"2026-05-14T05:39:34","atum_locations":[],"atum_stock_status":"onbackorder","restock_status":false,"low_stock_amount":"","sales_update_date":"2026-05-14T05:39:34","calc_backorders":0,"_links":{"self":[{"href":"https:\/\/centrumdyrehandel.dk\/index.php?rest_route=\/wp\/v2\/product\/3711","targetHints":{"allow":["GET"]}}],"collection":[{"href":"https:\/\/centrumdyrehandel.dk\/index.php?rest_route=\/wp\/v2\/product"}],"about":[{"href":"https:\/\/centrumdyrehandel.dk\/index.php?rest_route=\/wp\/v2\/types\/product"}],"replies":[{"embeddable":true,"href":"https:\/\/centrumdyrehandel.dk\/index.php?rest_route=%2Fwp%2Fv2%2Fcomments&post=3711"}],"wp:featuredmedia":[{"embeddable":true,"href":"https:\/\/centrumdyrehandel.dk\/index.php?rest_route=\/wp\/v2\/media\/3712"}],"wp:attachment":[{"href":"https:\/\/centrumdyrehandel.dk\/index.php?rest_route=%2Fwp%2Fv2%2Fmedia&parent=3711"}],"wp:term":[{"taxonomy":"product_brand","embeddable":true,"href":"https:\/\/centrumdyrehandel.dk\/index.php?rest_route=%2Fwp%2Fv2%2Fproduct_brand&post=3711"},{"taxonomy":"product_cat","embeddable":true,"href":"https:\/\/centrumdyrehandel.dk\/index.php?rest_route=%2Fwp%2Fv2%2Fproduct_cat&post=3711"},{"taxonomy":"product_tag","embeddable":true,"href":"https:\/\/centrumdyrehandel.dk\/index.php?rest_route=%2Fwp%2Fv2%2Fproduct_tag&post=3711"}],"curies":[{"name":"wp","href":"https:\/\/api.w.org\/{rel}","templated":true}]}}