{"id":316,"date":"2024-01-10T21:34:43","date_gmt":"2024-01-10T21:34:43","guid":{"rendered":"https:\/\/centrumdyrehandel.dk\/vare\/woolf-big-bone-of-duck-with-carrot-100g\/"},"modified":"2024-07-10T04:51:15","modified_gmt":"2024-07-10T04:51:15","slug":"woolf-big-bone-of-duck-with-carrot-100g","status":"publish","type":"product","link":"https:\/\/centrumdyrehandel.dk\/?product=woolf-big-bone-of-duck-with-carrot-100g","title":{"rendered":"WOOLF BIG BONE OF DUCK WITH CARROT 100G"},"content":{"rendered":"<p>Woolf Big Bone of Duck with Carrot er uden kunstige tils\u00e6tningsstoffer, konserveringsstoffer eller farvestoffer.<\/p>\n<p>Sammens\u00e6tning: and 85%, gulerod 5%, mineraler, stivelse og glycerin<br \/>\nAnalyse: r\u00e5protein 35%, r\u00e5fedt 4%, r\u00e5fibre 1%, r\u00e5aske 6%, vand 22%<\/p>\n","protected":false},"excerpt":{"rendered":"<p>Woolf Big Bone of Duck with Carrot er uden kunstige tils\u00e6tningsstoffer, konserveringsstoffer eller farvestoffer. Sammens\u00e6tning: and 85%, gulerod 5%, mineraler, stivelse og glycerin Analyse: r\u00e5protein 35%, r\u00e5fedt 4%, r\u00e5fibre 1%, r\u00e5aske 6%, vand 22%<\/p>\n","protected":false},"featured_media":317,"comment_status":"closed","ping_status":"closed","template":"","meta":{"ocean_post_layout":"","ocean_both_sidebars_style":"","ocean_both_sidebars_content_width":0,"ocean_both_sidebars_sidebars_width":0,"ocean_sidebar":"0","ocean_second_sidebar":"0","ocean_disable_margins":"enable","ocean_add_body_class":"","ocean_shortcode_before_top_bar":"","ocean_shortcode_after_top_bar":"","ocean_shortcode_before_header":"","ocean_shortcode_after_header":"","ocean_has_shortcode":"","ocean_shortcode_after_title":"","ocean_shortcode_before_footer_widgets":"","ocean_shortcode_after_footer_widgets":"","ocean_shortcode_before_footer_bottom":"","ocean_shortcode_after_footer_bottom":"","ocean_display_top_bar":"default","ocean_display_header":"default","ocean_header_style":"","ocean_center_header_left_menu":"0","ocean_custom_header_template":"0","ocean_custom_logo":0,"ocean_custom_retina_logo":0,"ocean_custom_logo_max_width":0,"ocean_custom_logo_tablet_max_width":0,"ocean_custom_logo_mobile_max_width":0,"ocean_custom_logo_max_height":0,"ocean_custom_logo_tablet_max_height":0,"ocean_custom_logo_mobile_max_height":0,"ocean_header_custom_menu":"0","ocean_menu_typo_font_family":"0","ocean_menu_typo_font_subset":"","ocean_menu_typo_font_size":0,"ocean_menu_typo_font_size_tablet":0,"ocean_menu_typo_font_size_mobile":0,"ocean_menu_typo_font_size_unit":"px","ocean_menu_typo_font_weight":"","ocean_menu_typo_font_weight_tablet":"","ocean_menu_typo_font_weight_mobile":"","ocean_menu_typo_transform":"","ocean_menu_typo_transform_tablet":"","ocean_menu_typo_transform_mobile":"","ocean_menu_typo_line_height":0,"ocean_menu_typo_line_height_tablet":0,"ocean_menu_typo_line_height_mobile":0,"ocean_menu_typo_line_height_unit":"","ocean_menu_typo_spacing":0,"ocean_menu_typo_spacing_tablet":0,"ocean_menu_typo_spacing_mobile":0,"ocean_menu_typo_spacing_unit":"","ocean_menu_link_color":"","ocean_menu_link_color_hover":"","ocean_menu_link_color_active":"","ocean_menu_link_background":"","ocean_menu_link_hover_background":"","ocean_menu_link_active_background":"","ocean_menu_social_links_bg":"","ocean_menu_social_hover_links_bg":"","ocean_menu_social_links_color":"","ocean_menu_social_hover_links_color":"","ocean_disable_title":"default","ocean_disable_heading":"default","ocean_post_title":"","ocean_post_subheading":"","ocean_post_title_style":"","ocean_post_title_background_color":"","ocean_post_title_background":0,"ocean_post_title_bg_image_position":"","ocean_post_title_bg_image_attachment":"","ocean_post_title_bg_image_repeat":"","ocean_post_title_bg_image_size":"","ocean_post_title_height":0,"ocean_post_title_bg_overlay":0.5,"ocean_post_title_bg_overlay_color":"","ocean_disable_breadcrumbs":"default","ocean_breadcrumbs_color":"","ocean_breadcrumbs_separator_color":"","ocean_breadcrumbs_links_color":"","ocean_breadcrumbs_links_hover_color":"","ocean_display_footer_widgets":"default","ocean_display_footer_bottom":"default","ocean_custom_footer_template":"0"},"product_brand":[],"product_cat":[36,17,16],"product_tag":[25,706,42,707,38,51],"class_list":{"0":"post-316","1":"product","2":"type-product","3":"status-publish","4":"has-post-thumbnail","6":"product_cat-andre","7":"product_cat-godbidder","8":"product_cat-hund","9":"product_tag-100g","10":"product_tag-andre-godbidder","11":"product_tag-hund","12":"product_tag-snacks","13":"product_tag-woolf","14":"product_tag-woolf-big-bone-of-duck-with-carrot-100g","16":"entry","17":"has-media","19":"first","20":"onbackorder","21":"featured","22":"taxable","23":"shipping-taxable","24":"purchasable","25":"product-type-simple","26":"has-product-nav","27":"col","28":"span_1_of_3","29":"owp-content-center","30":"owp-thumbs-layout-horizontal","31":"owp-btn-normal","32":"owp-tabs-layout-horizontal","33":"has-no-thumbnails","35":"circle-sale"},"supplier_id":1623,"supplier_sku":"550235-1012","barcode":null,"atum_controlled":true,"out_stock_date":"2024-07-10 04:50:14","out_stock_threshold":null,"inheritable":false,"inbound_stock":0,"stock_on_hold":0,"sold_today":0,"sales_last_days":0,"reserved_stock":0,"customer_returns":0,"warehouse_damage":0,"lost_in_post":0,"other_logs":0,"out_stock_days":673,"lost_sales":0,"has_location":false,"update_date":"2026-05-14T05:39:26","atum_locations":[],"atum_stock_status":"onbackorder","restock_status":false,"low_stock_amount":"","sales_update_date":"2026-05-14T05:39:26","calc_backorders":0,"_links":{"self":[{"href":"https:\/\/centrumdyrehandel.dk\/index.php?rest_route=\/wp\/v2\/product\/316","targetHints":{"allow":["GET"]}}],"collection":[{"href":"https:\/\/centrumdyrehandel.dk\/index.php?rest_route=\/wp\/v2\/product"}],"about":[{"href":"https:\/\/centrumdyrehandel.dk\/index.php?rest_route=\/wp\/v2\/types\/product"}],"replies":[{"embeddable":true,"href":"https:\/\/centrumdyrehandel.dk\/index.php?rest_route=%2Fwp%2Fv2%2Fcomments&post=316"}],"wp:featuredmedia":[{"embeddable":true,"href":"https:\/\/centrumdyrehandel.dk\/index.php?rest_route=\/wp\/v2\/media\/317"}],"wp:attachment":[{"href":"https:\/\/centrumdyrehandel.dk\/index.php?rest_route=%2Fwp%2Fv2%2Fmedia&parent=316"}],"wp:term":[{"taxonomy":"product_brand","embeddable":true,"href":"https:\/\/centrumdyrehandel.dk\/index.php?rest_route=%2Fwp%2Fv2%2Fproduct_brand&post=316"},{"taxonomy":"product_cat","embeddable":true,"href":"https:\/\/centrumdyrehandel.dk\/index.php?rest_route=%2Fwp%2Fv2%2Fproduct_cat&post=316"},{"taxonomy":"product_tag","embeddable":true,"href":"https:\/\/centrumdyrehandel.dk\/index.php?rest_route=%2Fwp%2Fv2%2Fproduct_tag&post=316"}],"curies":[{"name":"wp","href":"https:\/\/api.w.org\/{rel}","templated":true}]}}