{"id":3030,"date":"2025-06-25T09:49:42","date_gmt":"2025-06-25T07:49:42","guid":{"rendered":"https:\/\/centrumdyrehandel.dk\/?post_type=product&#038;p=3030"},"modified":"2025-09-19T10:04:25","modified_gmt":"2025-09-19T08:04:25","slug":"mel-dispenser-zoomed","status":"publish","type":"product","link":"https:\/\/centrumdyrehandel.dk\/?product=mel-dispenser-zoomed","title":{"rendered":"Mel-dispenser Zoomed"},"content":{"rendered":"<p>Zoomed TA-22E Muldispenseren er et vigtigt tilbeh\u00f8r til enhver dyrehandler, der \u00f8nsker at give deres k\u00e6ledyr en kvalitetsdi\u00e6t, der er skr\u00e6ddersyet til deres behov. Zoomed Denne dispenser er fremstillet af det anerkendte m\u00e6rke og er designet til at g\u00f8re hverdagen lettere for k\u00e6ledyrsejere ved at give dem mulighed for at dosere den rigtige m\u00e6ngde mel til deres dyr p\u00e5 en praktisk og hygiejnisk m\u00e5de.<\/p>\n<p>Zoomed TA-22E M\u00e5ltidsdispenseren er specielt designet til brug i dyrehandlere, men kan ogs\u00e5 bruges i avlsg\u00e5rde og dyreplejecentre. Dens robuste, holdbare design g\u00f8r den til et ideelt valg til langvarig brug. Desuden passer det kompakte, attraktive design perfekt ind i ethvert milj\u00f8.<\/p>\n<p>Dispenseren kan rumme en stor m\u00e6ngde foder, hvilket g\u00f8r den til et praktisk redskab for dyreejere, der skal fodre flere dyr p\u00e5 \u00e9n gang. M\u00e5ltidet uddeles pr\u00e6cist og j\u00e6vnt, hvilket sikrer en afbalanceret kost til dyrene.<\/p>\n<p>Ud over sin hovedfunktion, som er at uddele foder, er dispenseren ogs\u00e5 nem at reng\u00f8re, hvilket g\u00f8r den til et hygiejnisk og praktisk valg for dyrehandlere. Den har ogs\u00e5 en l\u00e5sefunktion, der forhindrer uautoriseret adgang til m\u00e5ltidet.<\/p>\n<p>Zoomed TA-22E Kort sagt er m\u00e5ltidsdispenseren et must-have-valg for enhver dyrehandler, der bekymrer sig om sine dyrs velf\u00e6rd. Med sin overlegne kvalitet, praktiske funktionalitet og attraktive design er den en uvurderlig allieret, n\u00e5r du skal levere kvalitetsfoder til dine k\u00e6ledyr. Zoomed G\u00e5 ikke glip af muligheden for at f\u00e5 fat i denne m\u00e5ltidsdispenser og forbedre dine k\u00e6ledyrs foderstyring i dag.<\/p>\n","protected":false},"excerpt":{"rendered":"<p>Zoomed TA-22E Muldispenseren er et vigtigt tilbeh\u00f8r til enhver dyrehandler, der \u00f8nsker at give deres k\u00e6ledyr en kvalitetsdi\u00e6t, der er skr\u00e6ddersyet til deres behov. Zoomed Denne dispenser er fremstillet af det anerkendte m\u00e6rke og er designet til at g\u00f8re hverdagen lettere for k\u00e6ledyrsejere ved at give dem mulighed for at dosere den rigtige m\u00e6ngde mel [&hellip;]<\/p>\n","protected":false},"featured_media":3031,"comment_status":"open","ping_status":"closed","template":"","meta":{"ocean_post_layout":"","ocean_both_sidebars_style":"","ocean_both_sidebars_content_width":0,"ocean_both_sidebars_sidebars_width":0,"ocean_sidebar":"0","ocean_second_sidebar":"0","ocean_disable_margins":"enable","ocean_add_body_class":"class-1 class-2 new-class-3","ocean_shortcode_before_top_bar":"","ocean_shortcode_after_top_bar":"","ocean_shortcode_before_header":"","ocean_shortcode_after_header":"","ocean_has_shortcode":"","ocean_shortcode_after_title":"","ocean_shortcode_before_footer_widgets":"","ocean_shortcode_after_footer_widgets":"","ocean_shortcode_before_footer_bottom":"","ocean_shortcode_after_footer_bottom":"","ocean_display_top_bar":"default","ocean_display_header":"default","ocean_header_style":"","ocean_center_header_left_menu":"0","ocean_custom_header_template":"0","ocean_custom_logo":0,"ocean_custom_retina_logo":0,"ocean_custom_logo_max_width":0,"ocean_custom_logo_tablet_max_width":0,"ocean_custom_logo_mobile_max_width":0,"ocean_custom_logo_max_height":0,"ocean_custom_logo_tablet_max_height":0,"ocean_custom_logo_mobile_max_height":0,"ocean_header_custom_menu":"0","ocean_menu_typo_font_family":"0","ocean_menu_typo_font_subset":"","ocean_menu_typo_font_size":0,"ocean_menu_typo_font_size_tablet":0,"ocean_menu_typo_font_size_mobile":0,"ocean_menu_typo_font_size_unit":"px","ocean_menu_typo_font_weight":"","ocean_menu_typo_font_weight_tablet":"","ocean_menu_typo_font_weight_mobile":"","ocean_menu_typo_transform":"","ocean_menu_typo_transform_tablet":"","ocean_menu_typo_transform_mobile":"","ocean_menu_typo_line_height":0,"ocean_menu_typo_line_height_tablet":0,"ocean_menu_typo_line_height_mobile":0,"ocean_menu_typo_line_height_unit":"","ocean_menu_typo_spacing":0,"ocean_menu_typo_spacing_tablet":0,"ocean_menu_typo_spacing_mobile":0,"ocean_menu_typo_spacing_unit":"","ocean_menu_link_color":"","ocean_menu_link_color_hover":"","ocean_menu_link_color_active":"","ocean_menu_link_background":"","ocean_menu_link_hover_background":"","ocean_menu_link_active_background":"","ocean_menu_social_links_bg":"","ocean_menu_social_hover_links_bg":"","ocean_menu_social_links_color":"","ocean_menu_social_hover_links_color":"","ocean_disable_title":"default","ocean_disable_heading":"default","ocean_post_title":"","ocean_post_subheading":"","ocean_post_title_style":"","ocean_post_title_background_color":"","ocean_post_title_background":0,"ocean_post_title_bg_image_position":"","ocean_post_title_bg_image_attachment":"","ocean_post_title_bg_image_repeat":"","ocean_post_title_bg_image_size":"","ocean_post_title_height":0,"ocean_post_title_bg_overlay":0.5,"ocean_post_title_bg_overlay_color":"","ocean_disable_breadcrumbs":"default","ocean_breadcrumbs_color":"","ocean_breadcrumbs_separator_color":"","ocean_breadcrumbs_links_color":"","ocean_breadcrumbs_links_hover_color":"","ocean_display_footer_widgets":"default","ocean_display_footer_bottom":"default","ocean_custom_footer_template":"0"},"product_brand":[],"product_cat":[91],"product_tag":[501,1141],"class_list":{"0":"post-3030","1":"product","2":"type-product","3":"status-publish","4":"has-post-thumbnail","6":"product_cat-krybdyr","7":"product_tag-foderdyr","8":"product_tag-mel-dispenser","10":"entry","11":"has-media","13":"first","14":"instock","15":"taxable","16":"shipping-taxable","17":"purchasable","18":"product-type-simple","19":"has-product-nav","20":"col","21":"span_1_of_3","22":"owp-content-center","23":"owp-thumbs-layout-horizontal","24":"owp-btn-normal","25":"owp-tabs-layout-horizontal","26":"has-no-thumbnails","28":"circle-sale"},"supplier_id":null,"supplier_sku":"","barcode":null,"atum_controlled":true,"out_stock_date":null,"out_stock_threshold":null,"inheritable":false,"inbound_stock":null,"stock_on_hold":0,"sold_today":0,"sales_last_days":0,"reserved_stock":null,"customer_returns":null,"warehouse_damage":null,"lost_in_post":null,"other_logs":null,"out_stock_days":0,"lost_sales":0,"has_location":true,"update_date":"2026-05-14T05:39:34","atum_locations":[{"id":758,"name":"Reptil 1","slug":"reptil-1-aegbakker"}],"atum_stock_status":"instock","restock_status":false,"low_stock_amount":"","sales_update_date":"2026-05-14T05:39:34","calc_backorders":null,"_links":{"self":[{"href":"https:\/\/centrumdyrehandel.dk\/index.php?rest_route=\/wp\/v2\/product\/3030","targetHints":{"allow":["GET"]}}],"collection":[{"href":"https:\/\/centrumdyrehandel.dk\/index.php?rest_route=\/wp\/v2\/product"}],"about":[{"href":"https:\/\/centrumdyrehandel.dk\/index.php?rest_route=\/wp\/v2\/types\/product"}],"replies":[{"embeddable":true,"href":"https:\/\/centrumdyrehandel.dk\/index.php?rest_route=%2Fwp%2Fv2%2Fcomments&post=3030"}],"wp:featuredmedia":[{"embeddable":true,"href":"https:\/\/centrumdyrehandel.dk\/index.php?rest_route=\/wp\/v2\/media\/3031"}],"wp:attachment":[{"href":"https:\/\/centrumdyrehandel.dk\/index.php?rest_route=%2Fwp%2Fv2%2Fmedia&parent=3030"}],"wp:term":[{"taxonomy":"product_brand","embeddable":true,"href":"https:\/\/centrumdyrehandel.dk\/index.php?rest_route=%2Fwp%2Fv2%2Fproduct_brand&post=3030"},{"taxonomy":"product_cat","embeddable":true,"href":"https:\/\/centrumdyrehandel.dk\/index.php?rest_route=%2Fwp%2Fv2%2Fproduct_cat&post=3030"},{"taxonomy":"product_tag","embeddable":true,"href":"https:\/\/centrumdyrehandel.dk\/index.php?rest_route=%2Fwp%2Fv2%2Fproduct_tag&post=3030"}],"curies":[{"name":"wp","href":"https:\/\/api.w.org\/{rel}","templated":true}]}}