{"id":2008,"date":"2024-10-23T17:09:57","date_gmt":"2024-10-23T15:09:57","guid":{"rendered":"https:\/\/centrumdyrehandel.dk\/vare\/protect-osteo-2kg\/"},"modified":"2024-11-18T11:45:14","modified_gmt":"2024-11-18T10:45:14","slug":"protect-osteo-2kg","status":"publish","type":"product","link":"https:\/\/centrumdyrehandel.dk\/?product=protect-osteo-2kg","title":{"rendered":"Protect Osteo 2kg"},"content":{"rendered":"<div class=\"row mb-5\">\n<div class=\"col-12\">\n<div class=\"row\">\n<div class=\"col-md-5 offset-md-1\">\n<div class=\"product__content mb-4\">\n<h4><strong>H\u00f8jkvalitets di\u00e6tetiskfoder til hunde<br \/>\n<\/strong><strong>Komplet hundefoder<\/strong><\/h4>\n<ul>\n<li><strong>St\u00f8tter metabolismen i leddene i tilf\u00e6lde af slidgigt\/osteoarthritis<\/strong><\/li>\n<li><strong>St\u00f8tte til bev\u00e6geapparatet<\/strong><\/li>\n<li><strong>Forbedret mobilitet<\/strong><\/li>\n<\/ul>\n<p>Har din hund sv\u00e6rt ved at rejse sig fra kurven om morgenen? Eller ved du at den har problemer med sine led og brusk? Den er m\u00e5ske opereret og du vil gerne st\u00f8tte den s\u00e5 godt som muligt i dens led? S\u00e5 er det klart Protect Osteo du skal v\u00e6lge. Her f\u00e5r din hund optimal st\u00f8tte til led og brusk fra b.la. Type II hydrolyseret kollagen, glucosamin, chondroitin, dj\u00e6vleklo og bambus.<\/p>\n<p>Protect er en specielt designet hunde- og kattefoder serie, der hj\u00e6lper mod de hyppigste ern\u00e6ringsm\u00e6ssige udfordringer, vi ser hos hunde og katte.\u00a0Foderet er uden konservering og farvestoffer, og indeholder naturlige antioxidanter. Det er desuden fri for hvede og soya. Alt for at\u00a0give hunde og katte\u00a0maksimalt med livskvalitet.<\/p>\n<div id=\"shopify-section-product-template-pdf\" class=\"shopify-section\">\n<div class=\"product-pdf\">Yderligere produktinformationer<\/div>\n<\/div>\n<\/div>\n<\/div>\n<\/div>\n<\/div>\n<\/div>\n<div class=\"row justify-content-center\">\n<div class=\"col-sm-12 col-md-8\">\n<h5>FORBEDRET MOBILITET<\/h5>\n<p>Dj\u00e6vleklo, canadisk bakkestjerne, mj\u00f8durt og solb\u00e6r, sammen med et h\u00f8jt indhold af EPA (fiskeolie) for at forbedre mobiliteten<\/p>\n<h5>ST\u00d8TTE TIL BEV\u00c6GEAPPARATET<\/h5>\n<p>Bambus, br\u00e6nden\u00e6lde, marine peptider (type II hydrolyseret kollagen), glucosamin sulfat og chondroitin sulfat for st\u00f8tte til bev\u00e6geapparatet<\/p>\n<h5>REDUCERET ENERGI<\/h5>\n<p>Formulering med reduceret energi og fedt for at forebygge overv\u00e6gt<\/p>\n<h5>SUND HUD OG BLANK PELS<\/h5>\n<p>Fiskeolie rig p\u00e5 Omega 3 og 6, sammen med MARINE ACTIVE BENEFIT- der er biologisk aktive marine ingredienser, der er rige p\u00e5 Omega essentielle fedtsyrer, aminosyrer og biopeptider, giver st\u00f8tte til<span class=\"A6\">\u00a0en\u00a0<\/span>sund hud og pels.<\/p>\n<h5>PHYTO ACTIVE BENEFIT<\/h5>\n<p><span class=\"Overskrift2Tegn\">Hver Protect formel indeholder et mix af planter, der er anerkendt for deres gavnlige virkning p\u00e5 sundheden.<\/span><\/p>\n<h5>OM PRODUKTION OG UDV\u00c6LGELSE AF R\u00c5VARER<\/h5>\n<p>Bretagne i Frankrig er hjemsted for Pro-Nutrition og alt deres foder udvikles og laves her og prim\u00e6rt af lokale r\u00e5varer. Pro-Nutritions fabrik varetager alle processer fra udv\u00e6lgelse af r\u00e5varer, produktion, emballering og forsendelse. Kvaliteten er stabil fra batch til batch, da hele processen sker samme sted, p\u00e5 samme fabrik og derfor er alle led underlagt samme standarder. Fabrikken er ogs\u00e5 ISO-certificeret, hvilket blandt andet betyder at der er kvalitetsstyring, egen- og uvildigkontrol minimum \u00e9n gang om \u00e5ret af foderet og procedurer omkring produktionen. Derudover forpligter fabrikken sig til at udf\u00f8re energieffektiv produktion, som er med til at reducere\u00a0CO<sub>2<\/sub>-aftrykket.<\/p>\n<p><i>Eksperterne bag Pro-Nutrition udtaler:\u00a0<\/i><\/p>\n<p>\u201dN\u00e5r vi udv\u00e6lger r\u00e5varer til vores foder, har vi strenge krav til oprindelse og kvalitet. Vi l\u00e6gger v\u00e6gt p\u00e5 at r\u00e5varerne kommer fra s\u00e5 lokale egne som muligt, b\u00e5de for at overholde m\u00e5l om energibesparelse, for at st\u00f8tte op om lokal produktion og for at kunne sikre dyrevelf\u00e6rd og kvalitet. Blandt andet ved at EU- lovgivning om dyrevelf\u00e6rd overholdes for de dyr, som indg\u00e5r i Pro-Nutritions foder.\u201d<\/p>\n<p>De animalske proteiner kommer hovedsageligt fra dyr som opdr\u00e6ttes i Frankrig (svin, lam, kylling, and og kalkun), dog kommer lidt af fjerkr\u00e6et fra Spanien. Der bruges ikke oksek\u00f8d i nogen af produkterne \u2013 Ja faktisk slet ikke p\u00e5 fabrikken.<\/p>\n<p>\u201dDerudover tjekker vi kvaliteten af r\u00e5varerne- deres ern\u00e6ringsm\u00e6ssige egenskaber, ford\u00f8jelighed, aminosyreprofil, smag, duft m.m. Kun n\u00e5r alle kriterier er opfyldt, bruges r\u00e5varerne i vores produkter. Ingredienserne er derfor n\u00f8je udvalgt, for at tilgodese k\u00e6ledyrenes behov i de forskellige livstadier.\u201d<\/p>\n<p>\u201dVi bruger typisk flere forskellige proteinkilder i form af b\u00e5de k\u00f8d og fisk i vores produkter, fordi vi mener at det giver en god synergi og mindre risiko for allergiske udfordringer. For de dyr som har foderintolerance, findes der produkter specielt til dette. \u201d<\/p>\n<p>Hvert animalsk protein gennemg\u00e5r ogs\u00e5 en pepsin- og ford\u00f8jelighedstest og ford\u00f8jeligheden af proteinerne er mindst 85%.\u00a0\u00a0Derudover kontrolleres indholdet af lysin og methionin n\u00f8je \u2013 de er essentielle aminosyrer.<\/p>\n<p>\u201dI vores formuleringer bruger vi frugt og gr\u00f8ntsager, fordi de er fyldt med naturlige vitaminer, antioxidanter, fibre og andre vigtige n\u00e6ringsstoffer. Fiberindholdet tilpasses hvert enkelt livsstadie og produkt. Balancen mellem opl\u00f8selige og uopl\u00f8selige fibre skal ogs\u00e5 tilpasses. Opl\u00f8selige fibre som pektin (fra \u00e6blefibre) spiller en n\u00f8glerolle i ford\u00f8jelseskomforten, sammen med FOS. FOS st\u00e5r for fructo- oligosakkarider, dette er pr\u00e6biotika. Pr\u00e6biotika fungerer som madpakke for bakterierne, og bidrager med at skabe et s\u00e5 godt milj\u00f8 som muligt for de gavnlige bakterier der lever i tarmen. Dette er afg\u00f8rende da store dele af immunforsvaret befinder sig lige her.<\/p>\n<p>Antioxidanterne stammer blandt andet fra polyfenoler som er en gruppe af naturlige antioxidanter. Antioxidanterne er med til at bek\u00e6mpe de frie radikaler- der s\u00e6tter skadelige processer i gang i kroppen. Fordelen med polyfenolerne er at de er 4 gange s\u00e5 kraftige som C- vitamin og 5 gange kraftigere end E-vitamin. \u201d<\/p>\n<p>Foderet er ekstremt velsmagende, og dermed meget egnet til kr\u00e6sne katte. Yderst p\u00e5 foderpillerne er der en coatning med andefedt som giver en rigtig god duft \u2013 som jo er det f\u00f8rste en kat bem\u00e6rker ved et foder.<\/p>\n<p>Specielt for foder fra \u201dPro-Nutrition\u201d er ogs\u00e5 \u201dMarine Active Benefit\u201d. Det er et ekstrakt af fisk (fra den enzymatiske hydrolyse af dele af fisk fra Gadidae-familien) der er rig p\u00e5 biopeptider, flerum\u00e6ttede fedtsyrer og naturlige antioxidanter. Dette fiskeekstrakt er en eksklusivitet kun anvendt af Pro-Nutrition som giver katten en sund og skinnende pels.<\/p>\n<h5>DI\u00c6TETISK FODER<\/h5>\n<p>Foder med s\u00e6rlige ern\u00e6ringsform\u00e5l \/ Di\u00e6tetisk foder er foder, som enten har en s\u00e6rlig sammens\u00e6tning eller er fremstillet ved en s\u00e6rlig fremstillingsproces. Foderet adskiller sig klart fra almindeligt foder, fordi det kan opfylde et s\u00e6rligt ern\u00e6ringsm\u00e6ssigt form\u00e5l. Foder med s\u00e6rlige ern\u00e6ringsform\u00e5l er defineret i markedsf\u00f8ringsforordningen.<\/p>\n<p>Udtrykket &#8220;s\u00e6rligt ern\u00e6ringsform\u00e5l&#8221; anvendes i forbindelse med foder til dyr, der kan have gavn af et specielt foder, hvis deres ford\u00f8jelse, foderoptagelse eller stofskifte er forstyrret eller kan blive forstyrret, enten midlertidigt eller kronisk. Dette specielle foder skal derfor v\u00e6re s\u00e6rligt velegnet til at opfylde dyrenes s\u00e6rlige ern\u00e6ringsbehov. Et foder m\u00e5 kun s\u00e6lges som et foder med s\u00e6rlige ern\u00e6ringsform\u00e5l \/ et di\u00e6tetisk foder, hvis det s\u00e6rlige ern\u00e6ringsform\u00e5l for foderet er optaget p\u00e5 listen over ern\u00e6ringsform\u00e5l, og hvis foderet opfylder kravene, der er angivet for dette s\u00e6rlige ern\u00e6ringsform\u00e5l. Denne type foder kaldes enten &#8216;Foder med s\u00e6rlige ern\u00e6ringsform\u00e5l&#8217; eller &#8216;Di\u00e6tetisk foder&#8217;. Dette foder skal opfylde ern\u00e6ringsbehov hos dyr med ern\u00e6ringsm\u00e6ssige forstyrrelser. Hele Protect serien er fremstillet som \u2019Di\u00e6tetisk foder\u2019 og har s\u00e6rlige ern\u00e6ringsform\u00e5l.<\/p>\n<\/div>\n<\/div>\n","protected":false},"excerpt":{"rendered":"<p>H\u00f8jkvalitets di\u00e6tetiskfoder til hunde Komplet hundefoder St\u00f8tter metabolismen i leddene i tilf\u00e6lde af slidgigt\/osteoarthritis St\u00f8tte til bev\u00e6geapparatet Forbedret mobilitet Har din hund sv\u00e6rt ved at rejse sig fra kurven om morgenen? Eller ved du at den har problemer med sine led og brusk? Den er m\u00e5ske opereret og du vil gerne st\u00f8tte den s\u00e5 godt [&hellip;]<\/p>\n","protected":false},"featured_media":2537,"comment_status":"closed","ping_status":"closed","template":"","meta":{"ocean_post_layout":"","ocean_both_sidebars_style":"","ocean_both_sidebars_content_width":0,"ocean_both_sidebars_sidebars_width":0,"ocean_sidebar":"0","ocean_second_sidebar":"0","ocean_disable_margins":"enable","ocean_add_body_class":"","ocean_shortcode_before_top_bar":"","ocean_shortcode_after_top_bar":"","ocean_shortcode_before_header":"","ocean_shortcode_after_header":"","ocean_has_shortcode":"","ocean_shortcode_after_title":"","ocean_shortcode_before_footer_widgets":"","ocean_shortcode_after_footer_widgets":"","ocean_shortcode_before_footer_bottom":"","ocean_shortcode_after_footer_bottom":"","ocean_display_top_bar":"default","ocean_display_header":"default","ocean_header_style":"","ocean_center_header_left_menu":"0","ocean_custom_header_template":"0","ocean_custom_logo":0,"ocean_custom_retina_logo":0,"ocean_custom_logo_max_width":0,"ocean_custom_logo_tablet_max_width":0,"ocean_custom_logo_mobile_max_width":0,"ocean_custom_logo_max_height":0,"ocean_custom_logo_tablet_max_height":0,"ocean_custom_logo_mobile_max_height":0,"ocean_header_custom_menu":"0","ocean_menu_typo_font_family":"0","ocean_menu_typo_font_subset":"","ocean_menu_typo_font_size":0,"ocean_menu_typo_font_size_tablet":0,"ocean_menu_typo_font_size_mobile":0,"ocean_menu_typo_font_size_unit":"px","ocean_menu_typo_font_weight":"","ocean_menu_typo_font_weight_tablet":"","ocean_menu_typo_font_weight_mobile":"","ocean_menu_typo_transform":"","ocean_menu_typo_transform_tablet":"","ocean_menu_typo_transform_mobile":"","ocean_menu_typo_line_height":0,"ocean_menu_typo_line_height_tablet":0,"ocean_menu_typo_line_height_mobile":0,"ocean_menu_typo_line_height_unit":"","ocean_menu_typo_spacing":0,"ocean_menu_typo_spacing_tablet":0,"ocean_menu_typo_spacing_mobile":0,"ocean_menu_typo_spacing_unit":"","ocean_menu_link_color":"","ocean_menu_link_color_hover":"","ocean_menu_link_color_active":"","ocean_menu_link_background":"","ocean_menu_link_hover_background":"","ocean_menu_link_active_background":"","ocean_menu_social_links_bg":"","ocean_menu_social_hover_links_bg":"","ocean_menu_social_links_color":"","ocean_menu_social_hover_links_color":"","ocean_disable_title":"default","ocean_disable_heading":"default","ocean_post_title":"","ocean_post_subheading":"","ocean_post_title_style":"","ocean_post_title_background_color":"","ocean_post_title_background":0,"ocean_post_title_bg_image_position":"","ocean_post_title_bg_image_attachment":"","ocean_post_title_bg_image_repeat":"","ocean_post_title_bg_image_size":"","ocean_post_title_height":0,"ocean_post_title_bg_overlay":0.5,"ocean_post_title_bg_overlay_color":"","ocean_disable_breadcrumbs":"default","ocean_breadcrumbs_color":"","ocean_breadcrumbs_separator_color":"","ocean_breadcrumbs_links_color":"","ocean_breadcrumbs_links_hover_color":"","ocean_display_footer_widgets":"default","ocean_display_footer_bottom":"default","ocean_custom_footer_template":"0"},"product_brand":[],"product_cat":[16,32,823],"product_tag":[381,56,334,42,459,57,973,974,58,400,1001],"class_list":{"0":"post-2008","1":"product","2":"type-product","3":"status-publish","4":"has-post-thumbnail","6":"product_cat-hund","7":"product_cat-hundefoder","8":"product_cat-protect","9":"product_tag-centrumdyrehandel","10":"product_tag-dog","11":"product_tag-dyr","12":"product_tag-hund","13":"product_tag-hundefoder","14":"product_tag-kaeldedyr","15":"product_tag-kaeldedyrsbutik","16":"product_tag-kaeldedyrsshop","17":"product_tag-pet","18":"product_tag-petstore","19":"product_tag-protect-dog-osteo-2-kg","20":"pa_enhed-pose","22":"entry","23":"has-media","25":"first","26":"onbackorder","27":"taxable","28":"shipping-taxable","29":"purchasable","30":"product-type-simple","31":"has-product-nav","32":"col","33":"span_1_of_3","34":"owp-content-center","35":"owp-thumbs-layout-horizontal","36":"owp-btn-normal","37":"owp-tabs-layout-horizontal","39":"circle-sale"},"supplier_id":null,"supplier_sku":"","barcode":null,"atum_controlled":true,"out_stock_date":"2024-10-23 17:10:01","out_stock_threshold":null,"inheritable":false,"inbound_stock":0,"stock_on_hold":0,"sold_today":0,"sales_last_days":0,"reserved_stock":0,"customer_returns":0,"warehouse_damage":0,"lost_in_post":0,"other_logs":0,"out_stock_days":567,"lost_sales":0,"has_location":false,"update_date":"2026-05-14T05:39:25","atum_locations":[],"atum_stock_status":"onbackorder","restock_status":false,"low_stock_amount":2,"sales_update_date":"2026-05-14T05:39:25","calc_backorders":0,"_links":{"self":[{"href":"https:\/\/centrumdyrehandel.dk\/index.php?rest_route=\/wp\/v2\/product\/2008","targetHints":{"allow":["GET"]}}],"collection":[{"href":"https:\/\/centrumdyrehandel.dk\/index.php?rest_route=\/wp\/v2\/product"}],"about":[{"href":"https:\/\/centrumdyrehandel.dk\/index.php?rest_route=\/wp\/v2\/types\/product"}],"replies":[{"embeddable":true,"href":"https:\/\/centrumdyrehandel.dk\/index.php?rest_route=%2Fwp%2Fv2%2Fcomments&post=2008"}],"wp:featuredmedia":[{"embeddable":true,"href":"https:\/\/centrumdyrehandel.dk\/index.php?rest_route=\/wp\/v2\/media\/2537"}],"wp:attachment":[{"href":"https:\/\/centrumdyrehandel.dk\/index.php?rest_route=%2Fwp%2Fv2%2Fmedia&parent=2008"}],"wp:term":[{"taxonomy":"product_brand","embeddable":true,"href":"https:\/\/centrumdyrehandel.dk\/index.php?rest_route=%2Fwp%2Fv2%2Fproduct_brand&post=2008"},{"taxonomy":"product_cat","embeddable":true,"href":"https:\/\/centrumdyrehandel.dk\/index.php?rest_route=%2Fwp%2Fv2%2Fproduct_cat&post=2008"},{"taxonomy":"product_tag","embeddable":true,"href":"https:\/\/centrumdyrehandel.dk\/index.php?rest_route=%2Fwp%2Fv2%2Fproduct_tag&post=2008"}],"curies":[{"name":"wp","href":"https:\/\/api.w.org\/{rel}","templated":true}]}}