{"id":1982,"date":"2024-10-23T17:09:37","date_gmt":"2024-10-23T15:09:37","guid":{"rendered":"https:\/\/centrumdyrehandel.dk\/vare\/prestige-skin-3kg\/"},"modified":"2024-11-15T16:14:39","modified_gmt":"2024-11-15T15:14:39","slug":"prestige-skin-3kg","status":"publish","type":"product","link":"https:\/\/centrumdyrehandel.dk\/?product=prestige-skin-3kg","title":{"rendered":"Prestige Skin 3kg"},"content":{"rendered":"<div class=\"row mb-5\">\n<div class=\"col-12\">\n<div class=\"row\">\n<div class=\"col-md-5 offset-md-1\">\n<div class=\"product__content mb-4\">\n<h4><strong>Kornfrit hundefoder med laks til voksne hunde af alle racer. Ogs\u00e5 egnet til sensitive hunde.\u00a0<\/strong><\/h4>\n<ul>\n<li><strong>Komplet fuldfoder til voksne hunde af alle racer<\/strong><\/li>\n<li><strong>Korn- og glutenfri<\/strong><\/li>\n<li><strong>Pr\u00e6biotika samt letford\u00f8jelige ingredienser medvirker til en god mave- og tarmfunktion<\/strong><\/li>\n<li><strong>H\u00f8j p\u00e5 Omega 3 og 6 for flot og sund pels<\/strong><\/li>\n<li><strong>God smag- velegnet til kr\u00e6sne hunde<\/strong><\/li>\n<\/ul>\n<p>Prestige Healthy Skin er til dig der \u00f8nsker at tilbyde din voksne hund et gluten- og kornfrit foder med et h\u00f8jere indhold af fisk. Godt til sensitive hunde, og det h\u00f8je indhold af omega 3 og 6 giver en blank og skinnende pels.<\/p>\n<p><em>Tidligere: Prestige Adult Salmon.<\/em><\/p>\n<div id=\"shopify-section-product-template-pdf\" class=\"shopify-section\">\n<div class=\"product-pdf\">Yderligere produktinformationer<\/div>\n<\/div>\n<\/div>\n<\/div>\n<\/div>\n<\/div>\n<\/div>\n<div class=\"row justify-content-center\">\n<div class=\"col-sm-12 col-md-8\">\n<h5>SUND PELS OG HUD HOS DIN HUND<\/h5>\n<p>Fiskeolie rig p\u00e5 Omega 3 og 6, sammen med MARINE ACTIVE BENEFIT- der er biologisk aktive marine ingredienser, der er rige p\u00e5 Omega essentielle fedtsyrer, aminosyrer og biopeptider giver st\u00f8tte til sund hud og pels.<\/p>\n<h5>FRI FOR KORN OG GLUTEN<\/h5>\n<p>Vi udelader korn og gluten og bruger meget ford\u00f8jelige ingredienser, s\u00e5som kartofler, \u00e6rter og laks for en god ford\u00f8jelse. Der er kun brugt k\u00f8d der er egnet til humankonsum, og hvor ford\u00f8jeligheden er over 85%.<\/p>\n<h5>STYRKER IMMUNFORSVARET<\/h5>\n<p>Ca. 70% af immunforsvaret ligger i mave-tarm systemet og det er derfor vigtigt at opretholde en sund tarm hos din hund.\u00a0Prestige indeholder vigtige n\u00e6ringsstoffer herunder pr\u00e6biotika (FOS og MOS), som underst\u00f8tter udviklingen af tarmflora.\u00a0 Sammen med meget let ford\u00f8jelige ingredienser, vegetabilsk kulstof og ler, st\u00f8tter foderet et st\u00e6rkt tarmsystem hos din hund.<\/p>\n<h5>GIV DIN HUND ET FULDV\u00c6RDIGT M\u00c5LTID HVER DAG<\/h5>\n<p>Den afbalancerede sammens\u00e6tning af 40 essentielle n\u00e6ringsstoffer, beskyttelsen af vitaminer og tilf\u00f8rsel af naturlige antioxidanter (polyfenoler fra \u00e6blefibre og rosmarinekstrakt) s\u00f8rger for din hunds sundhed hver eneste dag<\/p>\n<h5>VIGTIGE N\u00c6RINGSTOFFER<\/h5>\n<p>Vitaminer er essentielle n\u00e6ringsstoffer, der spiller n\u00f8gleroller i din hunds kropsfunktioner. De er f\u00f8lsomme overfor ekstreme forhold, og uds\u00e6ttelse for h\u00f8je temperaturer kan sv\u00e6kke dem og mindske deres ern\u00e6ringsm\u00e6ssige styrke.<br \/>\nGennem en unik og innovativ kold blandingsproces beskyttes vitaminerne mod faktorer, der kan p\u00e5virke holdbarheden. Deres ern\u00e6ringsm\u00e6ssige egenskaber bevares, hvilket giver Prestige optimal effektivitet i lang tid.<br \/>\nS\u00e5 n\u00e5r du tilbyder din hund Prestige hundefoder, s\u00e5 f\u00e5r hunden den samme h\u00f8je kvalitet hver dag.<\/p>\n<h5>OM PRODUKTION OG UDV\u00c6LGELSE AF R\u00c5VARER<\/h5>\n<p>Bretagne i Frankrig er hjemsted for Pro-Nutrition og alt deres foder udvikles og laves her og prim\u00e6rt af lokale r\u00e5varer. Pro-Nutritions fabrik varetager alle processer fra udv\u00e6lgelse af r\u00e5varer, produktion, emballering og forsendelse. Kvaliteten er stabil fra batch til batch, da hele processen sker samme sted, p\u00e5 samme fabrik og derfor er alle led underlagt samme standarder. Fabrikken er ogs\u00e5 ISO-certificeret, hvilket blandt andet betyder at der er kvalitetsstyring, egen- og uvildigkontrol minimum \u00e9n gang om \u00e5ret af foderet og procedurer omkring produktionen. Derudover forpligter fabrikken sig til at udf\u00f8re energieffektiv produktion, som er med til at reducere CO2-aftrykket.<\/p>\n<p>Eksperterne bag Pro-Nutrition udtaler:<\/p>\n<p>\u201dN\u00e5r vi udv\u00e6lger r\u00e5varer til vores foder, har vi strenge krav til oprindelse og kvalitet. Vi l\u00e6gger v\u00e6gt p\u00e5 at r\u00e5varerne kommer fra s\u00e5 lokale egne som muligt, b\u00e5de for at overholde m\u00e5l om energibesparelse, for at st\u00f8tte op om lokal produktion og for at kunne sikre dyrevelf\u00e6rd og kvalitet. Blandt andet ved at EU- lovgivning om dyrevelf\u00e6rd overholdes for de dyr, som indg\u00e5r i Pro-Nutritions foder.\u201d<\/p>\n<p>De animalske proteiner kommer hovedsageligt fra dyr som opdr\u00e6ttes i Frankrig (svin, lam, kylling, and og kalkun), dog kommer lidt af fjerkr\u00e6et fra Spanien. Der bruges ikke oksek\u00f8d i nogen af produkterne \u2013 Ja faktisk slet ikke p\u00e5 fabrikken.<\/p>\n<p>\u201dDerudover tjekker vi kvaliteten af r\u00e5varerne- deres ern\u00e6ringsm\u00e6ssige egenskaber, ford\u00f8jelighed, aminosyreprofil, smag, duft m.m. Kun n\u00e5r alle kriterier er opfyldt, bruges r\u00e5varerne i vores produkter. Ingredienserne er derfor n\u00f8je udvalgt, for at tilgodese k\u00e6ledyrenes behov i de forskellige livstadier.\u201d<\/p>\n<p>\u201dVi bruger typisk flere forskellige proteinkilder i form af b\u00e5de k\u00f8d og fisk i vores produkter, fordi vi mener at det giver en god synergi og mindre risiko for allergiske udfordringer. For de dyr som har foderintolerance, findes der produkter specielt til dette. \u201d<\/p>\n<p>Hvert animalsk protein gennemg\u00e5r ogs\u00e5 en pepsin- og ford\u00f8jelighedstest og ford\u00f8jeligheden af proteinerne er mindst 85%. Derudover kontrolleres indholdet af lysin og methionin n\u00f8je \u2013 de er essentielle aminosyrer.<\/p>\n<p>De hvide fisk kommer fra forskellige fiskeomr\u00e5der i Danmark, Norge, Island, Irland og F\u00e6r\u00f8erne. Laks kommer fra Norge. Sardiner, sild og ansjoser kommer fra de baltiske stater.<\/p>\n<p>&nbsp;<\/p>\n<p>\u201dI vores formuleringer bruger vi frugt og gr\u00f8ntsager, fordi de indeholder naturlige vitaminer, antioxidanter, fibre og andre vigtige n\u00e6ringsstoffer. Fiberindholdet tilpasses hvert enkelt livsstadie og produkt. Balancen mellem opl\u00f8selige og uopl\u00f8selige fibre skal ogs\u00e5 tilpasses. Opl\u00f8selige fibre som pektin (fra \u00e6blefibre) spiller en vigtig rolle for ford\u00f8jelsen, sammen med FOS. FOS st\u00e5r for fructo- oligosakkarider, som er en pr\u00e6biotika. Pr\u00e6biotika fungerer som madpakke for tarmens mikroflora, og bidrager med at skabe et s\u00e5 godt milj\u00f8 som muligt for de gavnlige mikroorganismer der lever i tarmen. Dette er afg\u00f8rende da store dele af immunforsvaret befinder sig lige her.\u201d<\/p>\n<p>Antioxidanterne stammer blandt andet fra polyfenoler som er en gruppe af naturlige antioxidanter. Antioxidanterne er med til at bek\u00e6mpe de frie radikaler- der s\u00e6tter skadelige processer i gang i kroppen. Fordelen med polyfenolerne er at de er 4 gange s\u00e5 kraftige som C- vitamin og 5 gange kraftigere end E-vitamin. \u201d<\/p>\n<p>Foderet er ekstremt velsmagende, og dermed meget egnet til kr\u00e6sne hunde. Yderst p\u00e5 foderpillerne er der en coatning med andefedt som giver en rigtig god duft \u2013 som jo er det f\u00f8rste en hund bem\u00e6rker ved et foder.<\/p>\n<p>Specielt for foder fra \u201dPro-Nutrition\u201d er ogs\u00e5 \u201dMarine Active Benefit\u201d. Det er et ekstrakt af fisk (fra den enzymatiske hydrolyse af dele af fisk fra Gadidae-familien) der er rig p\u00e5 biopeptider, flerum\u00e6ttede fedtsyrer og naturlige antioxidanter. Dette fiskeekstrakt er en eksklusivitet kun anvendt af Pro-Nutrition som giver hunden en sund og skinnende pels<\/p>\n<\/div>\n<\/div>\n","protected":false},"excerpt":{"rendered":"<p>Kornfrit hundefoder med laks til voksne hunde af alle racer. Ogs\u00e5 egnet til sensitive hunde.\u00a0 Komplet fuldfoder til voksne hunde af alle racer Korn- og glutenfri Pr\u00e6biotika samt letford\u00f8jelige ingredienser medvirker til en god mave- og tarmfunktion H\u00f8j p\u00e5 Omega 3 og 6 for flot og sund pels God smag- velegnet til kr\u00e6sne hunde Prestige [&hellip;]<\/p>\n","protected":false},"featured_media":2512,"comment_status":"closed","ping_status":"closed","template":"","meta":{"ocean_post_layout":"","ocean_both_sidebars_style":"","ocean_both_sidebars_content_width":0,"ocean_both_sidebars_sidebars_width":0,"ocean_sidebar":"0","ocean_second_sidebar":"0","ocean_disable_margins":"enable","ocean_add_body_class":"","ocean_shortcode_before_top_bar":"","ocean_shortcode_after_top_bar":"","ocean_shortcode_before_header":"","ocean_shortcode_after_header":"","ocean_has_shortcode":"","ocean_shortcode_after_title":"","ocean_shortcode_before_footer_widgets":"","ocean_shortcode_after_footer_widgets":"","ocean_shortcode_before_footer_bottom":"","ocean_shortcode_after_footer_bottom":"","ocean_display_top_bar":"default","ocean_display_header":"default","ocean_header_style":"","ocean_center_header_left_menu":"0","ocean_custom_header_template":"0","ocean_custom_logo":0,"ocean_custom_retina_logo":0,"ocean_custom_logo_max_width":0,"ocean_custom_logo_tablet_max_width":0,"ocean_custom_logo_mobile_max_width":0,"ocean_custom_logo_max_height":0,"ocean_custom_logo_tablet_max_height":0,"ocean_custom_logo_mobile_max_height":0,"ocean_header_custom_menu":"0","ocean_menu_typo_font_family":"0","ocean_menu_typo_font_subset":"","ocean_menu_typo_font_size":0,"ocean_menu_typo_font_size_tablet":0,"ocean_menu_typo_font_size_mobile":0,"ocean_menu_typo_font_size_unit":"px","ocean_menu_typo_font_weight":"","ocean_menu_typo_font_weight_tablet":"","ocean_menu_typo_font_weight_mobile":"","ocean_menu_typo_transform":"","ocean_menu_typo_transform_tablet":"","ocean_menu_typo_transform_mobile":"","ocean_menu_typo_line_height":0,"ocean_menu_typo_line_height_tablet":0,"ocean_menu_typo_line_height_mobile":0,"ocean_menu_typo_line_height_unit":"","ocean_menu_typo_spacing":0,"ocean_menu_typo_spacing_tablet":0,"ocean_menu_typo_spacing_mobile":0,"ocean_menu_typo_spacing_unit":"","ocean_menu_link_color":"","ocean_menu_link_color_hover":"","ocean_menu_link_color_active":"","ocean_menu_link_background":"","ocean_menu_link_hover_background":"","ocean_menu_link_active_background":"","ocean_menu_social_links_bg":"","ocean_menu_social_hover_links_bg":"","ocean_menu_social_links_color":"","ocean_menu_social_hover_links_color":"","ocean_disable_title":"default","ocean_disable_heading":"default","ocean_post_title":"","ocean_post_subheading":"","ocean_post_title_style":"","ocean_post_title_background_color":"","ocean_post_title_background":0,"ocean_post_title_bg_image_position":"","ocean_post_title_bg_image_attachment":"","ocean_post_title_bg_image_repeat":"","ocean_post_title_bg_image_size":"","ocean_post_title_height":0,"ocean_post_title_bg_overlay":0.5,"ocean_post_title_bg_overlay_color":"","ocean_disable_breadcrumbs":"default","ocean_breadcrumbs_color":"","ocean_breadcrumbs_separator_color":"","ocean_breadcrumbs_links_color":"","ocean_breadcrumbs_links_hover_color":"","ocean_display_footer_widgets":"default","ocean_display_footer_bottom":"default","ocean_custom_footer_template":"0"},"product_brand":[],"product_cat":[16,32,821],"product_tag":[381,459,909,973,974,58,400,989,988],"class_list":{"0":"post-1982","1":"product","2":"type-product","3":"status-publish","4":"has-post-thumbnail","6":"product_cat-hund","7":"product_cat-hundefoder","8":"product_cat-prestige","9":"product_tag-centrumdyrehandel","10":"product_tag-hundefoder","11":"product_tag-hundemad","12":"product_tag-kaeldedyrsbutik","13":"product_tag-kaeldedyrsshop","14":"product_tag-pet","15":"product_tag-petstore","16":"product_tag-prestige-adult-healthy","17":"product_tag-prestige-adult-healthy-skin-laks-3-kg","18":"pa_enhed-pose","20":"entry","21":"has-media","23":"first","24":"onbackorder","25":"taxable","26":"shipping-taxable","27":"purchasable","28":"product-type-simple","29":"has-product-nav","30":"col","31":"span_1_of_3","32":"owp-content-center","33":"owp-thumbs-layout-horizontal","34":"owp-btn-normal","35":"owp-tabs-layout-horizontal","37":"circle-sale"},"supplier_id":null,"supplier_sku":"","barcode":null,"atum_controlled":true,"out_stock_date":"2024-10-23 17:09:44","out_stock_threshold":null,"inheritable":false,"inbound_stock":0,"stock_on_hold":0,"sold_today":0,"sales_last_days":0,"reserved_stock":0,"customer_returns":0,"warehouse_damage":0,"lost_in_post":0,"other_logs":0,"out_stock_days":567,"lost_sales":0,"has_location":false,"update_date":"2026-05-14T05:39:35","atum_locations":[],"atum_stock_status":"onbackorder","restock_status":false,"low_stock_amount":2,"sales_update_date":"2026-05-14T05:39:35","calc_backorders":0,"_links":{"self":[{"href":"https:\/\/centrumdyrehandel.dk\/index.php?rest_route=\/wp\/v2\/product\/1982","targetHints":{"allow":["GET"]}}],"collection":[{"href":"https:\/\/centrumdyrehandel.dk\/index.php?rest_route=\/wp\/v2\/product"}],"about":[{"href":"https:\/\/centrumdyrehandel.dk\/index.php?rest_route=\/wp\/v2\/types\/product"}],"replies":[{"embeddable":true,"href":"https:\/\/centrumdyrehandel.dk\/index.php?rest_route=%2Fwp%2Fv2%2Fcomments&post=1982"}],"wp:featuredmedia":[{"embeddable":true,"href":"https:\/\/centrumdyrehandel.dk\/index.php?rest_route=\/wp\/v2\/media\/2512"}],"wp:attachment":[{"href":"https:\/\/centrumdyrehandel.dk\/index.php?rest_route=%2Fwp%2Fv2%2Fmedia&parent=1982"}],"wp:term":[{"taxonomy":"product_brand","embeddable":true,"href":"https:\/\/centrumdyrehandel.dk\/index.php?rest_route=%2Fwp%2Fv2%2Fproduct_brand&post=1982"},{"taxonomy":"product_cat","embeddable":true,"href":"https:\/\/centrumdyrehandel.dk\/index.php?rest_route=%2Fwp%2Fv2%2Fproduct_cat&post=1982"},{"taxonomy":"product_tag","embeddable":true,"href":"https:\/\/centrumdyrehandel.dk\/index.php?rest_route=%2Fwp%2Fv2%2Fproduct_tag&post=1982"}],"curies":[{"name":"wp","href":"https:\/\/api.w.org\/{rel}","templated":true}]}}