{"id":1966,"date":"2024-10-23T17:09:37","date_gmt":"2024-10-23T15:09:37","guid":{"rendered":"https:\/\/centrumdyrehandel.dk\/vare\/nat-heel-hoof\/"},"modified":"2025-09-08T07:20:09","modified_gmt":"2025-09-08T05:20:09","slug":"nat-heel-hoof","status":"publish","type":"product","link":"https:\/\/centrumdyrehandel.dk\/?product=nat-heel-hoof","title":{"rendered":"NAT Heel-Hoof"},"content":{"rendered":"","protected":false},"excerpt":{"rendered":"<p><strong>Til mukdannelse p\u00e5 kode og nederste del af ben.<\/strong><\/p>\n<p class=\"section\">Naturlig creme baseret p\u00e5 f\u00f8rsteklasses planteolier i kombination med lanolin til at beskytte mod muk samt irriteret hud. Lindrende og beskyttende salve som bl.a. har en svampeh\u00e6mmende virkning og underst\u00f8tter opbygning af hudens naturlige balance.<\/p>\n<p><strong>Ingredienser:\u00a0<\/strong>Planteolier, Lanolin<\/p>\n<p><strong>Brugsanvisning:<br \/>\n<\/strong>Vask og aft\u00f8r sarte\/udsatte omr\u00e5der p\u00e5 benene grundigt. Herefter masseres rigeligt Heel to Hoof ind i huden. Skorper fjernes let den efterf\u00f8lgende dag ved forsigtig massage med h\u00e5nden. Skorper fjernes og p\u00e5sm\u00f8ring forts\u00e6ttes dagligt indtil synlig forbedring.<br \/>\nKan evt. bruges i kombination med anti-bakteriel skin spray.<\/p>\n<p>Plejeproduktet indeholder ingen stoffer, der er forbudt af The British Jockey Club og FEI.<\/p>\n<p>Det anbefales at kontakte dyrl\u00e6gen ved enhver tvivl om hestens almene tilstand.<\/p>\n","protected":false},"featured_media":3168,"comment_status":"closed","ping_status":"closed","template":"","meta":{"ocean_post_layout":"","ocean_both_sidebars_style":"","ocean_both_sidebars_content_width":0,"ocean_both_sidebars_sidebars_width":0,"ocean_sidebar":"0","ocean_second_sidebar":"0","ocean_disable_margins":"enable","ocean_add_body_class":"","ocean_shortcode_before_top_bar":"","ocean_shortcode_after_top_bar":"","ocean_shortcode_before_header":"","ocean_shortcode_after_header":"","ocean_has_shortcode":"","ocean_shortcode_after_title":"","ocean_shortcode_before_footer_widgets":"","ocean_shortcode_after_footer_widgets":"","ocean_shortcode_before_footer_bottom":"","ocean_shortcode_after_footer_bottom":"","ocean_display_top_bar":"default","ocean_display_header":"default","ocean_header_style":"","ocean_center_header_left_menu":"0","ocean_custom_header_template":"0","ocean_custom_logo":0,"ocean_custom_retina_logo":0,"ocean_custom_logo_max_width":0,"ocean_custom_logo_tablet_max_width":0,"ocean_custom_logo_mobile_max_width":0,"ocean_custom_logo_max_height":0,"ocean_custom_logo_tablet_max_height":0,"ocean_custom_logo_mobile_max_height":0,"ocean_header_custom_menu":"0","ocean_menu_typo_font_family":"0","ocean_menu_typo_font_subset":"","ocean_menu_typo_font_size":0,"ocean_menu_typo_font_size_tablet":0,"ocean_menu_typo_font_size_mobile":0,"ocean_menu_typo_font_size_unit":"px","ocean_menu_typo_font_weight":"","ocean_menu_typo_font_weight_tablet":"","ocean_menu_typo_font_weight_mobile":"","ocean_menu_typo_transform":"","ocean_menu_typo_transform_tablet":"","ocean_menu_typo_transform_mobile":"","ocean_menu_typo_line_height":0,"ocean_menu_typo_line_height_tablet":0,"ocean_menu_typo_line_height_mobile":0,"ocean_menu_typo_line_height_unit":"","ocean_menu_typo_spacing":0,"ocean_menu_typo_spacing_tablet":0,"ocean_menu_typo_spacing_mobile":0,"ocean_menu_typo_spacing_unit":"","ocean_menu_link_color":"","ocean_menu_link_color_hover":"","ocean_menu_link_color_active":"","ocean_menu_link_background":"","ocean_menu_link_hover_background":"","ocean_menu_link_active_background":"","ocean_menu_social_links_bg":"","ocean_menu_social_hover_links_bg":"","ocean_menu_social_links_color":"","ocean_menu_social_hover_links_color":"","ocean_disable_title":"default","ocean_disable_heading":"default","ocean_post_title":"","ocean_post_subheading":"","ocean_post_title_style":"","ocean_post_title_background_color":"","ocean_post_title_background":0,"ocean_post_title_bg_image_position":"","ocean_post_title_bg_image_attachment":"","ocean_post_title_bg_image_repeat":"","ocean_post_title_bg_image_size":"","ocean_post_title_height":0,"ocean_post_title_bg_overlay":0.5,"ocean_post_title_bg_overlay_color":"","ocean_disable_breadcrumbs":"default","ocean_breadcrumbs_color":"","ocean_breadcrumbs_separator_color":"","ocean_breadcrumbs_links_color":"","ocean_breadcrumbs_links_hover_color":"","ocean_display_footer_widgets":"default","ocean_display_footer_bottom":"default","ocean_custom_footer_template":"0"},"product_brand":[],"product_cat":[797,818],"product_tag":[923,1154],"class_list":{"0":"post-1966","1":"product","2":"type-product","3":"status-publish","4":"has-post-thumbnail","6":"product_cat-hest","7":"product_cat-plejemidler","8":"product_tag-hest","9":"product_tag-natural-heel-to-hoof","10":"pa_enhed-boette","12":"entry","13":"has-media","15":"first","16":"onbackorder","17":"taxable","18":"shipping-taxable","19":"purchasable","20":"product-type-simple","21":"has-product-nav","22":"col","23":"span_1_of_3","24":"owp-content-center","25":"owp-thumbs-layout-horizontal","26":"owp-btn-normal","27":"owp-tabs-layout-horizontal","28":"has-no-thumbnails","30":"circle-sale"},"supplier_id":null,"supplier_sku":"","barcode":null,"atum_controlled":true,"out_stock_date":"2024-10-23 17:09:42","out_stock_threshold":null,"inheritable":false,"inbound_stock":0,"stock_on_hold":0,"sold_today":0,"sales_last_days":0,"reserved_stock":0,"customer_returns":0,"warehouse_damage":0,"lost_in_post":0,"other_logs":0,"out_stock_days":567,"lost_sales":0,"has_location":false,"update_date":"2026-05-14T05:39:27","atum_locations":[],"atum_stock_status":"onbackorder","restock_status":false,"low_stock_amount":2,"sales_update_date":"2026-05-14T05:39:27","calc_backorders":0,"_links":{"self":[{"href":"https:\/\/centrumdyrehandel.dk\/index.php?rest_route=\/wp\/v2\/product\/1966","targetHints":{"allow":["GET"]}}],"collection":[{"href":"https:\/\/centrumdyrehandel.dk\/index.php?rest_route=\/wp\/v2\/product"}],"about":[{"href":"https:\/\/centrumdyrehandel.dk\/index.php?rest_route=\/wp\/v2\/types\/product"}],"replies":[{"embeddable":true,"href":"https:\/\/centrumdyrehandel.dk\/index.php?rest_route=%2Fwp%2Fv2%2Fcomments&post=1966"}],"wp:featuredmedia":[{"embeddable":true,"href":"https:\/\/centrumdyrehandel.dk\/index.php?rest_route=\/wp\/v2\/media\/3168"}],"wp:attachment":[{"href":"https:\/\/centrumdyrehandel.dk\/index.php?rest_route=%2Fwp%2Fv2%2Fmedia&parent=1966"}],"wp:term":[{"taxonomy":"product_brand","embeddable":true,"href":"https:\/\/centrumdyrehandel.dk\/index.php?rest_route=%2Fwp%2Fv2%2Fproduct_brand&post=1966"},{"taxonomy":"product_cat","embeddable":true,"href":"https:\/\/centrumdyrehandel.dk\/index.php?rest_route=%2Fwp%2Fv2%2Fproduct_cat&post=1966"},{"taxonomy":"product_tag","embeddable":true,"href":"https:\/\/centrumdyrehandel.dk\/index.php?rest_route=%2Fwp%2Fv2%2Fproduct_tag&post=1966"}],"curies":[{"name":"wp","href":"https:\/\/api.w.org\/{rel}","templated":true}]}}