{"id":1946,"date":"2024-10-23T17:09:37","date_gmt":"2024-10-23T15:09:37","guid":{"rendered":"https:\/\/centrumdyrehandel.dk\/vare\/vetrocalm-intense-instant-125ml\/"},"modified":"2025-09-08T07:38:15","modified_gmt":"2025-09-08T05:38:15","slug":"vetrocalm-intense-instant-125ml","status":"publish","type":"product","link":"https:\/\/centrumdyrehandel.dk\/?product=vetrocalm-intense-instant-125ml","title":{"rendered":"VetroCalm Intense Instant 1*25ml"},"content":{"rendered":"<h5 class=\"section\">Baseret p\u00e5 Equine Oxyshot-teknologi\u00a0 &#8211;\u00a0er\u00a0velegnet til nye og stressende situationer eller situationer, hvor det skal v\u00e6re nemt og hurtigt.<\/h5>\n<p class=\"section\">Virker p\u00e5 f\u00e5 minutter, har effekt i flere timer! Selv et lille fald i oxygenniveauet kan for\u00e5rsage en adf\u00e6rds\u00e6ndring. Vetrocalm Intense instant virker ved at \u00f8ge oxygenniveauet hos hesten ved hj\u00e6lp af naturlige komponenter. Ved stress har kroppen et \u00f8get behov for oxygen og f\u00f8r en konkurrence \u00f8ges dette behov yderligere, da kroppen sender vitale n\u00e6ringsstoffer til hjernen og de arbejdende muskler.<br \/>\nTilskud til heste og ponyer, der har brug for mental st\u00f8tte under den daglige tr\u00e6ning og h\u00e5ndtering samt i konkurrencesituationer.<\/p>\n<h5>Tilskud til heste og ponyer, der har brug for mental st\u00f8tte under den daglige tr\u00e6ning og h\u00e5ndtering samt i konkurrencesituationer.<\/h5>\n<p>Vetrocalm\u00ae er en kombination af magnesium og aminosyrerne lysin, methionin og tryptofan. Tryptofan er en essentiel aminosyre. Denne aminosyre er startmolekyle for dannelse af serotonin, melatonin og niacin (Vitamin B3). Alle tre indvirker p\u00e5 centralnervesystemet, og stimulerer frigivelsen af signalstoffer, som har stor indflydelse p\u00e5 mental velbefindende. Hvis hesten har et \u00f8get behov for tryptofan, hvilket kan v\u00e6re medf\u00f8dt eller opst\u00e5 af f.eks. stress, s\u00e5 vil tildeling af Vetrocalm hj\u00e6lpe til, at hesten f\u00f8ler st\u00f8rre overskud, og derfor bedre kan h\u00e5ndtere ukendte situationer og nye udfordringer. Magnesium indg\u00e5r i mange af kroppens processer, men spiller is\u00e6r en vigtig rolle i centralnervesystemet og i kroppens h\u00e5ndtering af nerv\u00f8sitet og \u00e6ngstelse. Vetrocalm\u00ae indeholder to specifikke former af magnesium; magnesiumsulfat og cheleret magnesium, som sammen \u00f8ger optagelsen af magnesium. Kombinationen af aminosyrerne og de to specifikke former af magnesium medvirker til en mere rolig og koncentreret adf\u00e6rd hos heste med tendens til nerv\u00f8sitet og urolig adf\u00e6rd.<\/p>\n<p>Healthy udgaven indeholder de to specifikke former af magnesium og er til heste, som kun har et \u00f8get behov for magnesium, men ikke tryptofan. Vetrocalm\u00ae Intense Instant indeholder ikke magnesium og tryptofan, men er derimod helt unik, da den er baseret p\u00e5 Equine Oxyshot-teknologi i stedet. Dette betyder, at virkningen er meget hurtig (virker i l\u00f8bet af ca. 30 minutter) og er s\u00e6rdeles velegnet til nye og stressende situationer, og hvor det skal v\u00e6re nemt og hurtigt. Indeholder ingen forbudte stoffer og kan problemfrit anvendes i l\u00e6ngere perioder.<\/p>\n<p>Bem\u00e6rk: Vetrocalm er udviklet til opblanding med foderet og m\u00e5 ikke opblandes med vand til en pasta. Det skyldes, at Vetrocalm Growing, Healthy og Senior har en relativ h\u00f8j koncentration af magnesiumsulfat. Mixes h\u00f8je koncentrationer af magnesiumsulfat med en lille vandm\u00e6ngde kan varmeudvikling forekomme. Brogaarden har testet Vetrocalm med hel dagsdosis blandet med roepiller (1dl) og vand (5dl) hvilket ikke har udviklet varme. Magnesiumsulfat er en godkendt ingrediens der findes i mange forskellige tilskud, hvor producentens anvisninger for anvendelse altid b\u00f8r f\u00f8lges. Vi anbefaler generelt ved brug af tilskud, at dagsdosis fordeles sammen med foderet over flere daglige m\u00e5ltider.<\/p>\n","protected":false},"excerpt":{"rendered":"<p>Baseret p\u00e5 Equine Oxyshot-teknologi\u00a0 &#8211;\u00a0er\u00a0velegnet til nye og stressende situationer eller situationer, hvor det skal v\u00e6re nemt og hurtigt. Virker p\u00e5 f\u00e5 minutter, har effekt i flere timer! Selv et lille fald i oxygenniveauet kan for\u00e5rsage en adf\u00e6rds\u00e6ndring. Vetrocalm Intense instant virker ved at \u00f8ge oxygenniveauet hos hesten ved hj\u00e6lp af naturlige komponenter. Ved stress [&hellip;]<\/p>\n","protected":false},"featured_media":3179,"comment_status":"closed","ping_status":"closed","template":"","meta":{"ocean_post_layout":"","ocean_both_sidebars_style":"","ocean_both_sidebars_content_width":0,"ocean_both_sidebars_sidebars_width":0,"ocean_sidebar":"0","ocean_second_sidebar":"0","ocean_disable_margins":"enable","ocean_add_body_class":"","ocean_shortcode_before_top_bar":"","ocean_shortcode_after_top_bar":"","ocean_shortcode_before_header":"","ocean_shortcode_after_header":"","ocean_has_shortcode":"","ocean_shortcode_after_title":"","ocean_shortcode_before_footer_widgets":"","ocean_shortcode_after_footer_widgets":"","ocean_shortcode_before_footer_bottom":"","ocean_shortcode_after_footer_bottom":"","ocean_display_top_bar":"default","ocean_display_header":"default","ocean_header_style":"","ocean_center_header_left_menu":"0","ocean_custom_header_template":"0","ocean_custom_logo":0,"ocean_custom_retina_logo":0,"ocean_custom_logo_max_width":0,"ocean_custom_logo_tablet_max_width":0,"ocean_custom_logo_mobile_max_width":0,"ocean_custom_logo_max_height":0,"ocean_custom_logo_tablet_max_height":0,"ocean_custom_logo_mobile_max_height":0,"ocean_header_custom_menu":"0","ocean_menu_typo_font_family":"0","ocean_menu_typo_font_subset":"","ocean_menu_typo_font_size":0,"ocean_menu_typo_font_size_tablet":0,"ocean_menu_typo_font_size_mobile":0,"ocean_menu_typo_font_size_unit":"px","ocean_menu_typo_font_weight":"","ocean_menu_typo_font_weight_tablet":"","ocean_menu_typo_font_weight_mobile":"","ocean_menu_typo_transform":"","ocean_menu_typo_transform_tablet":"","ocean_menu_typo_transform_mobile":"","ocean_menu_typo_line_height":0,"ocean_menu_typo_line_height_tablet":0,"ocean_menu_typo_line_height_mobile":0,"ocean_menu_typo_line_height_unit":"","ocean_menu_typo_spacing":0,"ocean_menu_typo_spacing_tablet":0,"ocean_menu_typo_spacing_mobile":0,"ocean_menu_typo_spacing_unit":"","ocean_menu_link_color":"","ocean_menu_link_color_hover":"","ocean_menu_link_color_active":"","ocean_menu_link_background":"","ocean_menu_link_hover_background":"","ocean_menu_link_active_background":"","ocean_menu_social_links_bg":"","ocean_menu_social_hover_links_bg":"","ocean_menu_social_links_color":"","ocean_menu_social_hover_links_color":"","ocean_disable_title":"default","ocean_disable_heading":"default","ocean_post_title":"","ocean_post_subheading":"","ocean_post_title_style":"","ocean_post_title_background_color":"","ocean_post_title_background":0,"ocean_post_title_bg_image_position":"","ocean_post_title_bg_image_attachment":"","ocean_post_title_bg_image_repeat":"","ocean_post_title_bg_image_size":"","ocean_post_title_height":0,"ocean_post_title_bg_overlay":0.5,"ocean_post_title_bg_overlay_color":"","ocean_disable_breadcrumbs":"default","ocean_breadcrumbs_color":"","ocean_breadcrumbs_separator_color":"","ocean_breadcrumbs_links_color":"","ocean_breadcrumbs_links_hover_color":"","ocean_display_footer_widgets":"default","ocean_display_footer_bottom":"default","ocean_custom_footer_template":"0"},"product_brand":[],"product_cat":[812,798,797],"product_tag":[1158,1157],"class_list":{"0":"post-1946","1":"product","2":"type-product","3":"status-publish","4":"has-post-thumbnail","6":"product_cat-animalife","7":"product_cat-foder-hest","8":"product_cat-hest","9":"product_tag-het","10":"product_tag-vetrocalm-intense-instant-sproejte","11":"pa_enhed-tube","13":"entry","14":"has-media","16":"first","17":"onbackorder","18":"taxable","19":"shipping-taxable","20":"purchasable","21":"product-type-simple","22":"has-product-nav","23":"col","24":"span_1_of_3","25":"owp-content-center","26":"owp-thumbs-layout-horizontal","27":"owp-btn-normal","28":"owp-tabs-layout-horizontal","29":"has-no-thumbnails","31":"circle-sale"},"supplier_id":null,"supplier_sku":"","barcode":null,"atum_controlled":true,"out_stock_date":"2024-10-23 17:09:39","out_stock_threshold":null,"inheritable":false,"inbound_stock":0,"stock_on_hold":0,"sold_today":0,"sales_last_days":0,"reserved_stock":0,"customer_returns":0,"warehouse_damage":0,"lost_in_post":0,"other_logs":0,"out_stock_days":567,"lost_sales":0,"has_location":false,"update_date":"2026-05-14T05:39:37","atum_locations":[],"atum_stock_status":"onbackorder","restock_status":false,"low_stock_amount":2,"sales_update_date":"2026-05-14T05:39:37","calc_backorders":0,"_links":{"self":[{"href":"https:\/\/centrumdyrehandel.dk\/index.php?rest_route=\/wp\/v2\/product\/1946","targetHints":{"allow":["GET"]}}],"collection":[{"href":"https:\/\/centrumdyrehandel.dk\/index.php?rest_route=\/wp\/v2\/product"}],"about":[{"href":"https:\/\/centrumdyrehandel.dk\/index.php?rest_route=\/wp\/v2\/types\/product"}],"replies":[{"embeddable":true,"href":"https:\/\/centrumdyrehandel.dk\/index.php?rest_route=%2Fwp%2Fv2%2Fcomments&post=1946"}],"wp:featuredmedia":[{"embeddable":true,"href":"https:\/\/centrumdyrehandel.dk\/index.php?rest_route=\/wp\/v2\/media\/3179"}],"wp:attachment":[{"href":"https:\/\/centrumdyrehandel.dk\/index.php?rest_route=%2Fwp%2Fv2%2Fmedia&parent=1946"}],"wp:term":[{"taxonomy":"product_brand","embeddable":true,"href":"https:\/\/centrumdyrehandel.dk\/index.php?rest_route=%2Fwp%2Fv2%2Fproduct_brand&post=1946"},{"taxonomy":"product_cat","embeddable":true,"href":"https:\/\/centrumdyrehandel.dk\/index.php?rest_route=%2Fwp%2Fv2%2Fproduct_cat&post=1946"},{"taxonomy":"product_tag","embeddable":true,"href":"https:\/\/centrumdyrehandel.dk\/index.php?rest_route=%2Fwp%2Fv2%2Fproduct_tag&post=1946"}],"curies":[{"name":"wp","href":"https:\/\/api.w.org\/{rel}","templated":true}]}}