{"id":1942,"date":"2024-10-23T17:09:37","date_gmt":"2024-10-23T15:09:37","guid":{"rendered":"https:\/\/centrumdyrehandel.dk\/vare\/vetroflex-1kg\/"},"modified":"2025-09-18T11:25:03","modified_gmt":"2025-09-18T09:25:03","slug":"vetroflex-1kg","status":"publish","type":"product","link":"https:\/\/centrumdyrehandel.dk\/?product=vetroflex-1kg","title":{"rendered":"Vetroflex Ledtilskud &#8211; 1000 g"},"content":{"rendered":"<h4><strong>Tilskud som styrker led og underst\u00f8tter sund og st\u00e6rk ledbrusk<\/strong>\u00a0hos heste.<\/h4>\n<ul>\n<li>M\u00e5lrettet led, brusk, ledv\u00e6ske, ligamenter og sener<\/li>\n<li>Beskytter og opbygger<\/li>\n<li>Unik og gennemtestet<\/li>\n<\/ul>\n<p class=\"section\">\u00a0Det naturlige valg for sunde led og pr\u00e6station uanset din hests alder og livsstil.<\/p>\n<p class=\"section\">Vidste du, at stivhed og nedsat mobilitet kan betyde \u00e6ndringer i leddene hos din hest? Til forskel fra produkter baseret p\u00e5 glukosamin, chondroitin, og andre produkter best\u00e5ende af komponenter til ledstrukturen, er Vetroflex\u00ae videnskabeligt formuleret til at sikre hurtig og maksimal absorption. Dette g\u00f8r kroppen i stand til ikke kun at styrke leddet, men ogs\u00e5 til at underst\u00f8tte sund og st\u00e6rk ledbrusk.<\/p>\n<p>Vetroflex\u00ae er en s\u00e6rlig blanding af peptider fra hydrolyseret kollagen.\u00a0 Vetroflex\u00ae kan gives sammen med Vetrofen\u00ae eller kan udfodres dagligt alene for at vedligeholde sunde og st\u00e6rke led og knogler hos konkurrencehesten, den \u00e6ldre hest eller andre heste med behov for st\u00f8tte.<\/p>\n<p>Kollagen er det hyppigst forekommende protein i kroppen og giver led, knogler, ligamenter og bindev\u00e6v deres strukturelle matrix.\u00a0 Vetroflex\u00ae er formuleret med den optimale aminosyresammens\u00e6tning for at efterligne de strukturelle komponenter i brusk, og underst\u00f8tte produktionen af kollagen fra kondrocytterne indlejret i den ekstracellul\u00e6re matrix.<\/p>\n<p>Vetroflex\u00ae beskytter og st\u00f8tter gendannelsen af brusk og ledv\u00e6ske, og stimulerer samtidig bruskcellerne til at producere mere kollagen og proteoglykaner.\u00a0 Vetroflex\u00ae vedligeholder ogs\u00e5 sunde hove og pels. Bruges af professionelle og anbefales af f\u00f8rende engelske ryttere.<\/p>\n<p>Vetroflex indeholder den optimale sammens\u00e6tning af n\u00f8dvendige biotilg\u00e6ngelige kollagenpeptider til at \u00f8ge styrken i led og brusk. Brusk beskytter dine hestes knogler og led mod den friktion, der for\u00e5rsages af almindelige bev\u00e6gelser. Ledbrusken danner en h\u00e5rd og glat kappe for enden af hver knogle.<br \/>\nDen indeholder kollagen og proteoglykaner, som danner et net-agtigt v\u00e6v, der tillader brusken at v\u00e6re fleksibel og st\u00f8dabsorberende. Kollagen er det hyppigst forekommende protein i kroppen, og det leverer den strukturelle matrix i knogler, led og bindev\u00e6v, og er derfor en essentiel komponent i ledsundhed og pr\u00e6station.<\/p>\n","protected":false},"excerpt":{"rendered":"<p>Tilskud som styrker led og underst\u00f8tter sund og st\u00e6rk ledbrusk\u00a0hos heste. M\u00e5lrettet led, brusk, ledv\u00e6ske, ligamenter og sener Beskytter og opbygger Unik og gennemtestet \u00a0Det naturlige valg for sunde led og pr\u00e6station uanset din hests alder og livsstil. Vidste du, at stivhed og nedsat mobilitet kan betyde \u00e6ndringer i leddene hos din hest? Til forskel [&hellip;]<\/p>\n","protected":false},"featured_media":3612,"comment_status":"closed","ping_status":"closed","template":"","meta":{"ocean_post_layout":"","ocean_both_sidebars_style":"","ocean_both_sidebars_content_width":0,"ocean_both_sidebars_sidebars_width":0,"ocean_sidebar":"0","ocean_second_sidebar":"0","ocean_disable_margins":"enable","ocean_add_body_class":"","ocean_shortcode_before_top_bar":"","ocean_shortcode_after_top_bar":"","ocean_shortcode_before_header":"","ocean_shortcode_after_header":"","ocean_has_shortcode":"","ocean_shortcode_after_title":"","ocean_shortcode_before_footer_widgets":"","ocean_shortcode_after_footer_widgets":"","ocean_shortcode_before_footer_bottom":"","ocean_shortcode_after_footer_bottom":"","ocean_display_top_bar":"default","ocean_display_header":"default","ocean_header_style":"","ocean_center_header_left_menu":"0","ocean_custom_header_template":"0","ocean_custom_logo":0,"ocean_custom_retina_logo":0,"ocean_custom_logo_max_width":0,"ocean_custom_logo_tablet_max_width":0,"ocean_custom_logo_mobile_max_width":0,"ocean_custom_logo_max_height":0,"ocean_custom_logo_tablet_max_height":0,"ocean_custom_logo_mobile_max_height":0,"ocean_header_custom_menu":"0","ocean_menu_typo_font_family":"0","ocean_menu_typo_font_subset":"","ocean_menu_typo_font_size":0,"ocean_menu_typo_font_size_tablet":0,"ocean_menu_typo_font_size_mobile":0,"ocean_menu_typo_font_size_unit":"px","ocean_menu_typo_font_weight":"","ocean_menu_typo_font_weight_tablet":"","ocean_menu_typo_font_weight_mobile":"","ocean_menu_typo_transform":"","ocean_menu_typo_transform_tablet":"","ocean_menu_typo_transform_mobile":"","ocean_menu_typo_line_height":0,"ocean_menu_typo_line_height_tablet":0,"ocean_menu_typo_line_height_mobile":0,"ocean_menu_typo_line_height_unit":"","ocean_menu_typo_spacing":0,"ocean_menu_typo_spacing_tablet":0,"ocean_menu_typo_spacing_mobile":0,"ocean_menu_typo_spacing_unit":"","ocean_menu_link_color":"","ocean_menu_link_color_hover":"","ocean_menu_link_color_active":"","ocean_menu_link_background":"","ocean_menu_link_hover_background":"","ocean_menu_link_active_background":"","ocean_menu_social_links_bg":"","ocean_menu_social_hover_links_bg":"","ocean_menu_social_links_color":"","ocean_menu_social_hover_links_color":"","ocean_disable_title":"default","ocean_disable_heading":"default","ocean_post_title":"","ocean_post_subheading":"","ocean_post_title_style":"","ocean_post_title_background_color":"","ocean_post_title_background":0,"ocean_post_title_bg_image_position":"","ocean_post_title_bg_image_attachment":"","ocean_post_title_bg_image_repeat":"","ocean_post_title_bg_image_size":"","ocean_post_title_height":0,"ocean_post_title_bg_overlay":0.5,"ocean_post_title_bg_overlay_color":"","ocean_disable_breadcrumbs":"default","ocean_breadcrumbs_color":"","ocean_breadcrumbs_separator_color":"","ocean_breadcrumbs_links_color":"","ocean_breadcrumbs_links_hover_color":"","ocean_display_footer_widgets":"default","ocean_display_footer_bottom":"default","ocean_custom_footer_template":"0"},"product_brand":[],"product_cat":[812,798,797],"product_tag":[1273,1272,1271,1270],"class_list":{"0":"post-1942","1":"product","2":"type-product","3":"status-publish","4":"has-post-thumbnail","6":"product_cat-animalife","7":"product_cat-foder-hest","8":"product_cat-hest","9":"product_tag-ledtilskud","10":"product_tag-vetroflex","11":"product_tag-vetroflex-ledtilskud","12":"product_tag-vetroflex-ledtilskud-1000-g","13":"pa_enhed-spand","15":"entry","16":"has-media","18":"first","19":"onbackorder","20":"taxable","21":"shipping-taxable","22":"purchasable","23":"product-type-simple","24":"has-product-nav","25":"col","26":"span_1_of_3","27":"owp-content-center","28":"owp-thumbs-layout-horizontal","29":"owp-btn-normal","30":"owp-tabs-layout-horizontal","31":"has-no-thumbnails","33":"circle-sale"},"supplier_id":null,"supplier_sku":"","barcode":null,"atum_controlled":true,"out_stock_date":"2024-10-23 17:09:38","out_stock_threshold":null,"inheritable":false,"inbound_stock":0,"stock_on_hold":0,"sold_today":0,"sales_last_days":0,"reserved_stock":0,"customer_returns":0,"warehouse_damage":0,"lost_in_post":0,"other_logs":0,"out_stock_days":567,"lost_sales":0,"has_location":false,"update_date":"2026-05-14T05:39:35","atum_locations":[],"atum_stock_status":"onbackorder","restock_status":false,"low_stock_amount":2,"sales_update_date":"2026-05-14T05:39:35","calc_backorders":0,"_links":{"self":[{"href":"https:\/\/centrumdyrehandel.dk\/index.php?rest_route=\/wp\/v2\/product\/1942","targetHints":{"allow":["GET"]}}],"collection":[{"href":"https:\/\/centrumdyrehandel.dk\/index.php?rest_route=\/wp\/v2\/product"}],"about":[{"href":"https:\/\/centrumdyrehandel.dk\/index.php?rest_route=\/wp\/v2\/types\/product"}],"replies":[{"embeddable":true,"href":"https:\/\/centrumdyrehandel.dk\/index.php?rest_route=%2Fwp%2Fv2%2Fcomments&post=1942"}],"wp:featuredmedia":[{"embeddable":true,"href":"https:\/\/centrumdyrehandel.dk\/index.php?rest_route=\/wp\/v2\/media\/3612"}],"wp:attachment":[{"href":"https:\/\/centrumdyrehandel.dk\/index.php?rest_route=%2Fwp%2Fv2%2Fmedia&parent=1942"}],"wp:term":[{"taxonomy":"product_brand","embeddable":true,"href":"https:\/\/centrumdyrehandel.dk\/index.php?rest_route=%2Fwp%2Fv2%2Fproduct_brand&post=1942"},{"taxonomy":"product_cat","embeddable":true,"href":"https:\/\/centrumdyrehandel.dk\/index.php?rest_route=%2Fwp%2Fv2%2Fproduct_cat&post=1942"},{"taxonomy":"product_tag","embeddable":true,"href":"https:\/\/centrumdyrehandel.dk\/index.php?rest_route=%2Fwp%2Fv2%2Fproduct_tag&post=1942"}],"curies":[{"name":"wp","href":"https:\/\/api.w.org\/{rel}","templated":true}]}}