{"id":1936,"date":"2024-10-23T17:09:37","date_gmt":"2024-10-23T15:09:37","guid":{"rendered":"https:\/\/centrumdyrehandel.dk\/vare\/vetrofen-healthy-360g\/"},"modified":"2025-09-08T07:55:00","modified_gmt":"2025-09-08T05:55:00","slug":"vetrofen-healthy-360g","status":"publish","type":"product","link":"https:\/\/centrumdyrehandel.dk\/?product=vetrofen-healthy-360g","title":{"rendered":"Vetrofen Healthy 360g"},"content":{"rendered":"<h5 class=\"section\">Tilskud af naturlige antioxidanter til heste og ponyer, is\u00e6r \u00e6ldre heste, der har brug for st\u00f8tte til vedligehold af bev\u00e6geapparatet i dagligdagen.<\/h5>\n<p class=\"section\">Vetrofen\u00ae Healthy er en s\u00e6rlig blanding af naturlige urter med effektiv antioxidant virkning for st\u00f8tte af kroppens naturlige helingsprocesser. Cellerne i hestens krop findes generelt i en balance, hvorved eventuelle skadelige metabolske forbindelser, der produceres, konstant neutraliseres af kroppens egne forsvarsmekanismer.<br \/>\nMen nogle gange kan eksterne udfordringer, s\u00e5som motion, opstaldning eller sm\u00e5 belastninger i hverdagen, betyde, at ligev\u00e6gten forstyrres, hvorved kroppens egen produktion af antioxidanter overskrides.<br \/>\nDet giver derfor god mening med en daglig tildeling af ekstra antioxidanter for at give den n\u00f8dvendige ekstra st\u00f8tte.<\/p>\n<h2>Vetrofen &#8211; Animalife<\/h2>\n<p>Vetrofen\u00ae Intense er en s\u00e6rlig blanding af naturlige Pragtskjolddrager (Scutellaria Baicalensis) og ekstrakt af Katekutr\u00e6 (Acacia Catechu) med en effektiv antioxidant virkning.<\/p>\n<p>Vetrofen st\u00f8tter kroppens naturlige helingsprocesser. Vetrofen Intense er et hurtigt virkende tilskud, som indeholder en helt naturlig antioxidantblanding, der retter sig mod komfort og restitution. Vetrofen Intense er videnskabeligt formuleret til at hj\u00e6lpe heste og ponyer, n\u00e5r de har brug for ern\u00e6ringsm\u00e6ssig st\u00f8tte i forbindelse med intensiv aktivitet, den naturlige aldringsproces og restitiution.<\/p>\n<p>Vetrofen kan ogs\u00e5 f\u00e5es som Vetrofen Intense samt Vetrofen Intense instant.<\/p>\n<p>Vetrofen Intense instant findes som en mundspr\u00f8jte med \u00e6blesmag &#8211; til at anvende derhjemme eller p\u00e5 rejsen.<\/p>\n","protected":false},"excerpt":{"rendered":"<p>Tilskud af naturlige antioxidanter til heste og ponyer, is\u00e6r \u00e6ldre heste, der har brug for st\u00f8tte til vedligehold af bev\u00e6geapparatet i dagligdagen. Vetrofen\u00ae Healthy er en s\u00e6rlig blanding af naturlige urter med effektiv antioxidant virkning for st\u00f8tte af kroppens naturlige helingsprocesser. Cellerne i hestens krop findes generelt i en balance, hvorved eventuelle skadelige metabolske forbindelser, [&hellip;]<\/p>\n","protected":false},"featured_media":3187,"comment_status":"closed","ping_status":"closed","template":"","meta":{"ocean_post_layout":"","ocean_both_sidebars_style":"","ocean_both_sidebars_content_width":0,"ocean_both_sidebars_sidebars_width":0,"ocean_sidebar":"0","ocean_second_sidebar":"0","ocean_disable_margins":"enable","ocean_add_body_class":"","ocean_shortcode_before_top_bar":"","ocean_shortcode_after_top_bar":"","ocean_shortcode_before_header":"","ocean_shortcode_after_header":"","ocean_has_shortcode":"","ocean_shortcode_after_title":"","ocean_shortcode_before_footer_widgets":"","ocean_shortcode_after_footer_widgets":"","ocean_shortcode_before_footer_bottom":"","ocean_shortcode_after_footer_bottom":"","ocean_display_top_bar":"default","ocean_display_header":"default","ocean_header_style":"","ocean_center_header_left_menu":"0","ocean_custom_header_template":"0","ocean_custom_logo":0,"ocean_custom_retina_logo":0,"ocean_custom_logo_max_width":0,"ocean_custom_logo_tablet_max_width":0,"ocean_custom_logo_mobile_max_width":0,"ocean_custom_logo_max_height":0,"ocean_custom_logo_tablet_max_height":0,"ocean_custom_logo_mobile_max_height":0,"ocean_header_custom_menu":"0","ocean_menu_typo_font_family":"0","ocean_menu_typo_font_subset":"","ocean_menu_typo_font_size":0,"ocean_menu_typo_font_size_tablet":0,"ocean_menu_typo_font_size_mobile":0,"ocean_menu_typo_font_size_unit":"px","ocean_menu_typo_font_weight":"","ocean_menu_typo_font_weight_tablet":"","ocean_menu_typo_font_weight_mobile":"","ocean_menu_typo_transform":"","ocean_menu_typo_transform_tablet":"","ocean_menu_typo_transform_mobile":"","ocean_menu_typo_line_height":0,"ocean_menu_typo_line_height_tablet":0,"ocean_menu_typo_line_height_mobile":0,"ocean_menu_typo_line_height_unit":"","ocean_menu_typo_spacing":0,"ocean_menu_typo_spacing_tablet":0,"ocean_menu_typo_spacing_mobile":0,"ocean_menu_typo_spacing_unit":"","ocean_menu_link_color":"","ocean_menu_link_color_hover":"","ocean_menu_link_color_active":"","ocean_menu_link_background":"","ocean_menu_link_hover_background":"","ocean_menu_link_active_background":"","ocean_menu_social_links_bg":"","ocean_menu_social_hover_links_bg":"","ocean_menu_social_links_color":"","ocean_menu_social_hover_links_color":"","ocean_disable_title":"default","ocean_disable_heading":"default","ocean_post_title":"","ocean_post_subheading":"","ocean_post_title_style":"","ocean_post_title_background_color":"","ocean_post_title_background":0,"ocean_post_title_bg_image_position":"","ocean_post_title_bg_image_attachment":"","ocean_post_title_bg_image_repeat":"","ocean_post_title_bg_image_size":"","ocean_post_title_height":0,"ocean_post_title_bg_overlay":0.5,"ocean_post_title_bg_overlay_color":"","ocean_disable_breadcrumbs":"default","ocean_breadcrumbs_color":"","ocean_breadcrumbs_separator_color":"","ocean_breadcrumbs_links_color":"","ocean_breadcrumbs_links_hover_color":"","ocean_display_footer_widgets":"default","ocean_display_footer_bottom":"default","ocean_custom_footer_template":"0"},"product_brand":[],"product_cat":[812,798,797],"product_tag":[923,1159],"class_list":{"0":"post-1936","1":"product","2":"type-product","3":"status-publish","4":"has-post-thumbnail","6":"product_cat-animalife","7":"product_cat-foder-hest","8":"product_cat-hest","9":"product_tag-hest","10":"product_tag-vetrofen-healthy","11":"pa_enhed-spand","13":"entry","14":"has-media","16":"first","17":"onbackorder","18":"taxable","19":"shipping-taxable","20":"purchasable","21":"product-type-simple","22":"has-product-nav","23":"col","24":"span_1_of_3","25":"owp-content-center","26":"owp-thumbs-layout-horizontal","27":"owp-btn-normal","28":"owp-tabs-layout-horizontal","30":"circle-sale"},"supplier_id":null,"supplier_sku":"","barcode":null,"atum_controlled":true,"out_stock_date":"2024-10-23 17:09:37","out_stock_threshold":null,"inheritable":false,"inbound_stock":0,"stock_on_hold":0,"sold_today":0,"sales_last_days":0,"reserved_stock":0,"customer_returns":0,"warehouse_damage":0,"lost_in_post":0,"other_logs":0,"out_stock_days":567,"lost_sales":0,"has_location":false,"update_date":"2026-05-14T05:39:35","atum_locations":[],"atum_stock_status":"onbackorder","restock_status":false,"low_stock_amount":2,"sales_update_date":"2026-05-14T05:39:35","calc_backorders":0,"_links":{"self":[{"href":"https:\/\/centrumdyrehandel.dk\/index.php?rest_route=\/wp\/v2\/product\/1936","targetHints":{"allow":["GET"]}}],"collection":[{"href":"https:\/\/centrumdyrehandel.dk\/index.php?rest_route=\/wp\/v2\/product"}],"about":[{"href":"https:\/\/centrumdyrehandel.dk\/index.php?rest_route=\/wp\/v2\/types\/product"}],"replies":[{"embeddable":true,"href":"https:\/\/centrumdyrehandel.dk\/index.php?rest_route=%2Fwp%2Fv2%2Fcomments&post=1936"}],"wp:featuredmedia":[{"embeddable":true,"href":"https:\/\/centrumdyrehandel.dk\/index.php?rest_route=\/wp\/v2\/media\/3187"}],"wp:attachment":[{"href":"https:\/\/centrumdyrehandel.dk\/index.php?rest_route=%2Fwp%2Fv2%2Fmedia&parent=1936"}],"wp:term":[{"taxonomy":"product_brand","embeddable":true,"href":"https:\/\/centrumdyrehandel.dk\/index.php?rest_route=%2Fwp%2Fv2%2Fproduct_brand&post=1936"},{"taxonomy":"product_cat","embeddable":true,"href":"https:\/\/centrumdyrehandel.dk\/index.php?rest_route=%2Fwp%2Fv2%2Fproduct_cat&post=1936"},{"taxonomy":"product_tag","embeddable":true,"href":"https:\/\/centrumdyrehandel.dk\/index.php?rest_route=%2Fwp%2Fv2%2Fproduct_tag&post=1936"}],"curies":[{"name":"wp","href":"https:\/\/api.w.org\/{rel}","templated":true}]}}