{"id":1909,"date":"2024-10-23T17:09:17","date_gmt":"2024-10-23T15:09:17","guid":{"rendered":"https:\/\/centrumdyrehandel.dk\/vare\/racing-mineral\/"},"modified":"2025-09-18T08:23:36","modified_gmt":"2025-09-18T06:23:36","slug":"racing-mineral","status":"publish","type":"product","link":"https:\/\/centrumdyrehandel.dk\/?product=racing-mineral","title":{"rendered":"Racing mineral"},"content":{"rendered":"<p><strong>Vitamin \/mineraltilskud i pilleform til heste<\/strong><\/p>\n<p class=\"section\">Racing mineral er ideel til heste som har brug for et allround vitamin- og mineraltilskud.<br \/>\nRacing Mineral giver din hest alle de n\u00f8dvendige n\u00e6ringsstoffer, vitaminer og mineraler. Dette kan b\u00e5de bruges som tilskudsfoder og som supplement til kraftfoder.<\/p>\n<p class=\"section\"><strong>Vejledende daglig m\u00e6ngde:<\/strong><\/p>\n<p class=\"section\">Hest i tr\u00e6ning: 150 g\/dag<br \/>\nHingst (hest): 150 g\/dag<br \/>\nDr\u00e6gtig hoppe (hest): 225 g\/dag<br \/>\nDiegivende hoppe (hest): 250 g\/dag<br \/>\nPlage og f\u00f8l (hest): 150 g\/dag<br \/>\nLille pony: 75 g\/dag<br \/>\nSt\u00f8rre pony: 100-125 g\/dag<\/p>\n<p><strong>R\u00e5varer:<\/strong>\u00a0Hvedeklid (fin), Calciumkarbonat, Monocalciumfosfat, Sojaskr\u00e5 (toasted), Salt, Sukkerroemelasse, Forblanding*, Magnesiumoxid *)Indeholder de under tils\u00e6tningsstoffer n\u00e6vnte vitaminer og mikromineraler opblandet i fin hvedeklid.<\/p>\n<p><strong>Indholdsgaranti:<\/strong>\u00a0Calcium 12,6 %, Fosfor 3,6 %, Natrium 3,3 %, Magnesium 1,6 &gt;#\/p###<\/p>\n<p><strong>Tils\u00e6tningsstoffer (IE\/g; mg\/kg):<\/strong><\/p>\n<p>Vitamin A: 300 IE Vitamin D3: 30 IE Vitamin E (alfa-tokoferol): 4.000 mg Vitamin B1: 90 mg Vitamin B2: 160 mg\u00a0 Vitamin B6: 60 mg Vitamin B12: 0,5 mg D-pantotensyre: 200 mg Niacin: 400 mg Betain anhydrat: 510 mg Folinsyre: 50 mg Biotin: 15 mg Jern (jern(II)sulfat, heptah.): 1.630 mg Zink (zinkoxid): 1.550 mg Mangan (Mangan(II)oxid): 1.190 mg Kobber (kobber(II)sulfat, pentah.): 790 mg Kobolt (kobolt(II)sulfat, heptah.): 4 mg Iod (kaliumjodid): 20 mg Selen (natriumselenit): 10 mg<\/p>\n<p>&nbsp;<\/p>\n<p><strong>Holdbarhed:<\/strong>\u00a09 m\u00e5neder efter produktionsdato. Skal opbevares t\u00f8rt og k\u00f8ligt.<\/p>\n","protected":false},"excerpt":{"rendered":"<p>Vitamin \/mineraltilskud i pilleform til heste Racing mineral er ideel til heste som har brug for et allround vitamin- og mineraltilskud. Racing Mineral giver din hest alle de n\u00f8dvendige n\u00e6ringsstoffer, vitaminer og mineraler. Dette kan b\u00e5de bruges som tilskudsfoder og som supplement til kraftfoder. Vejledende daglig m\u00e6ngde: Hest i tr\u00e6ning: 150 g\/dag Hingst (hest): 150 [&hellip;]<\/p>\n","protected":false},"featured_media":3579,"comment_status":"closed","ping_status":"closed","template":"","meta":{"ocean_post_layout":"","ocean_both_sidebars_style":"","ocean_both_sidebars_content_width":0,"ocean_both_sidebars_sidebars_width":0,"ocean_sidebar":"0","ocean_second_sidebar":"0","ocean_disable_margins":"enable","ocean_add_body_class":"","ocean_shortcode_before_top_bar":"","ocean_shortcode_after_top_bar":"","ocean_shortcode_before_header":"","ocean_shortcode_after_header":"","ocean_has_shortcode":"","ocean_shortcode_after_title":"","ocean_shortcode_before_footer_widgets":"","ocean_shortcode_after_footer_widgets":"","ocean_shortcode_before_footer_bottom":"","ocean_shortcode_after_footer_bottom":"","ocean_display_top_bar":"default","ocean_display_header":"default","ocean_header_style":"","ocean_center_header_left_menu":"0","ocean_custom_header_template":"0","ocean_custom_logo":0,"ocean_custom_retina_logo":0,"ocean_custom_logo_max_width":0,"ocean_custom_logo_tablet_max_width":0,"ocean_custom_logo_mobile_max_width":0,"ocean_custom_logo_max_height":0,"ocean_custom_logo_tablet_max_height":0,"ocean_custom_logo_mobile_max_height":0,"ocean_header_custom_menu":"0","ocean_menu_typo_font_family":"0","ocean_menu_typo_font_subset":"","ocean_menu_typo_font_size":0,"ocean_menu_typo_font_size_tablet":0,"ocean_menu_typo_font_size_mobile":0,"ocean_menu_typo_font_size_unit":"px","ocean_menu_typo_font_weight":"","ocean_menu_typo_font_weight_tablet":"","ocean_menu_typo_font_weight_mobile":"","ocean_menu_typo_transform":"","ocean_menu_typo_transform_tablet":"","ocean_menu_typo_transform_mobile":"","ocean_menu_typo_line_height":0,"ocean_menu_typo_line_height_tablet":0,"ocean_menu_typo_line_height_mobile":0,"ocean_menu_typo_line_height_unit":"","ocean_menu_typo_spacing":0,"ocean_menu_typo_spacing_tablet":0,"ocean_menu_typo_spacing_mobile":0,"ocean_menu_typo_spacing_unit":"","ocean_menu_link_color":"","ocean_menu_link_color_hover":"","ocean_menu_link_color_active":"","ocean_menu_link_background":"","ocean_menu_link_hover_background":"","ocean_menu_link_active_background":"","ocean_menu_social_links_bg":"","ocean_menu_social_hover_links_bg":"","ocean_menu_social_links_color":"","ocean_menu_social_hover_links_color":"","ocean_disable_title":"default","ocean_disable_heading":"default","ocean_post_title":"","ocean_post_subheading":"","ocean_post_title_style":"","ocean_post_title_background_color":"","ocean_post_title_background":0,"ocean_post_title_bg_image_position":"","ocean_post_title_bg_image_attachment":"","ocean_post_title_bg_image_repeat":"","ocean_post_title_bg_image_size":"","ocean_post_title_height":0,"ocean_post_title_bg_overlay":0.5,"ocean_post_title_bg_overlay_color":"","ocean_disable_breadcrumbs":"default","ocean_breadcrumbs_color":"","ocean_breadcrumbs_separator_color":"","ocean_breadcrumbs_links_color":"","ocean_breadcrumbs_links_hover_color":"","ocean_display_footer_widgets":"default","ocean_display_footer_bottom":"default","ocean_custom_footer_template":"0"},"product_brand":[],"product_cat":[798,797,809],"product_tag":[],"class_list":{"0":"post-1909","1":"product","2":"type-product","3":"status-publish","4":"has-post-thumbnail","6":"product_cat-foder-hest","7":"product_cat-hest","8":"product_cat-specialprodukter-hest","9":"pa_enhed-saek","11":"entry","12":"has-media","14":"first","15":"onbackorder","16":"taxable","17":"shipping-taxable","18":"purchasable","19":"product-type-simple","20":"has-product-nav","21":"col","22":"span_1_of_3","23":"owp-content-center","24":"owp-thumbs-layout-horizontal","25":"owp-btn-normal","26":"owp-tabs-layout-horizontal","27":"has-no-thumbnails","29":"circle-sale"},"supplier_id":null,"supplier_sku":"","barcode":null,"atum_controlled":true,"out_stock_date":"2024-10-23 17:09:21","out_stock_threshold":null,"inheritable":false,"inbound_stock":0,"stock_on_hold":0,"sold_today":0,"sales_last_days":0,"reserved_stock":0,"customer_returns":0,"warehouse_damage":0,"lost_in_post":0,"other_logs":0,"out_stock_days":567,"lost_sales":0,"has_location":false,"update_date":"2026-05-14T05:39:35","atum_locations":[],"atum_stock_status":"onbackorder","restock_status":false,"low_stock_amount":2,"sales_update_date":"2026-05-14T05:39:35","calc_backorders":0,"_links":{"self":[{"href":"https:\/\/centrumdyrehandel.dk\/index.php?rest_route=\/wp\/v2\/product\/1909","targetHints":{"allow":["GET"]}}],"collection":[{"href":"https:\/\/centrumdyrehandel.dk\/index.php?rest_route=\/wp\/v2\/product"}],"about":[{"href":"https:\/\/centrumdyrehandel.dk\/index.php?rest_route=\/wp\/v2\/types\/product"}],"replies":[{"embeddable":true,"href":"https:\/\/centrumdyrehandel.dk\/index.php?rest_route=%2Fwp%2Fv2%2Fcomments&post=1909"}],"wp:featuredmedia":[{"embeddable":true,"href":"https:\/\/centrumdyrehandel.dk\/index.php?rest_route=\/wp\/v2\/media\/3579"}],"wp:attachment":[{"href":"https:\/\/centrumdyrehandel.dk\/index.php?rest_route=%2Fwp%2Fv2%2Fmedia&parent=1909"}],"wp:term":[{"taxonomy":"product_brand","embeddable":true,"href":"https:\/\/centrumdyrehandel.dk\/index.php?rest_route=%2Fwp%2Fv2%2Fproduct_brand&post=1909"},{"taxonomy":"product_cat","embeddable":true,"href":"https:\/\/centrumdyrehandel.dk\/index.php?rest_route=%2Fwp%2Fv2%2Fproduct_cat&post=1909"},{"taxonomy":"product_tag","embeddable":true,"href":"https:\/\/centrumdyrehandel.dk\/index.php?rest_route=%2Fwp%2Fv2%2Fproduct_tag&post=1909"}],"curies":[{"name":"wp","href":"https:\/\/api.w.org\/{rel}","templated":true}]}}