{"id":1904,"date":"2024-10-23T17:09:17","date_gmt":"2024-10-23T15:09:17","guid":{"rendered":"https:\/\/centrumdyrehandel.dk\/vare\/digestive-support\/"},"modified":"2025-09-11T09:52:33","modified_gmt":"2025-09-11T07:52:33","slug":"digestive-support","status":"publish","type":"product","link":"https:\/\/centrumdyrehandel.dk\/?product=digestive-support","title":{"rendered":"Digestive Support"},"content":{"rendered":"<p><b>Tilskud med bl.a. loppefr\u00f8skaller og aktiv g\u00e6rkultur til st\u00f8tte for en sund og velfungerende ford\u00f8jelse hos heste. Digestive Support indeholder bukkehorn, som giver god smag, og derfor vil mange heste spise det med gl\u00e6de.<\/b><\/p>\n<p class=\"section\">Velegnet i perioder, hvor hestens ford\u00f8jelsessystem er udfordret f.eks. ved foderskifte, transport, milj\u00f8skifte, konkurrencer, eller til heste og ponyer med sart ford\u00f8jelse.<\/p>\n<ul>\n<li>Indeholder loppefr\u00f8skaller, aktiv g\u00e6rkultur samt MOS og FOS til at underst\u00f8tte en sund og velfungerende ford\u00f8jelse<\/li>\n<li>Mynte og bukkehorn for at give en god smag<\/li>\n<li>Tilskud i pilleform &#8211; nemt at tildele<\/li>\n<li>Lav daglig dosering<br \/>\nTilskud med bl.a. loppefr\u00f8skaller og aktiv g\u00e6rkultur til st\u00f8tte for en sund og velfungerende ford\u00f8jelse hos heste. Digestive Support indeholder bukkehorn, som giver god smag og derfor vil mange heste spise det med gl\u00e6de.Velegnet i perioder, hvor hestens ford\u00f8jelsessystemer udfordret f.eks. ved foderskifte, transport, milj\u00f8skifte, konkurrencer eller til heste og ponyer med sart ford\u00f8jelse.<\/p>\n<ul>\n<li>Indeholder loppefr\u00f8skaller, aktiv g\u00e6rkultur samt MOS og FOS til at underst\u00f8tte en sund og velfungerende ford\u00f8jelse<\/li>\n<li>Mynte og bukkehorn for at give en god smag<\/li>\n<li>Tilskud i pilleform \u2013 nemt at tildele \u2022 Lav daglig dosering<\/li>\n<\/ul>\n<\/li>\n<\/ul>\n","protected":false},"excerpt":{"rendered":"<p>Tilskud med bl.a. loppefr\u00f8skaller og aktiv g\u00e6rkultur til st\u00f8tte for en sund og velfungerende ford\u00f8jelse hos heste. Digestive Support indeholder bukkehorn, som giver god smag, og derfor vil mange heste spise det med gl\u00e6de. Velegnet i perioder, hvor hestens ford\u00f8jelsessystem er udfordret f.eks. ved foderskifte, transport, milj\u00f8skifte, konkurrencer, eller til heste og ponyer med sart [&hellip;]<\/p>\n","protected":false},"featured_media":3314,"comment_status":"closed","ping_status":"closed","template":"","meta":{"ocean_post_layout":"","ocean_both_sidebars_style":"","ocean_both_sidebars_content_width":0,"ocean_both_sidebars_sidebars_width":0,"ocean_sidebar":"0","ocean_second_sidebar":"0","ocean_disable_margins":"enable","ocean_add_body_class":"","ocean_shortcode_before_top_bar":"","ocean_shortcode_after_top_bar":"","ocean_shortcode_before_header":"","ocean_shortcode_after_header":"","ocean_has_shortcode":"","ocean_shortcode_after_title":"","ocean_shortcode_before_footer_widgets":"","ocean_shortcode_after_footer_widgets":"","ocean_shortcode_before_footer_bottom":"","ocean_shortcode_after_footer_bottom":"","ocean_display_top_bar":"default","ocean_display_header":"default","ocean_header_style":"","ocean_center_header_left_menu":"0","ocean_custom_header_template":"0","ocean_custom_logo":0,"ocean_custom_retina_logo":0,"ocean_custom_logo_max_width":0,"ocean_custom_logo_tablet_max_width":0,"ocean_custom_logo_mobile_max_width":0,"ocean_custom_logo_max_height":0,"ocean_custom_logo_tablet_max_height":0,"ocean_custom_logo_mobile_max_height":0,"ocean_header_custom_menu":"0","ocean_menu_typo_font_family":"0","ocean_menu_typo_font_subset":"","ocean_menu_typo_font_size":0,"ocean_menu_typo_font_size_tablet":0,"ocean_menu_typo_font_size_mobile":0,"ocean_menu_typo_font_size_unit":"px","ocean_menu_typo_font_weight":"","ocean_menu_typo_font_weight_tablet":"","ocean_menu_typo_font_weight_mobile":"","ocean_menu_typo_transform":"","ocean_menu_typo_transform_tablet":"","ocean_menu_typo_transform_mobile":"","ocean_menu_typo_line_height":0,"ocean_menu_typo_line_height_tablet":0,"ocean_menu_typo_line_height_mobile":0,"ocean_menu_typo_line_height_unit":"","ocean_menu_typo_spacing":0,"ocean_menu_typo_spacing_tablet":0,"ocean_menu_typo_spacing_mobile":0,"ocean_menu_typo_spacing_unit":"","ocean_menu_link_color":"","ocean_menu_link_color_hover":"","ocean_menu_link_color_active":"","ocean_menu_link_background":"","ocean_menu_link_hover_background":"","ocean_menu_link_active_background":"","ocean_menu_social_links_bg":"","ocean_menu_social_hover_links_bg":"","ocean_menu_social_links_color":"","ocean_menu_social_hover_links_color":"","ocean_disable_title":"default","ocean_disable_heading":"default","ocean_post_title":"","ocean_post_subheading":"","ocean_post_title_style":"","ocean_post_title_background_color":"","ocean_post_title_background":0,"ocean_post_title_bg_image_position":"","ocean_post_title_bg_image_attachment":"","ocean_post_title_bg_image_repeat":"","ocean_post_title_bg_image_size":"","ocean_post_title_height":0,"ocean_post_title_bg_overlay":0.5,"ocean_post_title_bg_overlay_color":"","ocean_disable_breadcrumbs":"default","ocean_breadcrumbs_color":"","ocean_breadcrumbs_separator_color":"","ocean_breadcrumbs_links_color":"","ocean_breadcrumbs_links_hover_color":"","ocean_display_footer_widgets":"default","ocean_display_footer_bottom":"default","ocean_custom_footer_template":"0"},"product_brand":[],"product_cat":[798,797,809],"product_tag":[1187,923],"class_list":{"0":"post-1904","1":"product","2":"type-product","3":"status-publish","4":"has-post-thumbnail","6":"product_cat-foder-hest","7":"product_cat-hest","8":"product_cat-specialprodukter-hest","9":"product_tag-dh-digestive-support","10":"product_tag-hest","11":"pa_enhed-spand","13":"entry","14":"has-media","16":"first","17":"onbackorder","18":"taxable","19":"shipping-taxable","20":"purchasable","21":"product-type-simple","22":"has-product-nav","23":"col","24":"span_1_of_3","25":"owp-content-center","26":"owp-thumbs-layout-horizontal","27":"owp-btn-normal","28":"owp-tabs-layout-horizontal","30":"circle-sale"},"supplier_id":null,"supplier_sku":"","barcode":null,"atum_controlled":true,"out_stock_date":"2024-10-23 17:09:20","out_stock_threshold":null,"inheritable":false,"inbound_stock":0,"stock_on_hold":0,"sold_today":0,"sales_last_days":0,"reserved_stock":0,"customer_returns":0,"warehouse_damage":0,"lost_in_post":0,"other_logs":0,"out_stock_days":567,"lost_sales":0,"has_location":false,"update_date":"2026-05-14T05:39:34","atum_locations":[],"atum_stock_status":"onbackorder","restock_status":false,"low_stock_amount":2,"sales_update_date":"2026-05-14T05:39:34","calc_backorders":0,"_links":{"self":[{"href":"https:\/\/centrumdyrehandel.dk\/index.php?rest_route=\/wp\/v2\/product\/1904","targetHints":{"allow":["GET"]}}],"collection":[{"href":"https:\/\/centrumdyrehandel.dk\/index.php?rest_route=\/wp\/v2\/product"}],"about":[{"href":"https:\/\/centrumdyrehandel.dk\/index.php?rest_route=\/wp\/v2\/types\/product"}],"replies":[{"embeddable":true,"href":"https:\/\/centrumdyrehandel.dk\/index.php?rest_route=%2Fwp%2Fv2%2Fcomments&post=1904"}],"wp:featuredmedia":[{"embeddable":true,"href":"https:\/\/centrumdyrehandel.dk\/index.php?rest_route=\/wp\/v2\/media\/3314"}],"wp:attachment":[{"href":"https:\/\/centrumdyrehandel.dk\/index.php?rest_route=%2Fwp%2Fv2%2Fmedia&parent=1904"}],"wp:term":[{"taxonomy":"product_brand","embeddable":true,"href":"https:\/\/centrumdyrehandel.dk\/index.php?rest_route=%2Fwp%2Fv2%2Fproduct_brand&post=1904"},{"taxonomy":"product_cat","embeddable":true,"href":"https:\/\/centrumdyrehandel.dk\/index.php?rest_route=%2Fwp%2Fv2%2Fproduct_cat&post=1904"},{"taxonomy":"product_tag","embeddable":true,"href":"https:\/\/centrumdyrehandel.dk\/index.php?rest_route=%2Fwp%2Fv2%2Fproduct_tag&post=1904"}],"curies":[{"name":"wp","href":"https:\/\/api.w.org\/{rel}","templated":true}]}}