{"id":1884,"date":"2024-10-23T17:08:57","date_gmt":"2024-10-23T15:08:57","guid":{"rendered":"https:\/\/centrumdyrehandel.dk\/vare\/speedi-beet\/"},"modified":"2025-09-18T10:35:47","modified_gmt":"2025-09-18T08:35:47","slug":"speedi-beet","status":"publish","type":"product","link":"https:\/\/centrumdyrehandel.dk\/?product=speedi-beet","title":{"rendered":"Speedi-Beet"},"content":{"rendered":"<p><strong>Et topkvalitets fiberholdigt foder velegnet til alle typer heste og ponyer.<\/strong><\/p>\n<p class=\"section\">Best\u00e5r af varmebehandlede roefibre fra sukkeroer, hvor sukkeret er fjernet. Det er 95% sukkerfrit.<\/p>\n<p class=\"section\">Speedi Beet skal opbl\u00f8des i vand minimum 5-15 minutter inden brug.<\/p>\n<p class=\"section\">Kan med fordel erstatte en del eller hele kornm\u00e6ngden, s\u00e5 den samlede foderration f\u00e5r et reduceret indhold af stivelse. Ligeledes kan produktet supplere h\u00f8\/wrap.<\/p>\n<p class=\"section\">Et super godt alternativ til de klassiske roepiller.<\/p>\n<p>Et let ford\u00f8jeligt foder med h\u00f8jt indhold af ford\u00f8jelige fibre, velegnet til alle typer heste og ponyer.<\/p>\n<p>Speedi-Beet er velsmagende og tilf\u00f8rer hesten ford\u00f8jelige fibre, der underst\u00f8tter mikrofloraen i ford\u00f8jelsessystemet. Da Speedi-Beet opbl\u00f8des i vand, er det st\u00f8vfrit og tilf\u00f8rer hesten, udover let ford\u00f8jelige fibre, en del v\u00e6ske.<\/p>\n<p>Dette foder er ikke tilsat mineraler\/vitaminer, og skal derfor suppleres med et tilskudsfoder eller en vitaminmineralblanding.<\/p>\n<p>Speedi-Beet er velegnet til:<\/p>\n<ul>\n<li>Pr\u00e6stationsheste for at opretholde en god v\u00e6skebalance og underst\u00f8tte udholdenhed<\/li>\n<li>F\u00f8l og plage<\/li>\n<li>\u00c6ldre heste med d\u00e5rlige t\u00e6nder<\/li>\n<li>Heste i boksro<\/li>\n<li>Overv\u00e6gtige heste\/ponyer, da det giver en god m\u00e6thedsfornemmelse<\/li>\n<li>Heste med tendens til l\u00f8s mave<\/li>\n<li>Overstadige heste (for at reducere stivelsesindholdet)<\/li>\n<li>I overgangen til vinterfoder<\/li>\n<\/ul>\n","protected":false},"excerpt":{"rendered":"<p>Et topkvalitets fiberholdigt foder velegnet til alle typer heste og ponyer. Best\u00e5r af varmebehandlede roefibre fra sukkeroer, hvor sukkeret er fjernet. Det er 95% sukkerfrit. Speedi Beet skal opbl\u00f8des i vand minimum 5-15 minutter inden brug. Kan med fordel erstatte en del eller hele kornm\u00e6ngden, s\u00e5 den samlede foderration f\u00e5r et reduceret indhold af stivelse. [&hellip;]<\/p>\n","protected":false},"featured_media":3592,"comment_status":"closed","ping_status":"closed","template":"","meta":{"ocean_post_layout":"","ocean_both_sidebars_style":"","ocean_both_sidebars_content_width":0,"ocean_both_sidebars_sidebars_width":0,"ocean_sidebar":"0","ocean_second_sidebar":"0","ocean_disable_margins":"enable","ocean_add_body_class":"","ocean_shortcode_before_top_bar":"","ocean_shortcode_after_top_bar":"","ocean_shortcode_before_header":"","ocean_shortcode_after_header":"","ocean_has_shortcode":"","ocean_shortcode_after_title":"","ocean_shortcode_before_footer_widgets":"","ocean_shortcode_after_footer_widgets":"","ocean_shortcode_before_footer_bottom":"","ocean_shortcode_after_footer_bottom":"","ocean_display_top_bar":"default","ocean_display_header":"default","ocean_header_style":"","ocean_center_header_left_menu":"0","ocean_custom_header_template":"0","ocean_custom_logo":0,"ocean_custom_retina_logo":0,"ocean_custom_logo_max_width":0,"ocean_custom_logo_tablet_max_width":0,"ocean_custom_logo_mobile_max_width":0,"ocean_custom_logo_max_height":0,"ocean_custom_logo_tablet_max_height":0,"ocean_custom_logo_mobile_max_height":0,"ocean_header_custom_menu":"0","ocean_menu_typo_font_family":"0","ocean_menu_typo_font_subset":"","ocean_menu_typo_font_size":0,"ocean_menu_typo_font_size_tablet":0,"ocean_menu_typo_font_size_mobile":0,"ocean_menu_typo_font_size_unit":"px","ocean_menu_typo_font_weight":"","ocean_menu_typo_font_weight_tablet":"","ocean_menu_typo_font_weight_mobile":"","ocean_menu_typo_transform":"","ocean_menu_typo_transform_tablet":"","ocean_menu_typo_transform_mobile":"","ocean_menu_typo_line_height":0,"ocean_menu_typo_line_height_tablet":0,"ocean_menu_typo_line_height_mobile":0,"ocean_menu_typo_line_height_unit":"","ocean_menu_typo_spacing":0,"ocean_menu_typo_spacing_tablet":0,"ocean_menu_typo_spacing_mobile":0,"ocean_menu_typo_spacing_unit":"","ocean_menu_link_color":"","ocean_menu_link_color_hover":"","ocean_menu_link_color_active":"","ocean_menu_link_background":"","ocean_menu_link_hover_background":"","ocean_menu_link_active_background":"","ocean_menu_social_links_bg":"","ocean_menu_social_hover_links_bg":"","ocean_menu_social_links_color":"","ocean_menu_social_hover_links_color":"","ocean_disable_title":"default","ocean_disable_heading":"default","ocean_post_title":"","ocean_post_subheading":"","ocean_post_title_style":"","ocean_post_title_background_color":"","ocean_post_title_background":0,"ocean_post_title_bg_image_position":"","ocean_post_title_bg_image_attachment":"","ocean_post_title_bg_image_repeat":"","ocean_post_title_bg_image_size":"","ocean_post_title_height":0,"ocean_post_title_bg_overlay":0.5,"ocean_post_title_bg_overlay_color":"","ocean_disable_breadcrumbs":"default","ocean_breadcrumbs_color":"","ocean_breadcrumbs_separator_color":"","ocean_breadcrumbs_links_color":"","ocean_breadcrumbs_links_hover_color":"","ocean_display_footer_widgets":"default","ocean_display_footer_bottom":"default","ocean_custom_footer_template":"0"},"product_brand":[],"product_cat":[798,797,804],"product_tag":[923,1265],"class_list":{"0":"post-1884","1":"product","2":"type-product","3":"status-publish","4":"has-post-thumbnail","6":"product_cat-foder-hest","7":"product_cat-hest","8":"product_cat-oevrige-hestefoderprodukter","9":"product_tag-hest","10":"product_tag-speedi-beet","11":"pa_enhed-saek","13":"entry","14":"has-media","16":"first","17":"onbackorder","18":"taxable","19":"shipping-taxable","20":"purchasable","21":"product-type-simple","22":"has-product-nav","23":"col","24":"span_1_of_3","25":"owp-content-center","26":"owp-thumbs-layout-horizontal","27":"owp-btn-normal","28":"owp-tabs-layout-horizontal","30":"circle-sale"},"supplier_id":null,"supplier_sku":"","barcode":null,"atum_controlled":true,"out_stock_date":"2024-10-23 17:09:04","out_stock_threshold":null,"inheritable":false,"inbound_stock":0,"stock_on_hold":0,"sold_today":0,"sales_last_days":0,"reserved_stock":0,"customer_returns":0,"warehouse_damage":0,"lost_in_post":0,"other_logs":0,"out_stock_days":567,"lost_sales":0,"has_location":false,"update_date":"2026-05-14T05:39:38","atum_locations":[],"atum_stock_status":"onbackorder","restock_status":false,"low_stock_amount":2,"sales_update_date":"2026-05-14T05:39:38","calc_backorders":0,"_links":{"self":[{"href":"https:\/\/centrumdyrehandel.dk\/index.php?rest_route=\/wp\/v2\/product\/1884","targetHints":{"allow":["GET"]}}],"collection":[{"href":"https:\/\/centrumdyrehandel.dk\/index.php?rest_route=\/wp\/v2\/product"}],"about":[{"href":"https:\/\/centrumdyrehandel.dk\/index.php?rest_route=\/wp\/v2\/types\/product"}],"replies":[{"embeddable":true,"href":"https:\/\/centrumdyrehandel.dk\/index.php?rest_route=%2Fwp%2Fv2%2Fcomments&post=1884"}],"wp:featuredmedia":[{"embeddable":true,"href":"https:\/\/centrumdyrehandel.dk\/index.php?rest_route=\/wp\/v2\/media\/3592"}],"wp:attachment":[{"href":"https:\/\/centrumdyrehandel.dk\/index.php?rest_route=%2Fwp%2Fv2%2Fmedia&parent=1884"}],"wp:term":[{"taxonomy":"product_brand","embeddable":true,"href":"https:\/\/centrumdyrehandel.dk\/index.php?rest_route=%2Fwp%2Fv2%2Fproduct_brand&post=1884"},{"taxonomy":"product_cat","embeddable":true,"href":"https:\/\/centrumdyrehandel.dk\/index.php?rest_route=%2Fwp%2Fv2%2Fproduct_cat&post=1884"},{"taxonomy":"product_tag","embeddable":true,"href":"https:\/\/centrumdyrehandel.dk\/index.php?rest_route=%2Fwp%2Fv2%2Fproduct_tag&post=1884"}],"curies":[{"name":"wp","href":"https:\/\/api.w.org\/{rel}","templated":true}]}}