{"id":1868,"date":"2024-10-23T17:08:57","date_gmt":"2024-10-23T15:08:57","guid":{"rendered":"https:\/\/centrumdyrehandel.dk\/vare\/staypower-musli\/"},"modified":"2025-09-08T08:46:09","modified_gmt":"2025-09-08T06:46:09","slug":"staypower-musli","status":"publish","type":"product","link":"https:\/\/centrumdyrehandel.dk\/?product=staypower-musli","title":{"rendered":"Staypower M\u00fcsli"},"content":{"rendered":"<h3 class=\"section\">Et topkvalitets m\u00fcslifoder til toppr\u00e6stationer<\/h3>\n<p class=\"section\">Staypower muesli er et let ford\u00f8jeligt, fiberholdigt foder til konkurrenceheste og ponyer. Foderet tilf\u00f8rer energi fra letford\u00f8jelige fibre, olie og varmebehandlede kornsorter. Stressede eller &#8220;varme&#8221; heste vil med fordel kunne fodres med Staypower muesli, da foderet ikke indeholder havrestivelse, og det samlede stivelsesindhold er lavt-moderat.<\/p>\n<p>Staypower Muesli tilf\u00f8rer essentielle mineraler, vitaminer og aminosyrer, som underst\u00f8tter optimal pr\u00e6station og udholdenhed. Det indeholder organiske (bioplex) og uorganiske mineraler, der i kombination \u00f8ger optagelsen af spor-elementer. Desuden indeholder foderblandingen en aktiv g\u00e6rkultur, Actisaf, der underst\u00f8tter fiberford\u00f8jelsen, og derved underst\u00f8tter hestens egen produktion af B-vitaminer.<\/p>\n<p>Staypower Muesli kan ogs\u00e5 f\u00e5es i en pelleteret version, Staypower Cubes.<\/p>\n<p><strong>Sammens\u00e6tning:<\/strong><br \/>\nHavreklid, Gr\u00e6s, Varmebehandlet byg, R\u00f8rmelasse, Soja, Hvedeklid, Varmebehandlet hvede, Umelasserede sukkerroefibre, Afskallet solsikkekage, Varmebehandlet majs, Rapsolie, Afskallet sojab\u00f8nnemel, H\u00f8rfr\u00f8, Kalciumkarbonat, H\u00f8rfr\u00f8kage, Salt, Monokalciumfosfat, Varmebehandlede \u00e6rter, Magnesiumoxid, Mynte, Basilikum, Dikalciumfosfat, Kaliumklorid, ActiSaf g\u00e6rkultur<\/p>\n<p class=\"section\">\n","protected":false},"excerpt":{"rendered":"<p>Et topkvalitets m\u00fcslifoder til toppr\u00e6stationer Staypower muesli er et let ford\u00f8jeligt, fiberholdigt foder til konkurrenceheste og ponyer. Foderet tilf\u00f8rer energi fra letford\u00f8jelige fibre, olie og varmebehandlede kornsorter. Stressede eller &#8220;varme&#8221; heste vil med fordel kunne fodres med Staypower muesli, da foderet ikke indeholder havrestivelse, og det samlede stivelsesindhold er lavt-moderat. Staypower Muesli tilf\u00f8rer essentielle mineraler, [&hellip;]<\/p>\n","protected":false},"featured_media":3214,"comment_status":"closed","ping_status":"closed","template":"","meta":{"ocean_post_layout":"","ocean_both_sidebars_style":"","ocean_both_sidebars_content_width":0,"ocean_both_sidebars_sidebars_width":0,"ocean_sidebar":"0","ocean_second_sidebar":"0","ocean_disable_margins":"enable","ocean_add_body_class":"","ocean_shortcode_before_top_bar":"","ocean_shortcode_after_top_bar":"","ocean_shortcode_before_header":"","ocean_shortcode_after_header":"","ocean_has_shortcode":"","ocean_shortcode_after_title":"","ocean_shortcode_before_footer_widgets":"","ocean_shortcode_after_footer_widgets":"","ocean_shortcode_before_footer_bottom":"","ocean_shortcode_after_footer_bottom":"","ocean_display_top_bar":"default","ocean_display_header":"default","ocean_header_style":"","ocean_center_header_left_menu":"0","ocean_custom_header_template":"0","ocean_custom_logo":0,"ocean_custom_retina_logo":0,"ocean_custom_logo_max_width":0,"ocean_custom_logo_tablet_max_width":0,"ocean_custom_logo_mobile_max_width":0,"ocean_custom_logo_max_height":0,"ocean_custom_logo_tablet_max_height":0,"ocean_custom_logo_mobile_max_height":0,"ocean_header_custom_menu":"0","ocean_menu_typo_font_family":"0","ocean_menu_typo_font_subset":"","ocean_menu_typo_font_size":0,"ocean_menu_typo_font_size_tablet":0,"ocean_menu_typo_font_size_mobile":0,"ocean_menu_typo_font_size_unit":"px","ocean_menu_typo_font_weight":"","ocean_menu_typo_font_weight_tablet":"","ocean_menu_typo_font_weight_mobile":"","ocean_menu_typo_transform":"","ocean_menu_typo_transform_tablet":"","ocean_menu_typo_transform_mobile":"","ocean_menu_typo_line_height":0,"ocean_menu_typo_line_height_tablet":0,"ocean_menu_typo_line_height_mobile":0,"ocean_menu_typo_line_height_unit":"","ocean_menu_typo_spacing":0,"ocean_menu_typo_spacing_tablet":0,"ocean_menu_typo_spacing_mobile":0,"ocean_menu_typo_spacing_unit":"","ocean_menu_link_color":"","ocean_menu_link_color_hover":"","ocean_menu_link_color_active":"","ocean_menu_link_background":"","ocean_menu_link_hover_background":"","ocean_menu_link_active_background":"","ocean_menu_social_links_bg":"","ocean_menu_social_hover_links_bg":"","ocean_menu_social_links_color":"","ocean_menu_social_hover_links_color":"","ocean_disable_title":"default","ocean_disable_heading":"default","ocean_post_title":"","ocean_post_subheading":"","ocean_post_title_style":"","ocean_post_title_background_color":"","ocean_post_title_background":0,"ocean_post_title_bg_image_position":"","ocean_post_title_bg_image_attachment":"","ocean_post_title_bg_image_repeat":"","ocean_post_title_bg_image_size":"","ocean_post_title_height":0,"ocean_post_title_bg_overlay":0.5,"ocean_post_title_bg_overlay_color":"","ocean_disable_breadcrumbs":"default","ocean_breadcrumbs_color":"","ocean_breadcrumbs_separator_color":"","ocean_breadcrumbs_links_color":"","ocean_breadcrumbs_links_hover_color":"","ocean_display_footer_widgets":"default","ocean_display_footer_bottom":"default","ocean_custom_footer_template":"0"},"product_brand":[],"product_cat":[801,798,797],"product_tag":[1167,923],"class_list":{"0":"post-1868","1":"product","2":"type-product","3":"status-publish","4":"has-post-thumbnail","6":"product_cat-dh-hestefoder-engelske-varianter","7":"product_cat-foder-hest","8":"product_cat-hest","9":"product_tag-dh-staypower-musli","10":"product_tag-hest","11":"pa_enhed-saek","13":"entry","14":"has-media","16":"first","17":"onbackorder","18":"taxable","19":"shipping-taxable","20":"purchasable","21":"product-type-simple","22":"has-product-nav","23":"col","24":"span_1_of_3","25":"owp-content-center","26":"owp-thumbs-layout-horizontal","27":"owp-btn-normal","28":"owp-tabs-layout-horizontal","30":"circle-sale"},"supplier_id":null,"supplier_sku":"","barcode":null,"atum_controlled":true,"out_stock_date":"2024-10-23 17:09:02","out_stock_threshold":null,"inheritable":false,"inbound_stock":0,"stock_on_hold":0,"sold_today":0,"sales_last_days":0,"reserved_stock":0,"customer_returns":0,"warehouse_damage":0,"lost_in_post":0,"other_logs":0,"out_stock_days":567,"lost_sales":0,"has_location":false,"update_date":"2026-05-14T05:39:38","atum_locations":[],"atum_stock_status":"onbackorder","restock_status":false,"low_stock_amount":2,"sales_update_date":"2026-05-14T05:39:38","calc_backorders":0,"_links":{"self":[{"href":"https:\/\/centrumdyrehandel.dk\/index.php?rest_route=\/wp\/v2\/product\/1868","targetHints":{"allow":["GET"]}}],"collection":[{"href":"https:\/\/centrumdyrehandel.dk\/index.php?rest_route=\/wp\/v2\/product"}],"about":[{"href":"https:\/\/centrumdyrehandel.dk\/index.php?rest_route=\/wp\/v2\/types\/product"}],"replies":[{"embeddable":true,"href":"https:\/\/centrumdyrehandel.dk\/index.php?rest_route=%2Fwp%2Fv2%2Fcomments&post=1868"}],"wp:featuredmedia":[{"embeddable":true,"href":"https:\/\/centrumdyrehandel.dk\/index.php?rest_route=\/wp\/v2\/media\/3214"}],"wp:attachment":[{"href":"https:\/\/centrumdyrehandel.dk\/index.php?rest_route=%2Fwp%2Fv2%2Fmedia&parent=1868"}],"wp:term":[{"taxonomy":"product_brand","embeddable":true,"href":"https:\/\/centrumdyrehandel.dk\/index.php?rest_route=%2Fwp%2Fv2%2Fproduct_brand&post=1868"},{"taxonomy":"product_cat","embeddable":true,"href":"https:\/\/centrumdyrehandel.dk\/index.php?rest_route=%2Fwp%2Fv2%2Fproduct_cat&post=1868"},{"taxonomy":"product_tag","embeddable":true,"href":"https:\/\/centrumdyrehandel.dk\/index.php?rest_route=%2Fwp%2Fv2%2Fproduct_tag&post=1868"}],"curies":[{"name":"wp","href":"https:\/\/api.w.org\/{rel}","templated":true}]}}