{"id":1867,"date":"2024-10-23T17:08:57","date_gmt":"2024-10-23T15:08:57","guid":{"rendered":"https:\/\/centrumdyrehandel.dk\/vare\/mare-youngstock-concentrate\/"},"modified":"2025-09-08T08:37:31","modified_gmt":"2025-09-08T06:37:31","slug":"mare-youngstock-concentrate","status":"publish","type":"product","link":"https:\/\/centrumdyrehandel.dk\/?product=mare-youngstock-concentrate","title":{"rendered":"Mare &#038; Youngstock Concentrate"},"content":{"rendered":"<p class=\"section\"><strong>Et topkvalitets m\u00fcslifoder til avlshopper, frav\u00e6nnede f\u00f8l og ungheste<\/strong><\/p>\n<p class=\"section\">Mare &amp; Youngstock er et m\u00fcslifoder udviklet til avlsheste, der har et moderat til h\u00f8jt energibehov. Foderet er udviklet med henblik p\u00e5 optimal v\u00e6kst for frav\u00e6nnede f\u00f8l 6-12 m\u00e5neder og ungheste 1-3 \u00e5r, optimal reproduktion hos dr\u00e6gtige og diegivende hopper samt avlshingste. Mare &amp; Youngstock tilf\u00f8rer energi fra ford\u00f8jelige fibre, olie, varmebehandlede kornsorter og havre.<\/p>\n<p><strong>&#8211; topkvalitets m\u00fcslifoder til avlshopper, frav\u00e6nnede f\u00f8l og\u00a0ungheste<\/strong><\/p>\n<p><strong>Sammens\u00e6tning:<\/strong><\/p>\n<p>Varmebehandlet byg, Hvedeklid, Havre, Solsikkeekstrakt, Varmebehandlet hvede, R\u00f8rmelasse, Varmebehandlet majs, Varmebehandlede \u00e6rter, Hele sojab\u00f8nner (Fremstillet af genetisk modificeret soja), Gr\u00e6s, Risklid, Kalciumkarbonat, Afskallet sojab\u00f8nnemel, Salt, Rapsolie, Magnesiumoxid, Monokalciumfosfat, Fruktoseoligosakkarier, Natriumbikarbonat, Mannanoligosakkarider, ActiSaf g\u00e6rkultur(Saccharomyces cerevisiae NCYC Sc47 (4b1702) 5 x 10<sup>9<\/sup>cfu\/kg)<\/p>\n","protected":false},"excerpt":{"rendered":"<p>Et topkvalitets m\u00fcslifoder til avlshopper, frav\u00e6nnede f\u00f8l og ungheste Mare &amp; Youngstock er et m\u00fcslifoder udviklet til avlsheste, der har et moderat til h\u00f8jt energibehov. Foderet er udviklet med henblik p\u00e5 optimal v\u00e6kst for frav\u00e6nnede f\u00f8l 6-12 m\u00e5neder og ungheste 1-3 \u00e5r, optimal reproduktion hos dr\u00e6gtige og diegivende hopper samt avlshingste. Mare &amp; Youngstock tilf\u00f8rer [&hellip;]<\/p>\n","protected":false},"featured_media":3207,"comment_status":"closed","ping_status":"closed","template":"","meta":{"ocean_post_layout":"","ocean_both_sidebars_style":"","ocean_both_sidebars_content_width":0,"ocean_both_sidebars_sidebars_width":0,"ocean_sidebar":"0","ocean_second_sidebar":"0","ocean_disable_margins":"enable","ocean_add_body_class":"","ocean_shortcode_before_top_bar":"","ocean_shortcode_after_top_bar":"","ocean_shortcode_before_header":"","ocean_shortcode_after_header":"","ocean_has_shortcode":"","ocean_shortcode_after_title":"","ocean_shortcode_before_footer_widgets":"","ocean_shortcode_after_footer_widgets":"","ocean_shortcode_before_footer_bottom":"","ocean_shortcode_after_footer_bottom":"","ocean_display_top_bar":"default","ocean_display_header":"default","ocean_header_style":"","ocean_center_header_left_menu":"0","ocean_custom_header_template":"0","ocean_custom_logo":0,"ocean_custom_retina_logo":0,"ocean_custom_logo_max_width":0,"ocean_custom_logo_tablet_max_width":0,"ocean_custom_logo_mobile_max_width":0,"ocean_custom_logo_max_height":0,"ocean_custom_logo_tablet_max_height":0,"ocean_custom_logo_mobile_max_height":0,"ocean_header_custom_menu":"0","ocean_menu_typo_font_family":"0","ocean_menu_typo_font_subset":"","ocean_menu_typo_font_size":0,"ocean_menu_typo_font_size_tablet":0,"ocean_menu_typo_font_size_mobile":0,"ocean_menu_typo_font_size_unit":"px","ocean_menu_typo_font_weight":"","ocean_menu_typo_font_weight_tablet":"","ocean_menu_typo_font_weight_mobile":"","ocean_menu_typo_transform":"","ocean_menu_typo_transform_tablet":"","ocean_menu_typo_transform_mobile":"","ocean_menu_typo_line_height":0,"ocean_menu_typo_line_height_tablet":0,"ocean_menu_typo_line_height_mobile":0,"ocean_menu_typo_line_height_unit":"","ocean_menu_typo_spacing":0,"ocean_menu_typo_spacing_tablet":0,"ocean_menu_typo_spacing_mobile":0,"ocean_menu_typo_spacing_unit":"","ocean_menu_link_color":"","ocean_menu_link_color_hover":"","ocean_menu_link_color_active":"","ocean_menu_link_background":"","ocean_menu_link_hover_background":"","ocean_menu_link_active_background":"","ocean_menu_social_links_bg":"","ocean_menu_social_hover_links_bg":"","ocean_menu_social_links_color":"","ocean_menu_social_hover_links_color":"","ocean_disable_title":"default","ocean_disable_heading":"default","ocean_post_title":"","ocean_post_subheading":"","ocean_post_title_style":"","ocean_post_title_background_color":"","ocean_post_title_background":0,"ocean_post_title_bg_image_position":"","ocean_post_title_bg_image_attachment":"","ocean_post_title_bg_image_repeat":"","ocean_post_title_bg_image_size":"","ocean_post_title_height":0,"ocean_post_title_bg_overlay":0.5,"ocean_post_title_bg_overlay_color":"","ocean_disable_breadcrumbs":"default","ocean_breadcrumbs_color":"","ocean_breadcrumbs_separator_color":"","ocean_breadcrumbs_links_color":"","ocean_breadcrumbs_links_hover_color":"","ocean_display_footer_widgets":"default","ocean_display_footer_bottom":"default","ocean_custom_footer_template":"0"},"product_brand":[],"product_cat":[801,798,797],"product_tag":[1165,923],"class_list":{"0":"post-1867","1":"product","2":"type-product","3":"status-publish","4":"has-post-thumbnail","6":"product_cat-dh-hestefoder-engelske-varianter","7":"product_cat-foder-hest","8":"product_cat-hest","9":"product_tag-dh-mare-youngstock","10":"product_tag-hest","11":"pa_enhed-saek","13":"entry","14":"has-media","16":"first","17":"onbackorder","18":"taxable","19":"shipping-taxable","20":"purchasable","21":"product-type-simple","22":"has-product-nav","23":"col","24":"span_1_of_3","25":"owp-content-center","26":"owp-thumbs-layout-horizontal","27":"owp-btn-normal","28":"owp-tabs-layout-horizontal","30":"circle-sale"},"supplier_id":null,"supplier_sku":"","barcode":null,"atum_controlled":true,"out_stock_date":"2024-10-23 17:09:02","out_stock_threshold":null,"inheritable":false,"inbound_stock":0,"stock_on_hold":0,"sold_today":0,"sales_last_days":0,"reserved_stock":0,"customer_returns":0,"warehouse_damage":0,"lost_in_post":0,"other_logs":0,"out_stock_days":567,"lost_sales":0,"has_location":false,"update_date":"2026-05-14T05:39:35","atum_locations":[],"atum_stock_status":"onbackorder","restock_status":false,"low_stock_amount":2,"sales_update_date":"2026-05-14T05:39:35","calc_backorders":0,"_links":{"self":[{"href":"https:\/\/centrumdyrehandel.dk\/index.php?rest_route=\/wp\/v2\/product\/1867","targetHints":{"allow":["GET"]}}],"collection":[{"href":"https:\/\/centrumdyrehandel.dk\/index.php?rest_route=\/wp\/v2\/product"}],"about":[{"href":"https:\/\/centrumdyrehandel.dk\/index.php?rest_route=\/wp\/v2\/types\/product"}],"replies":[{"embeddable":true,"href":"https:\/\/centrumdyrehandel.dk\/index.php?rest_route=%2Fwp%2Fv2%2Fcomments&post=1867"}],"wp:featuredmedia":[{"embeddable":true,"href":"https:\/\/centrumdyrehandel.dk\/index.php?rest_route=\/wp\/v2\/media\/3207"}],"wp:attachment":[{"href":"https:\/\/centrumdyrehandel.dk\/index.php?rest_route=%2Fwp%2Fv2%2Fmedia&parent=1867"}],"wp:term":[{"taxonomy":"product_brand","embeddable":true,"href":"https:\/\/centrumdyrehandel.dk\/index.php?rest_route=%2Fwp%2Fv2%2Fproduct_brand&post=1867"},{"taxonomy":"product_cat","embeddable":true,"href":"https:\/\/centrumdyrehandel.dk\/index.php?rest_route=%2Fwp%2Fv2%2Fproduct_cat&post=1867"},{"taxonomy":"product_tag","embeddable":true,"href":"https:\/\/centrumdyrehandel.dk\/index.php?rest_route=%2Fwp%2Fv2%2Fproduct_tag&post=1867"}],"curies":[{"name":"wp","href":"https:\/\/api.w.org\/{rel}","templated":true}]}}