{"id":1633,"date":"2024-07-10T08:06:06","date_gmt":"2024-07-10T08:06:06","guid":{"rendered":"https:\/\/centrumdyrehandel.dk\/?post_type=product&#038;p=1633"},"modified":"2024-07-10T08:11:24","modified_gmt":"2024-07-10T08:11:24","slug":"exo-terra-reptile-uvb150-25w","status":"publish","type":"product","link":"https:\/\/centrumdyrehandel.dk\/?product=exo-terra-reptile-uvb150-25w","title":{"rendered":"EXO TERRA REPTILE UVB150 25W"},"content":{"rendered":"<p>\u00d8rken Terrarium P\u00e6re<br \/>\nIdeel til alle \u00f8rkenboende krybdyr<br \/>\nH\u00f8j UVB-output<br \/>\nMeget h\u00f8j D3 konvertering<br \/>\nEffektiv op til 50 cm (20&#8243;)<br \/>\nGiver n\u00f8dvendige UVB-str\u00e5ler for optimal calciummetabolisme<br \/>\nAnbefales til terrarier med t\u00e6tte sk\u00e6rmbekl\u00e6dninger<br \/>\nKombiner med naturligt lys for optimal visuel lysudbytte<br \/>\nExo Terra Reptile UVB150 har et meget h\u00f8jt UVB-output svarende til sollys i \u00f8rkener. Disse steder modtager mere direkte sollys, derfor er \u00f8rkenkrybdyr mere udsat for UV-str\u00e5ling end nogen anden type krybdyr. Denne p\u00e6re kan ogs\u00e5 bruges p\u00e5 terrarier med t\u00e6ttere sk\u00e6rmd\u00e6ksler for at sikre tilstr\u00e6kkelig UVB-gennemtr\u00e6ngning. T\u00e6tte sk\u00e6rme kan bortfiltrere op til 50 % af UVB-str\u00e5lerne. Det h\u00f8je vitamin D3-udbytteindeks sikrer vitamin D3-fotosyntese for at hj\u00e6lpe med calciumabsorption og forebygge stofskiftesygdomme.<\/p>\n<p>Lys- og UV-str\u00e5ling i kompakte lysstofr\u00f8r aftager med tiden. Udskiftning af dine terrariump\u00e6rer \u00e5rligt sikrer optimale lysforhold for at holde dine krybdyr sunde. Bes\u00f8g www.exo-terra.com og tilmeld dig programmet &#8220;Restore The Rays&#8221;, og bliv mindet om, hvorn\u00e5r du skal udskifte din p\u00e6re.<\/p>\n<p>P\u00e6re til pleje af k\u00e6ledyr kun til brug med krybdyr, padder og hvirvell\u00f8se dyr!<\/p>\n","protected":false},"excerpt":{"rendered":"<p>\u00d8rken Terrarium P\u00e6re Ideel til alle \u00f8rkenboende krybdyr H\u00f8j UVB-output Meget h\u00f8j D3 konvertering Effektiv op til 50 cm (20&#8243;) Giver n\u00f8dvendige UVB-str\u00e5ler for optimal calciummetabolisme Anbefales til terrarier med t\u00e6tte sk\u00e6rmbekl\u00e6dninger Kombiner med naturligt lys for optimal visuel lysudbytte Exo Terra Reptile UVB150 har et meget h\u00f8jt UVB-output svarende til sollys i \u00f8rkener. Disse [&hellip;]<\/p>\n","protected":false},"featured_media":1634,"comment_status":"open","ping_status":"closed","template":"","meta":{"ocean_post_layout":"","ocean_both_sidebars_style":"","ocean_both_sidebars_content_width":0,"ocean_both_sidebars_sidebars_width":0,"ocean_sidebar":"0","ocean_second_sidebar":"0","ocean_disable_margins":"enable","ocean_add_body_class":"","ocean_shortcode_before_top_bar":"","ocean_shortcode_after_top_bar":"","ocean_shortcode_before_header":"","ocean_shortcode_after_header":"","ocean_has_shortcode":"","ocean_shortcode_after_title":"","ocean_shortcode_before_footer_widgets":"","ocean_shortcode_after_footer_widgets":"","ocean_shortcode_before_footer_bottom":"","ocean_shortcode_after_footer_bottom":"","ocean_display_top_bar":"default","ocean_display_header":"default","ocean_header_style":"","ocean_center_header_left_menu":"0","ocean_custom_header_template":"0","ocean_custom_logo":0,"ocean_custom_retina_logo":0,"ocean_custom_logo_max_width":0,"ocean_custom_logo_tablet_max_width":0,"ocean_custom_logo_mobile_max_width":0,"ocean_custom_logo_max_height":0,"ocean_custom_logo_tablet_max_height":0,"ocean_custom_logo_mobile_max_height":0,"ocean_header_custom_menu":"0","ocean_menu_typo_font_family":"0","ocean_menu_typo_font_subset":"","ocean_menu_typo_font_size":0,"ocean_menu_typo_font_size_tablet":0,"ocean_menu_typo_font_size_mobile":0,"ocean_menu_typo_font_size_unit":"px","ocean_menu_typo_font_weight":"","ocean_menu_typo_font_weight_tablet":"","ocean_menu_typo_font_weight_mobile":"","ocean_menu_typo_transform":"","ocean_menu_typo_transform_tablet":"","ocean_menu_typo_transform_mobile":"","ocean_menu_typo_line_height":0,"ocean_menu_typo_line_height_tablet":0,"ocean_menu_typo_line_height_mobile":0,"ocean_menu_typo_line_height_unit":"","ocean_menu_typo_spacing":0,"ocean_menu_typo_spacing_tablet":0,"ocean_menu_typo_spacing_mobile":0,"ocean_menu_typo_spacing_unit":"","ocean_menu_link_color":"","ocean_menu_link_color_hover":"","ocean_menu_link_color_active":"","ocean_menu_link_background":"","ocean_menu_link_hover_background":"","ocean_menu_link_active_background":"","ocean_menu_social_links_bg":"","ocean_menu_social_hover_links_bg":"","ocean_menu_social_links_color":"","ocean_menu_social_hover_links_color":"","ocean_disable_title":"default","ocean_disable_heading":"default","ocean_post_title":"","ocean_post_subheading":"","ocean_post_title_style":"","ocean_post_title_background_color":"","ocean_post_title_background":0,"ocean_post_title_bg_image_position":"","ocean_post_title_bg_image_attachment":"","ocean_post_title_bg_image_repeat":"","ocean_post_title_bg_image_size":"","ocean_post_title_height":0,"ocean_post_title_bg_overlay":0.5,"ocean_post_title_bg_overlay_color":"","ocean_disable_breadcrumbs":"default","ocean_breadcrumbs_color":"","ocean_breadcrumbs_separator_color":"","ocean_breadcrumbs_links_color":"","ocean_breadcrumbs_links_hover_color":"","ocean_display_footer_widgets":"default","ocean_display_footer_bottom":"default","ocean_custom_footer_template":"0"},"product_brand":[],"product_cat":[587,217,91,92],"product_tag":[],"class_list":{"0":"post-1633","1":"product","2":"type-product","3":"status-publish","4":"has-post-thumbnail","6":"product_cat-uvb","7":"product_cat-belysning","8":"product_cat-krybdyr","9":"product_cat-terrarieteknik","11":"entry","12":"has-media","14":"first","15":"instock","16":"taxable","17":"shipping-taxable","18":"purchasable","19":"product-type-simple","20":"has-product-nav","21":"col","22":"span_1_of_3","23":"owp-content-center","24":"owp-thumbs-layout-horizontal","25":"owp-btn-normal","26":"owp-tabs-layout-horizontal","27":"has-no-thumbnails","29":"circle-sale"},"supplier_id":null,"supplier_sku":"PT2189","barcode":null,"atum_controlled":true,"out_stock_date":null,"out_stock_threshold":null,"inheritable":false,"inbound_stock":0,"stock_on_hold":0,"sold_today":0,"sales_last_days":0,"reserved_stock":0,"customer_returns":0,"warehouse_damage":0,"lost_in_post":0,"other_logs":0,"out_stock_days":0,"lost_sales":0,"has_location":true,"update_date":"2026-05-14T05:39:26","atum_locations":[{"id":689,"name":"K13 - P\u00e6re","slug":"k13-paere"}],"atum_stock_status":"instock","restock_status":false,"low_stock_amount":"","sales_update_date":"2026-05-14T05:39:26","calc_backorders":null,"_links":{"self":[{"href":"https:\/\/centrumdyrehandel.dk\/index.php?rest_route=\/wp\/v2\/product\/1633","targetHints":{"allow":["GET"]}}],"collection":[{"href":"https:\/\/centrumdyrehandel.dk\/index.php?rest_route=\/wp\/v2\/product"}],"about":[{"href":"https:\/\/centrumdyrehandel.dk\/index.php?rest_route=\/wp\/v2\/types\/product"}],"replies":[{"embeddable":true,"href":"https:\/\/centrumdyrehandel.dk\/index.php?rest_route=%2Fwp%2Fv2%2Fcomments&post=1633"}],"wp:featuredmedia":[{"embeddable":true,"href":"https:\/\/centrumdyrehandel.dk\/index.php?rest_route=\/wp\/v2\/media\/1634"}],"wp:attachment":[{"href":"https:\/\/centrumdyrehandel.dk\/index.php?rest_route=%2Fwp%2Fv2%2Fmedia&parent=1633"}],"wp:term":[{"taxonomy":"product_brand","embeddable":true,"href":"https:\/\/centrumdyrehandel.dk\/index.php?rest_route=%2Fwp%2Fv2%2Fproduct_brand&post=1633"},{"taxonomy":"product_cat","embeddable":true,"href":"https:\/\/centrumdyrehandel.dk\/index.php?rest_route=%2Fwp%2Fv2%2Fproduct_cat&post=1633"},{"taxonomy":"product_tag","embeddable":true,"href":"https:\/\/centrumdyrehandel.dk\/index.php?rest_route=%2Fwp%2Fv2%2Fproduct_tag&post=1633"}],"curies":[{"name":"wp","href":"https:\/\/api.w.org\/{rel}","templated":true}]}}