{"id":1510,"date":"2024-06-21T15:36:48","date_gmt":"2024-06-21T15:36:48","guid":{"rendered":"https:\/\/centrumdyrehandel.dk\/?post_type=product&#038;p=1510"},"modified":"2024-11-19T15:55:39","modified_gmt":"2024-11-19T14:55:39","slug":"traeflis-fra-boeg-og-eg-haardttrae","status":"publish","type":"product","link":"https:\/\/centrumdyrehandel.dk\/?product=traeflis-fra-boeg-og-eg-haardttrae","title":{"rendered":"Tr\u00e6flis fra b\u00f8g og eg h\u00e5rdttr\u00e6."},"content":{"rendered":"<p>Poserne har meget sm\u00e5 huller for at give mulighed for en vis ventilation af produkterne.<\/p>\n<p>F\u00f8r brug som larvefoder anbefales det at gennembl\u00f8de fliserne,<br \/>\nlad dem derefter dryppe ud i et par timer for at sikre korrekt fugtindhold.<\/p>\n<p>Kan blandes med andre substrater som flagejord eller skovbladshumus<br \/>\nafh\u00e6ngig af arten af \u200b\u200blarver, der opdr\u00e6ttes.<\/p>\n<p>Kan ogs\u00e5 bruges i Isopods-spande efter ibl\u00f8ds\u00e6tning og dryp af overskydende vand.<\/p>\n<p>Ogs\u00e5 anvendelig som str\u00f8else til voksne biller.<\/p>\n<p>Ideel til at opdr\u00e6tte larver af tr\u00e6elskende arter som f.eks<br \/>\nDynastidae, Lucanidae samt isopoder og tusindben.<\/p>\n","protected":false},"excerpt":{"rendered":"<p>Poserne har meget sm\u00e5 huller for at give mulighed for en vis ventilation af produkterne. F\u00f8r brug som larvefoder anbefales det at gennembl\u00f8de fliserne, lad dem derefter dryppe ud i et par timer for at sikre korrekt fugtindhold. Kan blandes med andre substrater som flagejord eller skovbladshumus afh\u00e6ngig af arten af \u200b\u200blarver, der opdr\u00e6ttes. Kan [&hellip;]<\/p>\n","protected":false},"featured_media":1511,"comment_status":"open","ping_status":"closed","template":"","meta":{"ocean_post_layout":"","ocean_both_sidebars_style":"","ocean_both_sidebars_content_width":0,"ocean_both_sidebars_sidebars_width":0,"ocean_sidebar":"0","ocean_second_sidebar":"0","ocean_disable_margins":"enable","ocean_add_body_class":"","ocean_shortcode_before_top_bar":"","ocean_shortcode_after_top_bar":"","ocean_shortcode_before_header":"","ocean_shortcode_after_header":"","ocean_has_shortcode":"","ocean_shortcode_after_title":"","ocean_shortcode_before_footer_widgets":"","ocean_shortcode_after_footer_widgets":"","ocean_shortcode_before_footer_bottom":"","ocean_shortcode_after_footer_bottom":"","ocean_display_top_bar":"default","ocean_display_header":"default","ocean_header_style":"","ocean_center_header_left_menu":"0","ocean_custom_header_template":"0","ocean_custom_logo":0,"ocean_custom_retina_logo":0,"ocean_custom_logo_max_width":0,"ocean_custom_logo_tablet_max_width":0,"ocean_custom_logo_mobile_max_width":0,"ocean_custom_logo_max_height":0,"ocean_custom_logo_tablet_max_height":0,"ocean_custom_logo_mobile_max_height":0,"ocean_header_custom_menu":"0","ocean_menu_typo_font_family":"0","ocean_menu_typo_font_subset":"","ocean_menu_typo_font_size":0,"ocean_menu_typo_font_size_tablet":0,"ocean_menu_typo_font_size_mobile":0,"ocean_menu_typo_font_size_unit":"px","ocean_menu_typo_font_weight":"","ocean_menu_typo_font_weight_tablet":"","ocean_menu_typo_font_weight_mobile":"","ocean_menu_typo_transform":"","ocean_menu_typo_transform_tablet":"","ocean_menu_typo_transform_mobile":"","ocean_menu_typo_line_height":0,"ocean_menu_typo_line_height_tablet":0,"ocean_menu_typo_line_height_mobile":0,"ocean_menu_typo_line_height_unit":"","ocean_menu_typo_spacing":0,"ocean_menu_typo_spacing_tablet":0,"ocean_menu_typo_spacing_mobile":0,"ocean_menu_typo_spacing_unit":"","ocean_menu_link_color":"","ocean_menu_link_color_hover":"","ocean_menu_link_color_active":"","ocean_menu_link_background":"","ocean_menu_link_hover_background":"","ocean_menu_link_active_background":"","ocean_menu_social_links_bg":"","ocean_menu_social_hover_links_bg":"","ocean_menu_social_links_color":"","ocean_menu_social_hover_links_color":"","ocean_disable_title":"default","ocean_disable_heading":"default","ocean_post_title":"","ocean_post_subheading":"","ocean_post_title_style":"","ocean_post_title_background_color":"","ocean_post_title_background":0,"ocean_post_title_bg_image_position":"","ocean_post_title_bg_image_attachment":"","ocean_post_title_bg_image_repeat":"","ocean_post_title_bg_image_size":"","ocean_post_title_height":0,"ocean_post_title_bg_overlay":0.5,"ocean_post_title_bg_overlay_color":"","ocean_disable_breadcrumbs":"default","ocean_breadcrumbs_color":"","ocean_breadcrumbs_separator_color":"","ocean_breadcrumbs_links_color":"","ocean_breadcrumbs_links_hover_color":"","ocean_display_footer_widgets":"default","ocean_display_footer_bottom":"default","ocean_custom_footer_template":"0"},"product_brand":[],"product_cat":[550,121,91],"product_tag":[552,638,639,553,637,487],"class_list":{"0":"post-1510","1":"product","2":"type-product","3":"status-publish","4":"has-post-thumbnail","6":"product_cat-wood-chips-froennet-trae","7":"product_cat-bundlag","8":"product_cat-krybdyr","9":"product_tag-dynastidae","10":"product_tag-isopoder","11":"product_tag-lucanidae","12":"product_tag-lucanidae-samt-isopoder-og-tusindben","13":"product_tag-traeflis-fra-boeg-og-eg-haardttrae","14":"product_tag-tusindben","16":"entry","17":"has-media","19":"first","20":"instock","21":"taxable","22":"shipping-taxable","23":"purchasable","24":"product-type-simple","25":"has-product-nav","26":"col","27":"span_1_of_3","28":"owp-content-center","29":"owp-thumbs-layout-horizontal","30":"owp-btn-normal","31":"owp-tabs-layout-horizontal","32":"has-no-thumbnails","34":"circle-sale"},"supplier_id":1509,"supplier_sku":"WRW7L","barcode":null,"atum_controlled":true,"out_stock_date":null,"out_stock_threshold":null,"inheritable":false,"inbound_stock":0,"stock_on_hold":0,"sold_today":0,"sales_last_days":0,"reserved_stock":0,"customer_returns":0,"warehouse_damage":0,"lost_in_post":0,"other_logs":0,"out_stock_days":0,"lost_sales":0,"has_location":true,"update_date":"2026-05-14T05:39:26","atum_locations":[{"id":685,"name":"Reptil 3 - F\u00f8nnet tr\u00e6","slug":"reptil-3-foennet-trae"}],"atum_stock_status":"instock","restock_status":false,"low_stock_amount":"","sales_update_date":"2026-05-14T05:39:26","calc_backorders":null,"_links":{"self":[{"href":"https:\/\/centrumdyrehandel.dk\/index.php?rest_route=\/wp\/v2\/product\/1510","targetHints":{"allow":["GET"]}}],"collection":[{"href":"https:\/\/centrumdyrehandel.dk\/index.php?rest_route=\/wp\/v2\/product"}],"about":[{"href":"https:\/\/centrumdyrehandel.dk\/index.php?rest_route=\/wp\/v2\/types\/product"}],"replies":[{"embeddable":true,"href":"https:\/\/centrumdyrehandel.dk\/index.php?rest_route=%2Fwp%2Fv2%2Fcomments&post=1510"}],"wp:featuredmedia":[{"embeddable":true,"href":"https:\/\/centrumdyrehandel.dk\/index.php?rest_route=\/wp\/v2\/media\/1511"}],"wp:attachment":[{"href":"https:\/\/centrumdyrehandel.dk\/index.php?rest_route=%2Fwp%2Fv2%2Fmedia&parent=1510"}],"wp:term":[{"taxonomy":"product_brand","embeddable":true,"href":"https:\/\/centrumdyrehandel.dk\/index.php?rest_route=%2Fwp%2Fv2%2Fproduct_brand&post=1510"},{"taxonomy":"product_cat","embeddable":true,"href":"https:\/\/centrumdyrehandel.dk\/index.php?rest_route=%2Fwp%2Fv2%2Fproduct_cat&post=1510"},{"taxonomy":"product_tag","embeddable":true,"href":"https:\/\/centrumdyrehandel.dk\/index.php?rest_route=%2Fwp%2Fv2%2Fproduct_tag&post=1510"}],"curies":[{"name":"wp","href":"https:\/\/api.w.org\/{rel}","templated":true}]}}