{"id":1238,"date":"2024-04-15T11:29:39","date_gmt":"2024-04-15T11:29:39","guid":{"rendered":"https:\/\/centrumdyrehandel.dk\/?post_type=product&#038;p=1238"},"modified":"2024-07-09T12:05:18","modified_gmt":"2024-07-09T12:05:18","slug":"vand-flaske-250ml-blaa-top","status":"publish","type":"product","link":"https:\/\/centrumdyrehandel.dk\/?product=vand-flaske-250ml-blaa-top","title":{"rendered":"VAND FLASKE 250ml  Bl\u00e5 top"},"content":{"rendered":"<p>Med drikkeflasken f\u00e5r din yndling altid nok at drikke.<br \/>\nAfh\u00e6ngig af den valgte st\u00f8rrelse egner drikkeflasken sig til sm\u00e5 eller store gnavere, papeg\u00f8jer eller kaniner.<br \/>\nVed hj\u00e6lp af den robuste rustfri st\u00e5lventil, kan dit dyr selv drikke n\u00e5r det er t\u00f8rstigt.<br \/>\nKugleventilen g\u00f8r, at flasken ikke drypper og s\u00f8rger for at buret eller l\u00f8beg\u00e5rden forbliver t\u00f8r.<\/p>\n<p>Den praktiske drikkeflaske er produceret i gennemsigtigt plast.<br \/>\nP\u00e5 den m\u00e5de kan du altid holde \u00f8je med vandstanden og kan fylde nyt vand p\u00e5, hvis det er n\u00f8dvendigt.<br \/>\nUkompliceret p\u00e5fyldningsprincip i nogle f\u00e5 enkle trin: skift kun l\u00e5get efter udskiftning af vandet og tryk p\u00e5 flasken i lang tid, indtil der er skabt et vakuum og intet vand drypper.<br \/>\nVed hj\u00e6lp af fastg\u00f8relsestr\u00e5den kan den nemt fastg\u00f8res til buret eller til l\u00f8beg\u00e5rden.<\/p>\n<p><b>Drikkeflaske:<\/b><\/p>\n<ul>\n<li>Drikkeflaske til gnavere, papeg\u00f8jer, kaniner og hvalpe<\/li>\n<li>Ventil af rustfrit st\u00e5<b>l:<\/b>\u00a0rustfri og slidst\u00e6rk, t\u00e5ler ogs\u00e5 skarpe gnavert\u00e6nder<\/li>\n<li>kugleventil:\u00a0forhindrer dr\u00e5ber og holder str\u00f8elsen under flasken t\u00f8rt<\/li>\n<li>Gennemsigtig flaske:\u00a0nemt at kontrollere vandstanden<\/li>\n<li>Praktisk &amp; rent:\u00a0vandflasken forhindrer &#8220;oversv\u00f8mmelse&#8221; i buret, til forskel fra drikkesk\u00e5le<\/li>\n<li>Bekvem h\u00e5ndtering: genopfyldes i en h\u00e5ndevending<\/li>\n<li>Farve:\u00a0transparent<\/li>\n<li>Materiale:\u00a0plast<\/li>\n<\/ul>\n","protected":false},"excerpt":{"rendered":"<p>Med drikkeflasken f\u00e5r din yndling altid nok at drikke. Afh\u00e6ngig af den valgte st\u00f8rrelse egner drikkeflasken sig til sm\u00e5 eller store gnavere, papeg\u00f8jer eller kaniner. Ved hj\u00e6lp af den robuste rustfri st\u00e5lventil, kan dit dyr selv drikke n\u00e5r det er t\u00f8rstigt. Kugleventilen g\u00f8r, at flasken ikke drypper og s\u00f8rger for at buret eller l\u00f8beg\u00e5rden forbliver [&hellip;]<\/p>\n","protected":false},"featured_media":1591,"comment_status":"closed","ping_status":"closed","template":"","meta":{"ocean_post_layout":"","ocean_both_sidebars_style":"","ocean_both_sidebars_content_width":0,"ocean_both_sidebars_sidebars_width":0,"ocean_sidebar":"0","ocean_second_sidebar":"0","ocean_disable_margins":"enable","ocean_add_body_class":"","ocean_shortcode_before_top_bar":"","ocean_shortcode_after_top_bar":"","ocean_shortcode_before_header":"","ocean_shortcode_after_header":"","ocean_has_shortcode":"","ocean_shortcode_after_title":"","ocean_shortcode_before_footer_widgets":"","ocean_shortcode_after_footer_widgets":"","ocean_shortcode_before_footer_bottom":"","ocean_shortcode_after_footer_bottom":"","ocean_display_top_bar":"default","ocean_display_header":"default","ocean_header_style":"","ocean_center_header_left_menu":"0","ocean_custom_header_template":"0","ocean_custom_logo":0,"ocean_custom_retina_logo":0,"ocean_custom_logo_max_width":0,"ocean_custom_logo_tablet_max_width":0,"ocean_custom_logo_mobile_max_width":0,"ocean_custom_logo_max_height":0,"ocean_custom_logo_tablet_max_height":0,"ocean_custom_logo_mobile_max_height":0,"ocean_header_custom_menu":"0","ocean_menu_typo_font_family":"0","ocean_menu_typo_font_subset":"","ocean_menu_typo_font_size":0,"ocean_menu_typo_font_size_tablet":0,"ocean_menu_typo_font_size_mobile":0,"ocean_menu_typo_font_size_unit":"px","ocean_menu_typo_font_weight":"","ocean_menu_typo_font_weight_tablet":"","ocean_menu_typo_font_weight_mobile":"","ocean_menu_typo_transform":"","ocean_menu_typo_transform_tablet":"","ocean_menu_typo_transform_mobile":"","ocean_menu_typo_line_height":0,"ocean_menu_typo_line_height_tablet":0,"ocean_menu_typo_line_height_mobile":0,"ocean_menu_typo_line_height_unit":"","ocean_menu_typo_spacing":0,"ocean_menu_typo_spacing_tablet":0,"ocean_menu_typo_spacing_mobile":0,"ocean_menu_typo_spacing_unit":"","ocean_menu_link_color":"","ocean_menu_link_color_hover":"","ocean_menu_link_color_active":"","ocean_menu_link_background":"","ocean_menu_link_hover_background":"","ocean_menu_link_active_background":"","ocean_menu_social_links_bg":"","ocean_menu_social_hover_links_bg":"","ocean_menu_social_links_color":"","ocean_menu_social_hover_links_color":"","ocean_disable_title":"default","ocean_disable_heading":"default","ocean_post_title":"","ocean_post_subheading":"","ocean_post_title_style":"","ocean_post_title_background_color":"","ocean_post_title_background":0,"ocean_post_title_bg_image_position":"","ocean_post_title_bg_image_attachment":"","ocean_post_title_bg_image_repeat":"","ocean_post_title_bg_image_size":"","ocean_post_title_height":0,"ocean_post_title_bg_overlay":0.5,"ocean_post_title_bg_overlay_color":"","ocean_disable_breadcrumbs":"default","ocean_breadcrumbs_color":"","ocean_breadcrumbs_separator_color":"","ocean_breadcrumbs_links_color":"","ocean_breadcrumbs_links_hover_color":"","ocean_display_footer_widgets":"default","ocean_display_footer_bottom":"default","ocean_custom_footer_template":"0"},"product_brand":[],"product_cat":[168,164],"product_tag":[379,493,492,334,494,255,263,250,264],"class_list":{"0":"post-1238","1":"product","2":"type-product","3":"status-publish","4":"has-post-thumbnail","6":"product_cat-drikkeflsker","7":"product_cat-gnavere","8":"product_tag-alt-til-dit-kaeledyrs-behov","9":"product_tag-drikkeflaske","10":"product_tag-drikkeflasken","11":"product_tag-dyr","12":"product_tag-flaske","13":"product_tag-hamster","14":"product_tag-kaniner","15":"product_tag-mus","16":"product_tag-rotter","18":"entry","19":"has-media","21":"first","22":"instock","23":"taxable","24":"shipping-taxable","25":"purchasable","26":"product-type-simple","27":"has-product-nav","28":"col","29":"span_1_of_3","30":"owp-content-center","31":"owp-thumbs-layout-horizontal","32":"owp-btn-normal","33":"owp-tabs-layout-horizontal","34":"has-no-thumbnails","36":"circle-sale"},"supplier_id":null,"supplier_sku":"","barcode":null,"atum_controlled":true,"out_stock_date":null,"out_stock_threshold":null,"inheritable":false,"inbound_stock":0,"stock_on_hold":0,"sold_today":0,"sales_last_days":0,"reserved_stock":0,"customer_returns":0,"warehouse_damage":0,"lost_in_post":0,"other_logs":0,"out_stock_days":0,"lost_sales":0,"has_location":true,"update_date":"2026-05-14T05:39:31","atum_locations":[{"id":688,"name":"Drikkeflsker 1","slug":"k12-drikkeflsker-spryflasker"}],"atum_stock_status":"instock","restock_status":false,"low_stock_amount":"","sales_update_date":"2026-05-14T05:39:31","calc_backorders":0,"_links":{"self":[{"href":"https:\/\/centrumdyrehandel.dk\/index.php?rest_route=\/wp\/v2\/product\/1238","targetHints":{"allow":["GET"]}}],"collection":[{"href":"https:\/\/centrumdyrehandel.dk\/index.php?rest_route=\/wp\/v2\/product"}],"about":[{"href":"https:\/\/centrumdyrehandel.dk\/index.php?rest_route=\/wp\/v2\/types\/product"}],"replies":[{"embeddable":true,"href":"https:\/\/centrumdyrehandel.dk\/index.php?rest_route=%2Fwp%2Fv2%2Fcomments&post=1238"}],"wp:featuredmedia":[{"embeddable":true,"href":"https:\/\/centrumdyrehandel.dk\/index.php?rest_route=\/wp\/v2\/media\/1591"}],"wp:attachment":[{"href":"https:\/\/centrumdyrehandel.dk\/index.php?rest_route=%2Fwp%2Fv2%2Fmedia&parent=1238"}],"wp:term":[{"taxonomy":"product_brand","embeddable":true,"href":"https:\/\/centrumdyrehandel.dk\/index.php?rest_route=%2Fwp%2Fv2%2Fproduct_brand&post=1238"},{"taxonomy":"product_cat","embeddable":true,"href":"https:\/\/centrumdyrehandel.dk\/index.php?rest_route=%2Fwp%2Fv2%2Fproduct_cat&post=1238"},{"taxonomy":"product_tag","embeddable":true,"href":"https:\/\/centrumdyrehandel.dk\/index.php?rest_route=%2Fwp%2Fv2%2Fproduct_tag&post=1238"}],"curies":[{"name":"wp","href":"https:\/\/api.w.org\/{rel}","templated":true}]}}