{"id":1122,"date":"2024-03-06T08:37:27","date_gmt":"2024-03-06T08:37:27","guid":{"rendered":"https:\/\/centrumdyrehandel.dk\/?post_type=product&#038;p=1122"},"modified":"2025-07-07T04:27:41","modified_gmt":"2025-07-07T02:27:41","slug":"ruffwear-treat-trader-blue-pool","status":"publish","type":"product","link":"https:\/\/centrumdyrehandel.dk\/?product=ruffwear-treat-trader-blue-pool","title":{"rendered":"RUFFWEAR TREAT TRADER, BLUE POOL"},"content":{"rendered":"<p>Ruffwear Treat Trader tasken er en fantastisk godbidstaske til hverdagsbrug og p\u00e5 tr\u00e6ningspladsen.<br \/>\nDen er med clips, s\u00e5 du kan fastg\u00f8re den i din bukselinning eller b\u00e6lte.<br \/>\nDer medf\u00f8lger ogs\u00e5 et b\u00e6lte til tasken, s\u00e5 du kan have den om livet.<br \/>\nTasken er fleksibel, og det er tanken, at du skal tilpasse den til dig selv.<br \/>\nDet betyder, at du kan b\u00f8je den forsigtigt, s\u00e5 den kommer til at sidde godt til om livet p\u00e5 dig.<\/p>\n<p>Ruffwear Treat Trader kan nemt \u00e5bens med \u00e9n h\u00e5nd. Lukkemekanismen er magnet, og der en lille strop til at tr\u00e6kke den i \u00e5ben position.<br \/>\nN\u00e5r den skal lukkes, giver du den blot et lille skub.<br \/>\nForan p\u00e5 tasken er der en lynl\u00e5slomme, hvor du nemt kan opbevare f.eks. h\u00f8m h\u00f8m poser eller en n\u00f8gle.<\/p>\n<p>Det tilh\u00f8rende b\u00e6lte kan justeres fra 77-134cm.<\/p>\n","protected":false},"excerpt":{"rendered":"<p>Ruffwear Treat Trader tasken er en fantastisk godbidstaske til hverdagsbrug og p\u00e5 tr\u00e6ningspladsen. Den er med clips, s\u00e5 du kan fastg\u00f8re den i din bukselinning eller b\u00e6lte. Der medf\u00f8lger ogs\u00e5 et b\u00e6lte til tasken, s\u00e5 du kan have den om livet. Tasken er fleksibel, og det er tanken, at du skal tilpasse den til dig [&hellip;]<\/p>\n","protected":false},"featured_media":1128,"comment_status":"closed","ping_status":"closed","template":"","meta":{"ocean_post_layout":"","ocean_both_sidebars_style":"","ocean_both_sidebars_content_width":0,"ocean_both_sidebars_sidebars_width":0,"ocean_sidebar":"0","ocean_second_sidebar":"0","ocean_disable_margins":"enable","ocean_add_body_class":"","ocean_shortcode_before_top_bar":"","ocean_shortcode_after_top_bar":"","ocean_shortcode_before_header":"","ocean_shortcode_after_header":"","ocean_has_shortcode":"","ocean_shortcode_after_title":"","ocean_shortcode_before_footer_widgets":"","ocean_shortcode_after_footer_widgets":"","ocean_shortcode_before_footer_bottom":"","ocean_shortcode_after_footer_bottom":"","ocean_display_top_bar":"default","ocean_display_header":"default","ocean_header_style":"","ocean_center_header_left_menu":"0","ocean_custom_header_template":"0","ocean_custom_logo":0,"ocean_custom_retina_logo":0,"ocean_custom_logo_max_width":0,"ocean_custom_logo_tablet_max_width":0,"ocean_custom_logo_mobile_max_width":0,"ocean_custom_logo_max_height":0,"ocean_custom_logo_tablet_max_height":0,"ocean_custom_logo_mobile_max_height":0,"ocean_header_custom_menu":"0","ocean_menu_typo_font_family":"0","ocean_menu_typo_font_subset":"","ocean_menu_typo_font_size":0,"ocean_menu_typo_font_size_tablet":0,"ocean_menu_typo_font_size_mobile":0,"ocean_menu_typo_font_size_unit":"px","ocean_menu_typo_font_weight":"","ocean_menu_typo_font_weight_tablet":"","ocean_menu_typo_font_weight_mobile":"","ocean_menu_typo_transform":"","ocean_menu_typo_transform_tablet":"","ocean_menu_typo_transform_mobile":"","ocean_menu_typo_line_height":0,"ocean_menu_typo_line_height_tablet":0,"ocean_menu_typo_line_height_mobile":0,"ocean_menu_typo_line_height_unit":"","ocean_menu_typo_spacing":0,"ocean_menu_typo_spacing_tablet":0,"ocean_menu_typo_spacing_mobile":0,"ocean_menu_typo_spacing_unit":"","ocean_menu_link_color":"","ocean_menu_link_color_hover":"","ocean_menu_link_color_active":"","ocean_menu_link_background":"","ocean_menu_link_hover_background":"","ocean_menu_link_active_background":"","ocean_menu_social_links_bg":"","ocean_menu_social_hover_links_bg":"","ocean_menu_social_links_color":"","ocean_menu_social_hover_links_color":"","ocean_disable_title":"default","ocean_disable_heading":"default","ocean_post_title":"","ocean_post_subheading":"","ocean_post_title_style":"","ocean_post_title_background_color":"","ocean_post_title_background":0,"ocean_post_title_bg_image_position":"","ocean_post_title_bg_image_attachment":"","ocean_post_title_bg_image_repeat":"","ocean_post_title_bg_image_size":"","ocean_post_title_height":0,"ocean_post_title_bg_overlay":0.5,"ocean_post_title_bg_overlay_color":"","ocean_disable_breadcrumbs":"default","ocean_breadcrumbs_color":"","ocean_breadcrumbs_separator_color":"","ocean_breadcrumbs_links_color":"","ocean_breadcrumbs_links_hover_color":"","ocean_display_footer_widgets":"default","ocean_display_footer_bottom":"default","ocean_custom_footer_template":"0"},"product_brand":[],"product_cat":[60,31,16],"product_tag":[],"class_list":{"0":"post-1122","1":"product","2":"type-product","3":"status-publish","4":"has-post-thumbnail","6":"product_cat-godbidstasker","7":"product_cat-beklaedning","8":"product_cat-hund","10":"entry","11":"has-media","13":"first","14":"outofstock","15":"taxable","16":"shipping-taxable","17":"purchasable","18":"product-type-simple","19":"has-product-nav","20":"col","21":"span_1_of_3","22":"owp-content-center","23":"owp-thumbs-layout-horizontal","24":"owp-btn-normal","25":"owp-tabs-layout-horizontal","27":"circle-sale"},"supplier_id":null,"supplier_sku":"","barcode":null,"atum_controlled":true,"out_stock_date":"2025-07-07 04:27:41","out_stock_threshold":null,"inheritable":false,"inbound_stock":0,"stock_on_hold":0,"sold_today":0,"sales_last_days":0,"reserved_stock":0,"customer_returns":0,"warehouse_damage":0,"lost_in_post":0,"other_logs":0,"out_stock_days":311,"lost_sales":0,"has_location":false,"update_date":"2026-05-14T05:39:32","atum_locations":[],"atum_stock_status":"outofstock","restock_status":false,"low_stock_amount":"","sales_update_date":"2026-05-14T05:39:32","calc_backorders":null,"_links":{"self":[{"href":"https:\/\/centrumdyrehandel.dk\/index.php?rest_route=\/wp\/v2\/product\/1122","targetHints":{"allow":["GET"]}}],"collection":[{"href":"https:\/\/centrumdyrehandel.dk\/index.php?rest_route=\/wp\/v2\/product"}],"about":[{"href":"https:\/\/centrumdyrehandel.dk\/index.php?rest_route=\/wp\/v2\/types\/product"}],"replies":[{"embeddable":true,"href":"https:\/\/centrumdyrehandel.dk\/index.php?rest_route=%2Fwp%2Fv2%2Fcomments&post=1122"}],"wp:featuredmedia":[{"embeddable":true,"href":"https:\/\/centrumdyrehandel.dk\/index.php?rest_route=\/wp\/v2\/media\/1128"}],"wp:attachment":[{"href":"https:\/\/centrumdyrehandel.dk\/index.php?rest_route=%2Fwp%2Fv2%2Fmedia&parent=1122"}],"wp:term":[{"taxonomy":"product_brand","embeddable":true,"href":"https:\/\/centrumdyrehandel.dk\/index.php?rest_route=%2Fwp%2Fv2%2Fproduct_brand&post=1122"},{"taxonomy":"product_cat","embeddable":true,"href":"https:\/\/centrumdyrehandel.dk\/index.php?rest_route=%2Fwp%2Fv2%2Fproduct_cat&post=1122"},{"taxonomy":"product_tag","embeddable":true,"href":"https:\/\/centrumdyrehandel.dk\/index.php?rest_route=%2Fwp%2Fv2%2Fproduct_tag&post=1122"}],"curies":[{"name":"wp","href":"https:\/\/api.w.org\/{rel}","templated":true}]}}